{"id":55,"date":"2018-08-22T15:06:43","date_gmt":"2018-08-22T15:06:43","guid":{"rendered":"http:\/\/oeltech.com\/?post_type=product&#038;p=55"},"modified":"2025-10-09T15:12:39","modified_gmt":"2025-10-09T15:12:39","slug":"oelpresse_fx40","status":"publish","type":"product","link":"https:\/\/oeltech.com\/es\/product\/oelpresse_fx40\/","title":{"rendered":"Prensa de aceite FX40"},"content":{"rendered":"<p>Lieferumfang der Presse: Komplette \u00d6lpresse inklusive Presskopfheizung und einer Pressschnecke, verschiedene Pressd\u00fcsen f\u00fcr unterschiedliche \u00d6lsaaten, Werkzeuge, Trichter, Edelstahl\u00f6lablaufwanne, elektr. Schaltanlage (anschlussfertig). Die Presse ist direkt anschluss- und startbereit. Mit der elektrischen \u00d6lpresse FX40 k\u00f6nnen bis zu 40 kg\/h an Rohmaterial verarbeitet werden. Die Auslauftemperatur der meisten \u00d6le liegt im Idealfall bei 36\u00b0C \u2013 40\u00b0C.<\/p>\n<p>Die Pflanzen\u00f6lpresse \u00fcberzeugt durch ihr einfaches Handling, ihrer robusten Bauart und ist mit modernster Technik ausgestattet. Die integrierte Presskopfheizung sorgt f\u00fcr h\u00f6chste Ausbeute und die digitale Temperatur\u00fcberwachung f\u00fcr eine sorgenlose Pressung und gleichbleibend hohe \u00d6lqualit\u00e4t.<\/p>\n<p>Material: Alle Bauteile mit denen das Rohmaterial oder \u00d6l in Kontakt treten sind aus rostfreiem Edelstahl. Die Schnecke ist aus Edelstahl gefertigt und wird zudem in einem Hochleistungs-Vakuum-Ofen geh\u00e4rtet.<\/p>\n<p>Welche Saaten sind zum Pressen geeignet?<br \/>\nDie \u00d6lpresse ist vorgesehen zum Pressen von: Sonnenblumenkerne, Raps, Mohn, Waln\u00fcsse, Haseln\u00fcsse, Erdn\u00fcsse, Mandeln, Macadamia, K\u00fcrbiskerne, Leinsamen, Sesamsamen, Kreuzk\u00fcmmel, Schwarzk\u00fcmmel und Hanfsamen, Soja, Distel, Granatapfelkerne, Aprikosenkerne, Borretschsamen, Senf, Leindotter, Saflor, Gummisamen, Moringa, Apfelkerne, Baumwollkerne, Argan, Kaffeebohnen, Inka-Erdnuss Sacha Inchi, Neem, Shea, Muskatnuss, Dattelkerne, Himbeer- und Erdbeerkerne, Zitronenkerne, Amarant, Avocadokerne, Nachtkerzensamen und noch vielen anderen \u00d6lsaaten. Gesch\u00e4lte Sonnenblumenkerne und K\u00fcrbiskerne k\u00f6nnen nicht direkt gepresst werden, hier ben\u00f6tigt es einen Zusatz von 30% der Kerne mit Schale. Einige der Rohmaterialien m\u00fcssen aufgrund ihrer Gr\u00f6sse vorher zerkleinert werden. Wir testen vorab gerne ob Ihre Rohstoffe zum Pressen geeignet sind und welche Ausbeute Sie erwarten k\u00f6nnen. Schreiben Sie uns einfach eine E-Mail. Wir haben schon \u00fcber 100 Rohmaterialien getestet und f\u00fcr die meisten Rohstoffe ist die Presse geeignet.<\/p>\n<p>Wir liefern die \u00d6lpresse mit einer Pressschnecke. Die verschiedenen Pressschnecken unterscheiden sich in Ihrer Geometrie und in der F\u00f6rdermenge an Material hin zur Pressd\u00fcse. Hierzu haben wir folgende Optionen:<\/p>\n<p><strong>1. Schnecke mit Flachkanal<\/strong> f\u00fcr \u00d6lsaaten mit hoher H\u00e4rte, wie zum Beispiel Traubenkerne oder Granatapfelkerne, aber auch Lein- und Hanfsamen<\/p>\n<p><strong>2. Schnecke in Standard-Ausf\u00fchrung<\/strong> mit der die meisten \u00d6lsaaten gepresst werden<\/p>\n<p><strong>3. Schnecke mit Tiefkanal f\u00fcr N\u00fcsse <\/strong>wie zum Beispiel Waln\u00fcsse, Haseln\u00fcsse, Mandeln, Erdn\u00fcsse<\/p>\n<p>Lieferumfang der Presse: Komplette \u00d6lpresse inklusive Presskopfheizung und einer Pressschnecke, verschiedene Pressd\u00fcsen f\u00fcr unterschiedliche \u00d6lsaaten, Werkzeuge, Trichter, Edelstahl\u00f6lablaufwanne, elektr. Schaltanlage (anschlussfertig). Die Presse ist direkt anschluss- und startbereit.<\/p>\n<p>Unsere \u00d6lpresse ist sehr robust gebaut, der direkte Antrieb der Pressschnecke sorgt f\u00fcr einen energieeffizienten Betrieb und l\u00e4sst sich auch im 24 Stunden Dauerbetrieb ohne Probleme betreiben. Alle Elektronikkomponenten sind in das Geh\u00e4use eingebaut und spritzwassergesch\u00fctzt.<\/p>\n<p>Ebenfalls bieten wir f\u00fcr Hersteller von Rohkost-\u00d6len eine optionale Wasserk\u00fchlung f\u00fcr die \u00d6lm\u00fchle an, welche den Presszylinder abk\u00fchlt und damit sicherstellt das die Temperatur so niedrig wie m\u00f6glich gehalten wird und dies mit einer automatischen Temperatur\u00fcberwachung sicherstellt. Dabei wird die gew\u00fcnschte \u00d6ltemperatur von 37\u00b0C in keinem Fall \u00fcberschritten und sogar weit unterschritten. Bitte fragen Sie uns hier direkt an.<\/p>\n<p>Kommen Sie gerne bei uns vorbei und schauen sich die Kalt\u00f6lpresse vor Ort an. Wir beraten Sie gerne bei Ihrem Vorhaben, planen f\u00fcr Sie gerne weiteres Equipment um die Oelpresse herum und stehen Ihnen auch nach dem Kauf jederzeit mit Rat und Tat zur Verf\u00fcgung.<\/p>\n<p>&nbsp;<\/p>","protected":false},"excerpt":{"rendered":"<p>Motorleistung: 2,2 kW<\/p>\n<p>Stromanschluss: 400 V<\/p>\n<p>Verarbeitungsleistung: bis zu 40 kg \/ h<\/p>\n<p>Hoher Bedienkomfort durch digitale Temperatur- und Geschwindigkeitsregelung<\/p>\n<p>Inklusive integrierte Presskopfheizung mit einer Leistung von 800 W<\/p>\n<p>Incluye un juego de boquillas compuesto por 9 boquillas y 2 accesorios de boquillas para ajustar el di\u00e1metro de la torta de prensado<\/p>\n<p>Prensa de tornillo especialmente endurecida para su uso a largo plazo, que incluso cumple con las altas exigencias de la industria farmac\u00e9utica<\/p>\n<p>Partes en contacto con el producto de acero inoxidable especialmente procesado<\/p>\n<p>Alta eficiencia energ\u00e9tica gracias al accionamiento mediante engranajes rectos<\/p>\n<p>Funcionamiento extremadamente suave gracias a la unidad de rodamiento axial y radial entre el reductor y las unidades de prensado<\/p>\n<p>Todas las piezas de la m\u00e1quina se pueden limpiar de forma r\u00e1pida y \u00f3ptima (por ejemplo, en el lavavajillas o con agua caliente y agua jabonosa)<\/p>\n<p>&nbsp;<\/p>\n<p>&nbsp;<\/p>","protected":false},"featured_media":3142,"comment_status":"open","ping_status":"closed","template":"","meta":[],"product_cat":[232],"product_tag":[],"yoast_head":"<!-- This site is optimized with the Yoast SEO Premium plugin v21.9 (Yoast SEO v21.9.1) - https:\/\/yoast.com\/wordpress\/plugins\/seo\/ -->\n<title>\u00d6lpresse kaufen: Qualit\u00e4t f\u00fcr Landwirtschaft &amp; \u00d6lmanufakturen<\/title>\n<meta name=\"description\" content=\"Entdecken Sie die \u00d6lpresse FX40. Ideal f\u00fcr hochwertige kaltgepresste \u00d6le. Einfach und robust konstruiert f\u00fcr \u00fcberzeugende Resultate.\" \/>\n<meta name=\"robots\" content=\"index, follow, max-snippet:-1, max-image-preview:large, max-video-preview:-1\" \/>\n<link rel=\"canonical\" href=\"https:\/\/oeltech.com\/es\/product\/oelpresse_fx40\/\" \/>\n<meta property=\"og:locale\" content=\"es_ES\" \/>\n<meta property=\"og:type\" content=\"article\" \/>\n<meta property=\"og:title\" content=\"\u00d6lpresse FX40\" \/>\n<meta property=\"og:description\" content=\"Entdecken Sie die \u00d6lpresse FX40. Ideal f\u00fcr hochwertige kaltgepresste \u00d6le. Einfach und robust konstruiert f\u00fcr \u00fcberzeugende Resultate.\" \/>\n<meta property=\"og:url\" content=\"https:\/\/oeltech.com\/es\/product\/oelpresse_fx40\/\" \/>\n<meta property=\"og:site_name\" content=\"Oeltech Maschinenbau M\u00fcnchen\" \/>\n<meta property=\"article:modified_time\" content=\"2025-10-09T15:12:39+00:00\" \/>\n<meta property=\"og:image\" content=\"https:\/\/oeltech.com\/wp-content\/uploads\/2018\/08\/schneckenpresse-fx40-oeltech.jpg\" \/>\n\t<meta property=\"og:image:width\" content=\"1138\" \/>\n\t<meta property=\"og:image:height\" content=\"680\" \/>\n\t<meta property=\"og:image:type\" content=\"image\/jpeg\" \/>\n<meta name=\"twitter:card\" content=\"summary_large_image\" \/>\n<meta name=\"twitter:label1\" content=\"Tiempo de lectura\" \/>\n\t<meta name=\"twitter:data1\" content=\"3 minutos\" \/>\n<script type=\"application\/ld+json\" class=\"yoast-schema-graph\">{\"@context\":\"https:\/\/schema.org\",\"@graph\":[{\"@type\":\"WebPage\",\"@id\":\"https:\/\/oeltech.com\/product\/oelpresse_fx40\/\",\"url\":\"https:\/\/oeltech.com\/product\/oelpresse_fx40\/\",\"name\":\"\u00d6lpresse kaufen: Qualit\u00e4t f\u00fcr Landwirtschaft & \u00d6lmanufakturen\",\"isPartOf\":{\"@id\":\"https:\/\/oeltech.com\/#website\"},\"datePublished\":\"2018-08-22T15:06:43+00:00\",\"dateModified\":\"2025-10-09T15:12:39+00:00\",\"description\":\"Entdecken Sie die \u00d6lpresse FX40. Ideal f\u00fcr hochwertige kaltgepresste \u00d6le. Einfach und robust konstruiert f\u00fcr \u00fcberzeugende Resultate.\",\"breadcrumb\":{\"@id\":\"https:\/\/oeltech.com\/product\/oelpresse_fx40\/#breadcrumb\"},\"inLanguage\":\"es\",\"potentialAction\":[{\"@type\":\"ReadAction\",\"target\":[\"https:\/\/oeltech.com\/product\/oelpresse_fx40\/\"]}]},{\"@type\":\"BreadcrumbList\",\"@id\":\"https:\/\/oeltech.com\/product\/oelpresse_fx40\/#breadcrumb\",\"itemListElement\":[{\"@type\":\"ListItem\",\"position\":1,\"name\":\"Startseite\",\"item\":\"https:\/\/oeltech.com\/\"},{\"@type\":\"ListItem\",\"position\":2,\"name\":\"Shop\",\"item\":\"https:\/\/oeltech.com\/shop\/\"},{\"@type\":\"ListItem\",\"position\":3,\"name\":\"\u00d6lpresse FX40\"}]},{\"@type\":\"WebSite\",\"@id\":\"https:\/\/oeltech.com\/#website\",\"url\":\"https:\/\/oeltech.com\/\",\"name\":\"Oeltech Maschinenbau M\u00fcnchen\",\"description\":\"\u00d6lpresse oder \u00d6lm\u00fchle online kaufen\",\"publisher\":{\"@id\":\"https:\/\/oeltech.com\/#organization\"},\"potentialAction\":[{\"@type\":\"SearchAction\",\"target\":{\"@type\":\"EntryPoint\",\"urlTemplate\":\"https:\/\/oeltech.com\/?s={search_term_string}\"},\"query-input\":\"required name=search_term_string\"}],\"inLanguage\":\"es\"},{\"@type\":\"Organization\",\"@id\":\"https:\/\/oeltech.com\/#organization\",\"name\":\"Oeltech Maschinenbau - Profi \u00d6lpresse kaufen \/\/ Maschinenbau aus M\u00fcnchen\",\"url\":\"https:\/\/oeltech.com\/\",\"logo\":{\"@type\":\"ImageObject\",\"inLanguage\":\"es\",\"@id\":\"https:\/\/oeltech.com\/#\/schema\/logo\/image\/\",\"url\":\"https:\/\/oeltech.com\/wp-content\/uploads\/2019\/05\/logo-oeltech-klein-1.png\",\"contentUrl\":\"https:\/\/oeltech.com\/wp-content\/uploads\/2019\/05\/logo-oeltech-klein-1.png\",\"width\":115,\"height\":39,\"caption\":\"Oeltech Maschinenbau - Profi \u00d6lpresse kaufen \/\/ Maschinenbau aus M\u00fcnchen\"},\"image\":{\"@id\":\"https:\/\/oeltech.com\/#\/schema\/logo\/image\/\"}}]}<\/script>\n<!-- \/ Yoast SEO Premium plugin. -->","yoast_head_json":{"title":"\u00d6lpresse kaufen: Qualit\u00e4t f\u00fcr Landwirtschaft & \u00d6lmanufakturen","description":"Entdecken Sie die \u00d6lpresse FX40. Ideal f\u00fcr hochwertige kaltgepresste \u00d6le. Einfach und robust konstruiert f\u00fcr \u00fcberzeugende Resultate.","robots":{"index":"index","follow":"follow","max-snippet":"max-snippet:-1","max-image-preview":"max-image-preview:large","max-video-preview":"max-video-preview:-1"},"canonical":"https:\/\/oeltech.com\/es\/product\/oelpresse_fx40\/","og_locale":"es_ES","og_type":"article","og_title":"\u00d6lpresse FX40","og_description":"Entdecken Sie die \u00d6lpresse FX40. Ideal f\u00fcr hochwertige kaltgepresste \u00d6le. Einfach und robust konstruiert f\u00fcr \u00fcberzeugende Resultate.","og_url":"https:\/\/oeltech.com\/es\/product\/oelpresse_fx40\/","og_site_name":"Oeltech Maschinenbau M\u00fcnchen","article_modified_time":"2025-10-09T15:12:39+00:00","og_image":[{"width":1138,"height":680,"url":"https:\/\/oeltech.com\/wp-content\/uploads\/2018\/08\/schneckenpresse-fx40-oeltech.jpg","type":"image\/jpeg"}],"twitter_card":"summary_large_image","twitter_misc":{"Tiempo de lectura":"3 minutos"},"schema":{"@context":"https:\/\/schema.org","@graph":[{"@type":"WebPage","@id":"https:\/\/oeltech.com\/product\/oelpresse_fx40\/","url":"https:\/\/oeltech.com\/product\/oelpresse_fx40\/","name":"\u00d6lpresse kaufen: Qualit\u00e4t f\u00fcr Landwirtschaft & \u00d6lmanufakturen","isPartOf":{"@id":"https:\/\/oeltech.com\/#website"},"datePublished":"2018-08-22T15:06:43+00:00","dateModified":"2025-10-09T15:12:39+00:00","description":"Entdecken Sie die \u00d6lpresse FX40. Ideal f\u00fcr hochwertige kaltgepresste \u00d6le. Einfach und robust konstruiert f\u00fcr \u00fcberzeugende Resultate.","breadcrumb":{"@id":"https:\/\/oeltech.com\/product\/oelpresse_fx40\/#breadcrumb"},"inLanguage":"es","potentialAction":[{"@type":"ReadAction","target":["https:\/\/oeltech.com\/product\/oelpresse_fx40\/"]}]},{"@type":"BreadcrumbList","@id":"https:\/\/oeltech.com\/product\/oelpresse_fx40\/#breadcrumb","itemListElement":[{"@type":"ListItem","position":1,"name":"Startseite","item":"https:\/\/oeltech.com\/"},{"@type":"ListItem","position":2,"name":"Shop","item":"https:\/\/oeltech.com\/shop\/"},{"@type":"ListItem","position":3,"name":"\u00d6lpresse FX40"}]},{"@type":"WebSite","@id":"https:\/\/oeltech.com\/#website","url":"https:\/\/oeltech.com\/","name":"Oeltech Maschinenbau M\u00fcnchen","description":"\u00d6lpresse oder \u00d6lm\u00fchle online kaufen","publisher":{"@id":"https:\/\/oeltech.com\/#organization"},"potentialAction":[{"@type":"SearchAction","target":{"@type":"EntryPoint","urlTemplate":"https:\/\/oeltech.com\/?s={search_term_string}"},"query-input":"required name=search_term_string"}],"inLanguage":"es"},{"@type":"Organization","@id":"https:\/\/oeltech.com\/#organization","name":"Oeltech Maschinenbau - Profi \u00d6lpresse kaufen \/\/ Maschinenbau aus M\u00fcnchen","url":"https:\/\/oeltech.com\/","logo":{"@type":"ImageObject","inLanguage":"es","@id":"https:\/\/oeltech.com\/#\/schema\/logo\/image\/","url":"https:\/\/oeltech.com\/wp-content\/uploads\/2019\/05\/logo-oeltech-klein-1.png","contentUrl":"https:\/\/oeltech.com\/wp-content\/uploads\/2019\/05\/logo-oeltech-klein-1.png","width":115,"height":39,"caption":"Oeltech Maschinenbau - Profi \u00d6lpresse kaufen \/\/ Maschinenbau aus M\u00fcnchen"},"image":{"@id":"https:\/\/oeltech.com\/#\/schema\/logo\/image\/"}}]}},"_links":{"self":[{"href":"https:\/\/oeltech.com\/es\/wp-json\/wp\/v2\/product\/55"}],"collection":[{"href":"https:\/\/oeltech.com\/es\/wp-json\/wp\/v2\/product"}],"about":[{"href":"https:\/\/oeltech.com\/es\/wp-json\/wp\/v2\/types\/product"}],"replies":[{"embeddable":true,"href":"https:\/\/oeltech.com\/es\/wp-json\/wp\/v2\/comments?post=55"}],"wp:featuredmedia":[{"embeddable":true,"href":"https:\/\/oeltech.com\/es\/wp-json\/wp\/v2\/media\/3142"}],"wp:attachment":[{"href":"https:\/\/oeltech.com\/es\/wp-json\/wp\/v2\/media?parent=55"}],"wp:term":[{"taxonomy":"product_cat","embeddable":true,"href":"https:\/\/oeltech.com\/es\/wp-json\/wp\/v2\/product_cat?post=55"},{"taxonomy":"product_tag","embeddable":true,"href":"https:\/\/oeltech.com\/es\/wp-json\/wp\/v2\/product_tag?post=55"}],"curies":[{"name":"wp","href":"https:\/\/api.w.org\/{rel}","templated":true}]}}