{"id":41,"date":"2018-08-22T09:49:49","date_gmt":"2018-08-22T09:49:49","guid":{"rendered":"http:\/\/oeltech.com\/?post_type=product&#038;p=41"},"modified":"2026-03-07T17:45:44","modified_gmt":"2026-03-07T17:45:44","slug":"oelpresse_fx20","status":"publish","type":"product","link":"https:\/\/oeltech.com\/es\/product\/prensa-de-aceite-fx20\/","title":{"rendered":"Prensa de aceite FX20"},"content":{"rendered":"<div id=\"tab-description\" class=\"panel entry-content active\">\n<p>Nuestra prensa de aceite todoterreno con un potente motor y suficiente potencia de procesamiento con hasta 20 kg por hora. Esta prensa de aceite es la soluci\u00f3n ideal para tiendas agr\u00edcolas, granjas, restaurantes, laboratorios y fabricantes de cosm\u00e9ticos y hace que sea muy f\u00e1cil comenzar con el prensado de aceite.<\/p>\n<h2><span style=\"font-size: 16px;\">\u00bfQu\u00e9 puede hacer esta prensa de aceite?<\/span><\/h2>\n<\/div>\n<p>De hecho todo. Incluso las semillas m\u00e1s duras se presionan con facilidad. Puede encontrar un enlace a nuestra lista de semillas aqu\u00ed: <a href=\"https:\/\/oeltech.com\/wp-content\/uploads\/2018\/08\/Saatenliste-Oeltech-Maschinenbau-Stand-April-2019.pdf\"><span style=\"background-color: #ffffff; color: #000000;\">Saatenliste Oeltech Maschinenbau &#8211; Stand April 2019<\/span><\/a><\/p>\n<h2><span style=\"font-size: 16px;\">\u00bfDe qu\u00e9 material est\u00e1 hecha la almazara?<\/span><\/h2>\n<p>Todos los componentes en contacto con el producto est\u00e1n hechos de acero inoxidable endurecido. La carcasa azul de acero sirve como armario de control y en ella se encuentran todos los componentes de control el\u00e9ctrico.<\/p>\n<h2><span style=\"font-size: 16px;\">\u00bfQu\u00e9 distingue a esta almazara?<\/span><\/h2>\n<p>La mano de obra robusta de esta prensa de aceite es valorada por nuestros clientes en todo el mundo y es extremadamente popular. El aceite prensado en nuestras prensas de aceite se caracteriza por una temperatura extremadamente baja, que idealmente no supera los 36 \u00b0 C - 40 \u00b0 C y es posible gracias a la forma especial de la unidad de prensado. Debido al dise\u00f1o de eficiencia energ\u00e9tica, el consumo de energ\u00eda de esta prensa de aceite no supera los 450 vatios incluso bajo carga m\u00e1xima.<\/p>\n<h2><span style=\"font-size: 16px;\">\u00bfCu\u00e1les son las ventajas del dise\u00f1o lineal de la prensa de aceite?<\/span><\/h2>\n<p>El dise\u00f1o lineal de esta prensa de aceite ofrece una alta eficiencia energ\u00e9tica (m\u00e1x. 450 W a carga m\u00e1xima) y una larga durabilidad de las piezas (reductor, motor el\u00e9ctrico, unidad de prensado). Nuestra unidad de rodamiento axial y radial excepcionalmente grande entre la unidad de engranaje y la unidad de prensa tambi\u00e9n permite un funcionamiento extremadamente suave y una estabilidad a largo plazo que es insuperable.<\/p>\n<h2><span style=\"font-size: 16px;\">Sind Probepressungen m\u00f6glich?<\/span><\/h2>\n<p>Ahora trabajamos con muchas universidades, laboratorios e instituciones de investigaci\u00f3n de todo el mundo y tambi\u00e9n somos miembros de varias redes de investigaci\u00f3n. Por lo tanto, nos complace ofrecer impresiones de prueba y crear informes de an\u00e1lisis detallados para ellos.<\/p>\n<h2><span style=\"font-size: 16px;\">Ist eine Wasserk\u00fchlung der \u00d6lpresse notwendig?<\/span><\/h2>\n<p>Todos los aceites prensados \u200b\u200bcon esta prensa de aceite se pueden llamar aceites prensados \u200b\u200ben fr\u00edo. La calidad de estos aceites puede describirse como sobresaliente e insuperable. El enfriamiento por agua a\u00fan puede ser necesario si desea reducir la temperatura de salida del aceite por debajo de 36 \u00b0 C. En este caso, nos complace ofrecer un enfriamiento por agua opcional como una extensi\u00f3n.<\/p>\n<h2><span style=\"font-size: 16px;\">Welche Einstellm\u00f6glichkeiten sind an der \u00d6lpresse m\u00f6glich?<\/span><\/h2>\n<ol>\n<li>Der Pressspalt zwischen Pressschnecke und Pressstern (Idealeinstellung: 1,5 Umdrehungen)<\/li>\n<li>Die Temperatur der Presskopfheizung (Idealeinstellung im Handbuch, abh\u00e4ngig von der \u00d6lsaat)<\/li>\n<li>Den Durchmesser der Pressd\u00fcse (Idealeinstellung im Handbuch, abh\u00e4ngig von der \u00d6lsaat)<\/li>\n<li>Die Geschwindigkeit der \u00d6lpresse (Idealeinstellung im Handbuch, abh\u00e4ngig von \u00d6lsaat)<\/li>\n<\/ol>\n<h2><span style=\"font-size: 16px;\">Wie lange dauert die Reinigung der \u00d6lpresse?<\/span><\/h2>\n<p>F\u00fcr die Reinigung sollten Sie ca. 5 &#8211; 10 Minuten einplanen. Die Teile der \u00d6lpresse werden auseinander gebaut und k\u00f6nnen leicht gereinigt werden.\u00a0 Ebenfalls k\u00f6nnen die Teile \u00d6lpresse auch in die Sp\u00fclmaschine gegeben werden, allerdings ist hierbei ein aggresives Sp\u00fclmittel mit Tensiden zu vermeiden.<\/p>\n<h2><span style=\"font-size: 16px;\">Welche Menge kann mit dieser \u00d6lpresse gepresst werden?<\/span><\/h2>\n<p>Die maximale Leistung liegt bei dieser \u00d6lpresse bei 20 kg pro Stunde. Dies ist zum Beispiel bei Raps oder Sonnenblumenkernen der Fall. Allerdings ist die h\u00f6chste Drehzahl nicht unbedingt zu empfehlen, da es hierbei zu erh\u00f6hter Reibungsw\u00e4rme f\u00fchrt die nicht ausreichend abgef\u00fchrt werden kann. Die Idealeinstellung liegt in einem Bereich von 50 &#8211; 80% der maximalen Drehzahl.\u00a0 Bei weichen oder sehr \u00f6lhaltigen Saaten liegt die Durchlaufmenge niedriger (ca. 10 &#8211; 15 kg) um die bestm\u00f6gliche Ausbeute zu erhalten. H\u00e4rtere Kerne oder \u00d6lsaaten sollten ebenfalls bei niedrigerer Umdrehungsgeschwindigkeit gepresst werden, um die maximale Ausbeute gew\u00e4hren zu k\u00f6nnen. Alle Informationen hierf\u00fcr halten wir in unserer Bedienungsanleitung bereit.<\/p>\n<h2><span style=\"font-size: 16px;\">Welches <a href=\"https:\/\/oeltech.com\/es\/zubehoer-einer-oelpresse\/\">Zubeh\u00f6r<\/a> ist zu dieser \u00d6lpresse erh\u00e4ltlich?<\/span><\/h2>\n<p>Die \u00d6lpresse wird anschluss- und steckerfertig geliefert. Zur Erstausstattung z\u00e4hlen meist Edelstahlbeh\u00e4lter zur Aufbewahrung des \u00d6ls und Flaschen zum Abf\u00fcllen des \u00d6ls. Eine Filtration des \u00d6ls ist nicht notwendig, da es in den meisten F\u00e4llen ausreichend ist das \u00d6l in Edelstahlbeh\u00e4ltern durch Sedimentation der Trubstoffe zu kl\u00e4ren. Zur Pressung von Waln\u00fcssen bieten wir einen speziellen Trichter mit elektrischem R\u00fchrwerk an, da Waln\u00fcsse gerne im Trichter steckenbleiben. Wir bieten zudem die M\u00f6glichkeit einer Wasserk\u00fchlung an, um die \u00d6ltemperatur auf unter 36\u00b0C zu senken. F\u00fcr einen langen Betrieb ohne Nachf\u00fcllen des Trichters bauen wir ein <a href=\"https:\/\/oeltech.com\/es\/produkt\/silosystem-247\/\">Silosystem<\/a>, damit die Versorgung der \u00d6lpresse gesichert ist. Ebenfalls bieten wir Pressschnecken mit verschiedenen Geometrien an.<\/p>\n<div id=\"tab-description\" class=\"panel entry-content active\">\n<h2><span style=\"font-size: 16px;\">Wozu dient die Presskopfheizung?<\/span><\/h2>\n<p>Die Presskopfheizung dient der Vorw\u00e4rmung der \u00d6lpresse vor dem Start des Pressvorgangs. Das Pressgut wird in der \u00d6lpresse auf einen sehr hohen Druck gepresst und gelangt als Pelletpresskuchen durch einen sehr engen D\u00fcsendurchmesser. Die Presskopfheizung hat die Aufgabe den Kompressionsprozess des Presskuchens zu unterst\u00fctzen und den Presskuchen geschmeidig zu machen. So gelangt der Presskuchen leichter wieder aus der \u00d6lpresse heraus. Die Presskopfheizung wird w\u00e4hrend des Pressvorgangs auf eine minimale Temperatur gestellt oder kann auch abgeschalten werden.<\/p>\n<h2><span style=\"font-size: 16px;\">Welche Auswahlm\u00f6glichkeiten habe ich bei dieser \u00d6lpresse?<\/span><\/h2>\n<p>Wir liefern die \u00d6lpresse mit einer Pressschnecke und Sie haben die M\u00f6glichkeit sich zwischen folgenden drei Schnecken zu entscheiden<\/p>\n<ol>\n<li>Schnecke mit Flachkanal f\u00fcr harte \u00d6lsaaten, wie zum Beispiel Granatapfel-, Trauben- oder Feigenkerne<\/li>\n<li>Schnecke in der Standard-Ausf\u00fchrung (diese liefern wir in 90% der Anwendungen mit der \u00d6lpresse mit)<\/li>\n<li>Schnecke mit tiefen Kanal f\u00fcr weiche und sehr \u00f6lhaltige Saaten oder N\u00fcsse, wie zum Beispiel Waln\u00fcsse, Haseln\u00fcsse, Mandeln oder Erdn\u00fcsse<\/li>\n<\/ol>\n<h2><span style=\"font-size: 16px;\">Ist die \u00d6lpresse FX20 geeignet f\u00fcr meine Bed\u00fcrfnisse in einer \u00d6lm\u00fchle?<\/span><strong><br \/>\n<\/strong><\/h2>\n<p>Mit der \u00d6lpresse FX20 k\u00f6nnen nahezu alle \u00d6lsaaten, N\u00fcsse und Kerne gepresst werden. Einige Einschr\u00e4nkungen gibt es hier mit Hagebuttenkerne und trockenen Kaktusfeigenkerne, die bei starker Trocknung exterm hart sind. Hierf\u00fcr haben wir eine st\u00e4rkere Motorisierung f\u00fcr die \u00d6lpresse mit 2.2 kW. Falls Sie auf der Suche nach einer \u00d6lpresse mit h\u00f6herem Durchsatz sind und Ihnen 20 kg pro Stunde nicht ausreichend sind, ist vielleicht unser Modell der <a href=\"https:\/\/oeltech.com\/es\/produkt\/oelpresse_fx40\/\">Prensa de aceite FX40<\/a> mit einer st\u00fcndlichen Verarbeitungsleistung von 40 kg\/h genau das Richtige f\u00fcr Sie.<\/p>\n<p>&nbsp;<\/p>\n<\/div>","protected":false},"excerpt":{"rendered":"<p>Potencia del motor: 1,5 kw<\/p>\n<p>Conexi\u00f3n el\u00e9ctrica: 230 V \/ 50 Hz; Tambi\u00e9n disponible en otros voltajes a petici\u00f3n.<\/p>\n<p>Capacidad de procesamiento: hasta 20 kg \/ h<\/p>\n<p>Incluye un juego de boquillas compuesto por 9 boquillas y 2 accesorios de boquillas para ajustar el di\u00e1metro de la torta de prensado<\/p>\n<p>Prensa de tornillo especialmente endurecida para su uso a largo plazo, que incluso cumple con las altas exigencias de la industria farmac\u00e9utica<\/p>\n<p>Partes en contacto con el producto de acero inoxidable especialmente procesado<\/p>\n<p>Alta eficiencia energ\u00e9tica gracias al accionamiento mediante engranajes rectos<\/p>\n<p>Funcionamiento extremadamente suave gracias a la unidad de rodamiento axial y radial entre el reductor y las unidades de prensado<\/p>\n<p>Todas las piezas de la m\u00e1quina se pueden limpiar de forma r\u00e1pida y \u00f3ptima (por ejemplo, en el lavavajillas o con agua caliente y agua jabonosa)<\/p>\n<p>&nbsp;<\/p>","protected":false},"featured_media":3127,"comment_status":"open","ping_status":"closed","template":"","meta":[],"product_cat":[232],"product_tag":[],"yoast_head":"<!-- This site is optimized with the Yoast SEO Premium plugin v21.9 (Yoast SEO v21.9.1) - https:\/\/yoast.com\/wordpress\/plugins\/seo\/ -->\n<title>Elektrische \u00d6lpresse f\u00fcr professionelle \u00d6lm\u00fchlen - 20 kg\/h<\/title>\n<meta name=\"description\" content=\"Elektrische \u00d6lpresse f\u00fcr professionelle \u00d6lm\u00fchlen und Landwirte, Leistung bis 20 kg\/h. Jetzt Ihre hochwertige \u00d6lpresse kaufen und selbst \u00d6le herstellen.\" \/>\n<meta name=\"robots\" content=\"index, follow, max-snippet:-1, max-image-preview:large, max-video-preview:-1\" \/>\n<link rel=\"canonical\" href=\"https:\/\/oeltech.com\/es\/product\/prensa-de-aceite-fx20\/\" \/>\n<meta property=\"og:locale\" content=\"es_ES\" \/>\n<meta property=\"og:type\" content=\"article\" \/>\n<meta property=\"og:title\" content=\"\u00d6lpresse FX20\" \/>\n<meta property=\"og:description\" content=\"Elektrische \u00d6lpresse f\u00fcr professionelle \u00d6lm\u00fchlen und Landwirte, Leistung bis 20 kg\/h. Jetzt Ihre hochwertige \u00d6lpresse kaufen und selbst \u00d6le herstellen.\" \/>\n<meta property=\"og:url\" content=\"https:\/\/oeltech.com\/es\/product\/prensa-de-aceite-fx20\/\" \/>\n<meta property=\"og:site_name\" content=\"Oeltech Maschinenbau M\u00fcnchen\" \/>\n<meta property=\"article:modified_time\" content=\"2026-03-07T17:45:44+00:00\" \/>\n<meta property=\"og:image\" content=\"https:\/\/oeltech.com\/wp-content\/uploads\/2018\/08\/Elektrische-\u00d6lpresse-Oilpress-Oilexpeller-Oeltech-Maschinenbau-Germany.jpg\" \/>\n\t<meta property=\"og:image:width\" content=\"1138\" \/>\n\t<meta property=\"og:image:height\" content=\"655\" \/>\n\t<meta property=\"og:image:type\" content=\"image\/jpeg\" \/>\n<meta name=\"twitter:card\" content=\"summary_large_image\" \/>\n<meta name=\"twitter:label1\" content=\"Tiempo de lectura\" \/>\n\t<meta name=\"twitter:data1\" content=\"5 minutos\" \/>\n<script type=\"application\/ld+json\" class=\"yoast-schema-graph\">{\"@context\":\"https:\/\/schema.org\",\"@graph\":[{\"@type\":\"WebPage\",\"@id\":\"https:\/\/oeltech.com\/product\/oelpresse_fx20\/\",\"url\":\"https:\/\/oeltech.com\/product\/oelpresse_fx20\/\",\"name\":\"Elektrische \u00d6lpresse f\u00fcr professionelle \u00d6lm\u00fchlen - 20 kg\/h\",\"isPartOf\":{\"@id\":\"https:\/\/oeltech.com\/#website\"},\"datePublished\":\"2018-08-22T09:49:49+00:00\",\"dateModified\":\"2026-03-07T17:45:44+00:00\",\"description\":\"Elektrische \u00d6lpresse f\u00fcr professionelle \u00d6lm\u00fchlen und Landwirte, Leistung bis 20 kg\/h. Jetzt Ihre hochwertige \u00d6lpresse kaufen und selbst \u00d6le herstellen.\",\"breadcrumb\":{\"@id\":\"https:\/\/oeltech.com\/product\/oelpresse_fx20\/#breadcrumb\"},\"inLanguage\":\"es\",\"potentialAction\":[{\"@type\":\"ReadAction\",\"target\":[\"https:\/\/oeltech.com\/product\/oelpresse_fx20\/\"]}]},{\"@type\":\"BreadcrumbList\",\"@id\":\"https:\/\/oeltech.com\/product\/oelpresse_fx20\/#breadcrumb\",\"itemListElement\":[{\"@type\":\"ListItem\",\"position\":1,\"name\":\"Startseite\",\"item\":\"https:\/\/oeltech.com\/\"},{\"@type\":\"ListItem\",\"position\":2,\"name\":\"Shop\",\"item\":\"https:\/\/oeltech.com\/shop\/\"},{\"@type\":\"ListItem\",\"position\":3,\"name\":\"\u00d6lpresse FX20\"}]},{\"@type\":\"WebSite\",\"@id\":\"https:\/\/oeltech.com\/#website\",\"url\":\"https:\/\/oeltech.com\/\",\"name\":\"Oeltech Maschinenbau M\u00fcnchen\",\"description\":\"\u00d6lpresse oder \u00d6lm\u00fchle online kaufen\",\"publisher\":{\"@id\":\"https:\/\/oeltech.com\/#organization\"},\"potentialAction\":[{\"@type\":\"SearchAction\",\"target\":{\"@type\":\"EntryPoint\",\"urlTemplate\":\"https:\/\/oeltech.com\/?s={search_term_string}\"},\"query-input\":\"required name=search_term_string\"}],\"inLanguage\":\"es\"},{\"@type\":\"Organization\",\"@id\":\"https:\/\/oeltech.com\/#organization\",\"name\":\"Oeltech Maschinenbau - Profi \u00d6lpresse kaufen \/\/ Maschinenbau aus M\u00fcnchen\",\"url\":\"https:\/\/oeltech.com\/\",\"logo\":{\"@type\":\"ImageObject\",\"inLanguage\":\"es\",\"@id\":\"https:\/\/oeltech.com\/#\/schema\/logo\/image\/\",\"url\":\"https:\/\/oeltech.com\/wp-content\/uploads\/2019\/05\/logo-oeltech-klein-1.png\",\"contentUrl\":\"https:\/\/oeltech.com\/wp-content\/uploads\/2019\/05\/logo-oeltech-klein-1.png\",\"width\":115,\"height\":39,\"caption\":\"Oeltech Maschinenbau - Profi \u00d6lpresse kaufen \/\/ Maschinenbau aus M\u00fcnchen\"},\"image\":{\"@id\":\"https:\/\/oeltech.com\/#\/schema\/logo\/image\/\"}}]}<\/script>\n<!-- \/ Yoast SEO Premium plugin. -->","yoast_head_json":{"title":"Elektrische \u00d6lpresse f\u00fcr professionelle \u00d6lm\u00fchlen - 20 kg\/h","description":"Elektrische \u00d6lpresse f\u00fcr professionelle \u00d6lm\u00fchlen und Landwirte, Leistung bis 20 kg\/h. Jetzt Ihre hochwertige \u00d6lpresse kaufen und selbst \u00d6le herstellen.","robots":{"index":"index","follow":"follow","max-snippet":"max-snippet:-1","max-image-preview":"max-image-preview:large","max-video-preview":"max-video-preview:-1"},"canonical":"https:\/\/oeltech.com\/es\/product\/prensa-de-aceite-fx20\/","og_locale":"es_ES","og_type":"article","og_title":"\u00d6lpresse FX20","og_description":"Elektrische \u00d6lpresse f\u00fcr professionelle \u00d6lm\u00fchlen und Landwirte, Leistung bis 20 kg\/h. Jetzt Ihre hochwertige \u00d6lpresse kaufen und selbst \u00d6le herstellen.","og_url":"https:\/\/oeltech.com\/es\/product\/prensa-de-aceite-fx20\/","og_site_name":"Oeltech Maschinenbau M\u00fcnchen","article_modified_time":"2026-03-07T17:45:44+00:00","og_image":[{"width":1138,"height":655,"url":"https:\/\/oeltech.com\/wp-content\/uploads\/2018\/08\/Elektrische-\u00d6lpresse-Oilpress-Oilexpeller-Oeltech-Maschinenbau-Germany.jpg","type":"image\/jpeg"}],"twitter_card":"summary_large_image","twitter_misc":{"Tiempo de lectura":"5 minutos"},"schema":{"@context":"https:\/\/schema.org","@graph":[{"@type":"WebPage","@id":"https:\/\/oeltech.com\/product\/oelpresse_fx20\/","url":"https:\/\/oeltech.com\/product\/oelpresse_fx20\/","name":"Elektrische \u00d6lpresse f\u00fcr professionelle \u00d6lm\u00fchlen - 20 kg\/h","isPartOf":{"@id":"https:\/\/oeltech.com\/#website"},"datePublished":"2018-08-22T09:49:49+00:00","dateModified":"2026-03-07T17:45:44+00:00","description":"Elektrische \u00d6lpresse f\u00fcr professionelle \u00d6lm\u00fchlen und Landwirte, Leistung bis 20 kg\/h. Jetzt Ihre hochwertige \u00d6lpresse kaufen und selbst \u00d6le herstellen.","breadcrumb":{"@id":"https:\/\/oeltech.com\/product\/oelpresse_fx20\/#breadcrumb"},"inLanguage":"es","potentialAction":[{"@type":"ReadAction","target":["https:\/\/oeltech.com\/product\/oelpresse_fx20\/"]}]},{"@type":"BreadcrumbList","@id":"https:\/\/oeltech.com\/product\/oelpresse_fx20\/#breadcrumb","itemListElement":[{"@type":"ListItem","position":1,"name":"Startseite","item":"https:\/\/oeltech.com\/"},{"@type":"ListItem","position":2,"name":"Shop","item":"https:\/\/oeltech.com\/shop\/"},{"@type":"ListItem","position":3,"name":"\u00d6lpresse FX20"}]},{"@type":"WebSite","@id":"https:\/\/oeltech.com\/#website","url":"https:\/\/oeltech.com\/","name":"Oeltech Maschinenbau M\u00fcnchen","description":"\u00d6lpresse oder \u00d6lm\u00fchle online kaufen","publisher":{"@id":"https:\/\/oeltech.com\/#organization"},"potentialAction":[{"@type":"SearchAction","target":{"@type":"EntryPoint","urlTemplate":"https:\/\/oeltech.com\/?s={search_term_string}"},"query-input":"required name=search_term_string"}],"inLanguage":"es"},{"@type":"Organization","@id":"https:\/\/oeltech.com\/#organization","name":"Oeltech Maschinenbau - Profi \u00d6lpresse kaufen \/\/ Maschinenbau aus M\u00fcnchen","url":"https:\/\/oeltech.com\/","logo":{"@type":"ImageObject","inLanguage":"es","@id":"https:\/\/oeltech.com\/#\/schema\/logo\/image\/","url":"https:\/\/oeltech.com\/wp-content\/uploads\/2019\/05\/logo-oeltech-klein-1.png","contentUrl":"https:\/\/oeltech.com\/wp-content\/uploads\/2019\/05\/logo-oeltech-klein-1.png","width":115,"height":39,"caption":"Oeltech Maschinenbau - Profi \u00d6lpresse kaufen \/\/ Maschinenbau aus M\u00fcnchen"},"image":{"@id":"https:\/\/oeltech.com\/#\/schema\/logo\/image\/"}}]}},"_links":{"self":[{"href":"https:\/\/oeltech.com\/es\/wp-json\/wp\/v2\/product\/41"}],"collection":[{"href":"https:\/\/oeltech.com\/es\/wp-json\/wp\/v2\/product"}],"about":[{"href":"https:\/\/oeltech.com\/es\/wp-json\/wp\/v2\/types\/product"}],"replies":[{"embeddable":true,"href":"https:\/\/oeltech.com\/es\/wp-json\/wp\/v2\/comments?post=41"}],"wp:featuredmedia":[{"embeddable":true,"href":"https:\/\/oeltech.com\/es\/wp-json\/wp\/v2\/media\/3127"}],"wp:attachment":[{"href":"https:\/\/oeltech.com\/es\/wp-json\/wp\/v2\/media?parent=41"}],"wp:term":[{"taxonomy":"product_cat","embeddable":true,"href":"https:\/\/oeltech.com\/es\/wp-json\/wp\/v2\/product_cat?post=41"},{"taxonomy":"product_tag","embeddable":true,"href":"https:\/\/oeltech.com\/es\/wp-json\/wp\/v2\/product_tag?post=41"}],"curies":[{"name":"wp","href":"https:\/\/api.w.org\/{rel}","templated":true}]}}