{"id":3756,"date":"2021-11-23T12:27:38","date_gmt":"2021-11-23T12:27:38","guid":{"rendered":"https:\/\/oeltech.com\/?post_type=product&#038;p=3756"},"modified":"2021-11-23T12:27:38","modified_gmt":"2021-11-23T12:27:38","slug":"cbd-oel-4-vollspektrum-ultraschallextraktion-ohne-loesungsmittel","status":"publish","type":"product","link":"https:\/\/oeltech.com\/es\/product\/cbd-oel-4-vollspektrum-ultraschallextraktion-ohne-loesungsmittel\/","title":{"rendered":"CBD \u00d6l 4% Vollspektrum &#8211; Ultraschallextraktion ohne L\u00f6sungsmittel"},"content":{"rendered":"<p>Unser CBD \u00d6l 5% wird durch Ultraschallextraktion hergestellt und hat somit ein besonders breites Spektrum. Die Extraktion findet ohne L\u00f6sungsmittel direkt im \u00d6l statt. Gute Herstellungspraxis (GMP) im Reinraum und Indoor-Aufzucht.<\/p>\n<p>Wir bieten unseren Kunden hochwertige Produkte zu fairen Preisen an.<\/p>\n<p>Das CBD \u00d6l zeichnet sich durch einen besonders hohen Gehalt, neben CBD (Cannabidiol) auch CBG (Cannabigerol) und CBN (Cannabinol) aus.<\/p>\n<p>Lieferbar f\u00fcr H\u00e4ndler ab 10 Liter Gebindegr\u00f6\u00dfe.<\/p>\n<p>&nbsp;<\/p>","protected":false},"excerpt":{"rendered":"<p>Unser CBD \u00d6l 5% wird durch Ultraschallextraktion hergestellt und hat somit ein besonders breites Spektrum. Die Extraktion findet ohne L\u00f6sungsmittel direkt im \u00d6l statt. Gute Herstellungspraxis (GMP) im Reinraum und Indoor-Aufzucht. Wir bieten unseren Kunden hochwertige Produkte zu fairen Preisen an. Das CBD \u00d6l zeichnet sich durch einen besonders hohen Gehalt, neben CBD (Cannabidiol) auch [&hellip;]<\/p>","protected":false},"featured_media":0,"comment_status":"closed","ping_status":"closed","template":"","meta":[],"product_cat":[720],"product_tag":[],"yoast_head":"<!-- This site is optimized with the Yoast SEO Premium plugin v21.9 (Yoast SEO v21.9.1) - https:\/\/yoast.com\/wordpress\/plugins\/seo\/ -->\n<title>CBD \u00d6l 4% Vollspektrum - Ultraschallextraktion ohne L\u00f6sungsmittel<\/title>\n<meta name=\"description\" content=\"CBD Vollspektrum 4% Extraktion mittels Ultraschall f\u00fcr Gro\u00dfh\u00e4ndler, H\u00e4ndler und B2B Shops ab einer Gebindegr\u00f6\u00dfe von 10 Liter.\" \/>\n<meta name=\"robots\" content=\"index, follow, max-snippet:-1, max-image-preview:large, max-video-preview:-1\" \/>\n<link rel=\"canonical\" href=\"https:\/\/oeltech.com\/es\/product\/cbd-oel-4-vollspektrum-ultraschallextraktion-ohne-loesungsmittel\/\" \/>\n<meta property=\"og:locale\" content=\"es_ES\" \/>\n<meta property=\"og:type\" content=\"article\" \/>\n<meta property=\"og:title\" content=\"CBD \u00d6l 4% Vollspektrum - Ultraschallextraktion ohne L\u00f6sungsmittel\" \/>\n<meta property=\"og:description\" content=\"CBD Vollspektrum 4% Extraktion mittels Ultraschall f\u00fcr Gro\u00dfh\u00e4ndler, H\u00e4ndler und B2B Shops ab einer Gebindegr\u00f6\u00dfe von 10 Liter.\" \/>\n<meta property=\"og:url\" content=\"https:\/\/oeltech.com\/es\/product\/cbd-oel-4-vollspektrum-ultraschallextraktion-ohne-loesungsmittel\/\" \/>\n<meta property=\"og:site_name\" content=\"Oeltech Maschinenbau M\u00fcnchen\" \/>\n<meta name=\"twitter:card\" content=\"summary_large_image\" \/>\n<meta name=\"twitter:label1\" content=\"Tiempo de lectura\" \/>\n\t<meta name=\"twitter:data1\" content=\"1 minuto\" \/>\n<script type=\"application\/ld+json\" class=\"yoast-schema-graph\">{\"@context\":\"https:\/\/schema.org\",\"@graph\":[{\"@type\":\"WebPage\",\"@id\":\"https:\/\/oeltech.com\/product\/cbd-oel-4-vollspektrum-ultraschallextraktion-ohne-loesungsmittel\/\",\"url\":\"https:\/\/oeltech.com\/product\/cbd-oel-4-vollspektrum-ultraschallextraktion-ohne-loesungsmittel\/\",\"name\":\"CBD \u00d6l 4% Vollspektrum - Ultraschallextraktion ohne L\u00f6sungsmittel\",\"isPartOf\":{\"@id\":\"https:\/\/oeltech.com\/#website\"},\"datePublished\":\"2021-11-23T12:27:38+00:00\",\"dateModified\":\"2021-11-23T12:27:38+00:00\",\"description\":\"CBD Vollspektrum 4% Extraktion mittels Ultraschall f\u00fcr Gro\u00dfh\u00e4ndler, H\u00e4ndler und B2B Shops ab einer Gebindegr\u00f6\u00dfe von 10 Liter.\",\"breadcrumb\":{\"@id\":\"https:\/\/oeltech.com\/product\/cbd-oel-4-vollspektrum-ultraschallextraktion-ohne-loesungsmittel\/#breadcrumb\"},\"inLanguage\":\"es\",\"potentialAction\":[{\"@type\":\"ReadAction\",\"target\":[\"https:\/\/oeltech.com\/product\/cbd-oel-4-vollspektrum-ultraschallextraktion-ohne-loesungsmittel\/\"]}]},{\"@type\":\"BreadcrumbList\",\"@id\":\"https:\/\/oeltech.com\/product\/cbd-oel-4-vollspektrum-ultraschallextraktion-ohne-loesungsmittel\/#breadcrumb\",\"itemListElement\":[{\"@type\":\"ListItem\",\"position\":1,\"name\":\"Startseite\",\"item\":\"https:\/\/oeltech.com\/\"},{\"@type\":\"ListItem\",\"position\":2,\"name\":\"Shop\",\"item\":\"https:\/\/oeltech.com\/shop\/\"},{\"@type\":\"ListItem\",\"position\":3,\"name\":\"CBD \u00d6l 4% Vollspektrum &#8211; Ultraschallextraktion ohne L\u00f6sungsmittel\"}]},{\"@type\":\"WebSite\",\"@id\":\"https:\/\/oeltech.com\/#website\",\"url\":\"https:\/\/oeltech.com\/\",\"name\":\"Oeltech Maschinenbau M\u00fcnchen\",\"description\":\"\u00d6lpresse oder \u00d6lm\u00fchle online kaufen\",\"publisher\":{\"@id\":\"https:\/\/oeltech.com\/#organization\"},\"potentialAction\":[{\"@type\":\"SearchAction\",\"target\":{\"@type\":\"EntryPoint\",\"urlTemplate\":\"https:\/\/oeltech.com\/?s={search_term_string}\"},\"query-input\":\"required name=search_term_string\"}],\"inLanguage\":\"es\"},{\"@type\":\"Organization\",\"@id\":\"https:\/\/oeltech.com\/#organization\",\"name\":\"Oeltech Maschinenbau - Profi \u00d6lpresse kaufen \/\/ Maschinenbau aus M\u00fcnchen\",\"url\":\"https:\/\/oeltech.com\/\",\"logo\":{\"@type\":\"ImageObject\",\"inLanguage\":\"es\",\"@id\":\"https:\/\/oeltech.com\/#\/schema\/logo\/image\/\",\"url\":\"https:\/\/oeltech.com\/wp-content\/uploads\/2019\/05\/logo-oeltech-klein-1.png\",\"contentUrl\":\"https:\/\/oeltech.com\/wp-content\/uploads\/2019\/05\/logo-oeltech-klein-1.png\",\"width\":115,\"height\":39,\"caption\":\"Oeltech Maschinenbau - Profi \u00d6lpresse kaufen \/\/ Maschinenbau aus M\u00fcnchen\"},\"image\":{\"@id\":\"https:\/\/oeltech.com\/#\/schema\/logo\/image\/\"}}]}<\/script>\n<!-- \/ Yoast SEO Premium plugin. -->","yoast_head_json":{"title":"CBD \u00d6l 4% Vollspektrum - Ultraschallextraktion ohne L\u00f6sungsmittel","description":"CBD Vollspektrum 4% Extraktion mittels Ultraschall f\u00fcr Gro\u00dfh\u00e4ndler, H\u00e4ndler und B2B Shops ab einer Gebindegr\u00f6\u00dfe von 10 Liter.","robots":{"index":"index","follow":"follow","max-snippet":"max-snippet:-1","max-image-preview":"max-image-preview:large","max-video-preview":"max-video-preview:-1"},"canonical":"https:\/\/oeltech.com\/es\/product\/cbd-oel-4-vollspektrum-ultraschallextraktion-ohne-loesungsmittel\/","og_locale":"es_ES","og_type":"article","og_title":"CBD \u00d6l 4% Vollspektrum - Ultraschallextraktion ohne L\u00f6sungsmittel","og_description":"CBD Vollspektrum 4% Extraktion mittels Ultraschall f\u00fcr Gro\u00dfh\u00e4ndler, H\u00e4ndler und B2B Shops ab einer Gebindegr\u00f6\u00dfe von 10 Liter.","og_url":"https:\/\/oeltech.com\/es\/product\/cbd-oel-4-vollspektrum-ultraschallextraktion-ohne-loesungsmittel\/","og_site_name":"Oeltech Maschinenbau M\u00fcnchen","twitter_card":"summary_large_image","twitter_misc":{"Tiempo de lectura":"1 minuto"},"schema":{"@context":"https:\/\/schema.org","@graph":[{"@type":"WebPage","@id":"https:\/\/oeltech.com\/product\/cbd-oel-4-vollspektrum-ultraschallextraktion-ohne-loesungsmittel\/","url":"https:\/\/oeltech.com\/product\/cbd-oel-4-vollspektrum-ultraschallextraktion-ohne-loesungsmittel\/","name":"CBD \u00d6l 4% Vollspektrum - Ultraschallextraktion ohne L\u00f6sungsmittel","isPartOf":{"@id":"https:\/\/oeltech.com\/#website"},"datePublished":"2021-11-23T12:27:38+00:00","dateModified":"2021-11-23T12:27:38+00:00","description":"CBD Vollspektrum 4% Extraktion mittels Ultraschall f\u00fcr Gro\u00dfh\u00e4ndler, H\u00e4ndler und B2B Shops ab einer Gebindegr\u00f6\u00dfe von 10 Liter.","breadcrumb":{"@id":"https:\/\/oeltech.com\/product\/cbd-oel-4-vollspektrum-ultraschallextraktion-ohne-loesungsmittel\/#breadcrumb"},"inLanguage":"es","potentialAction":[{"@type":"ReadAction","target":["https:\/\/oeltech.com\/product\/cbd-oel-4-vollspektrum-ultraschallextraktion-ohne-loesungsmittel\/"]}]},{"@type":"BreadcrumbList","@id":"https:\/\/oeltech.com\/product\/cbd-oel-4-vollspektrum-ultraschallextraktion-ohne-loesungsmittel\/#breadcrumb","itemListElement":[{"@type":"ListItem","position":1,"name":"Startseite","item":"https:\/\/oeltech.com\/"},{"@type":"ListItem","position":2,"name":"Shop","item":"https:\/\/oeltech.com\/shop\/"},{"@type":"ListItem","position":3,"name":"CBD \u00d6l 4% Vollspektrum &#8211; Ultraschallextraktion ohne L\u00f6sungsmittel"}]},{"@type":"WebSite","@id":"https:\/\/oeltech.com\/#website","url":"https:\/\/oeltech.com\/","name":"Oeltech Maschinenbau M\u00fcnchen","description":"\u00d6lpresse oder \u00d6lm\u00fchle online kaufen","publisher":{"@id":"https:\/\/oeltech.com\/#organization"},"potentialAction":[{"@type":"SearchAction","target":{"@type":"EntryPoint","urlTemplate":"https:\/\/oeltech.com\/?s={search_term_string}"},"query-input":"required name=search_term_string"}],"inLanguage":"es"},{"@type":"Organization","@id":"https:\/\/oeltech.com\/#organization","name":"Oeltech Maschinenbau - Profi \u00d6lpresse kaufen \/\/ Maschinenbau aus M\u00fcnchen","url":"https:\/\/oeltech.com\/","logo":{"@type":"ImageObject","inLanguage":"es","@id":"https:\/\/oeltech.com\/#\/schema\/logo\/image\/","url":"https:\/\/oeltech.com\/wp-content\/uploads\/2019\/05\/logo-oeltech-klein-1.png","contentUrl":"https:\/\/oeltech.com\/wp-content\/uploads\/2019\/05\/logo-oeltech-klein-1.png","width":115,"height":39,"caption":"Oeltech Maschinenbau - Profi \u00d6lpresse kaufen \/\/ Maschinenbau aus M\u00fcnchen"},"image":{"@id":"https:\/\/oeltech.com\/#\/schema\/logo\/image\/"}}]}},"_links":{"self":[{"href":"https:\/\/oeltech.com\/es\/wp-json\/wp\/v2\/product\/3756"}],"collection":[{"href":"https:\/\/oeltech.com\/es\/wp-json\/wp\/v2\/product"}],"about":[{"href":"https:\/\/oeltech.com\/es\/wp-json\/wp\/v2\/types\/product"}],"replies":[{"embeddable":true,"href":"https:\/\/oeltech.com\/es\/wp-json\/wp\/v2\/comments?post=3756"}],"wp:attachment":[{"href":"https:\/\/oeltech.com\/es\/wp-json\/wp\/v2\/media?parent=3756"}],"wp:term":[{"taxonomy":"product_cat","embeddable":true,"href":"https:\/\/oeltech.com\/es\/wp-json\/wp\/v2\/product_cat?post=3756"},{"taxonomy":"product_tag","embeddable":true,"href":"https:\/\/oeltech.com\/es\/wp-json\/wp\/v2\/product_tag?post=3756"}],"curies":[{"name":"wp","href":"https:\/\/api.w.org\/{rel}","templated":true}]}}