{"id":3256,"date":"2020-04-08T22:02:16","date_gmt":"2020-04-08T22:02:16","guid":{"rendered":"https:\/\/oeltech.com\/?post_type=product&#038;p=3256"},"modified":"2021-09-08T08:29:14","modified_gmt":"2021-09-08T08:29:14","slug":"silosystem-247","status":"publish","type":"product","link":"https:\/\/oeltech.com\/es\/product\/silosystem-247\/","title":{"rendered":"Silosystem 247"},"content":{"rendered":"<p>Silosystem f\u00fcr unsere \u00d6lpressen FX15, FX20 und FX40<\/p>\n<p>Fassungsverm\u00f6gen: 140 Liter<\/p>\n<p>Wird als Bausatz geliefert und kann weltweit kosteng\u00fcnstig geliefert<\/p>\n<p>Abmessungen: H\u00f6he 177 cm x Breite 64 cm x L\u00e4nge 70 cm<\/p>\n<p>Material: Rahmen ist aus Aluprofilen, produktber\u00fchrende Teile und Auflagefl\u00e4chen sind aus Edelstahl<\/p>\n<p>Durch einen integrierten Schieber kann die Saatgutzufuhr unterbrochen werden. Durch das modulare Silosystem k\u00f6nnen mehrere Einheiten miteinander verbunden werden.<\/p>","protected":false},"excerpt":{"rendered":"<p>Durch dieses Silosystem machen Sie sich unabh\u00e4ngiger vom Nachf\u00fcllen der \u00d6lpresse. Mit einem ausreichend grossem Fassungsverm\u00f6gen von 140 Liter kann die \u00d6lpresse mehrere Stunden ohne weiteres Nachf\u00fcllen pressen.<\/p>\n<p>Als Bausatz entwickelt ideal f\u00fcr den weltweiten Versand und Ihren Bed\u00fcrfnissen. Das Silosystem kann modular nach Ihren Bed\u00fcrfnissen erweitert werden.<\/p>\n<p>&nbsp;<\/p>\n<div class=\"_form_1\"><\/div>\n<p><script src=\"https:\/\/martd.activehosted.com\/f\/embed.php?id=1\" type=\"text\/javascript\" charset=\"utf-8\"><\/script><\/p>","protected":false},"featured_media":3257,"comment_status":"closed","ping_status":"closed","template":"","meta":[],"product_cat":[250],"product_tag":[],"yoast_head":"<!-- This site is optimized with the Yoast SEO Premium plugin v21.9 (Yoast SEO v21.9.1) - https:\/\/yoast.com\/wordpress\/plugins\/seo\/ -->\n<title>Silosystem 247 - Oeltech Maschinenbau M\u00fcnchen<\/title>\n<meta name=\"robots\" content=\"index, follow, max-snippet:-1, max-image-preview:large, max-video-preview:-1\" \/>\n<link rel=\"canonical\" href=\"https:\/\/oeltech.com\/es\/product\/silosystem-247\/\" \/>\n<meta property=\"og:locale\" content=\"es_ES\" \/>\n<meta property=\"og:type\" content=\"article\" \/>\n<meta property=\"og:title\" content=\"Silosystem 247\" \/>\n<meta property=\"og:description\" content=\"Durch dieses Silosystem machen Sie sich unabh\u00e4ngiger vom Nachf\u00fcllen der \u00d6lpresse. Mit einem ausreichend grossem Fassungsverm\u00f6gen von 140 Liter kann die \u00d6lpresse mehrere Stunden ohne weiteres Nachf\u00fcllen pressen.  Als Bausatz entwickelt ideal f\u00fcr den weltweiten Versand und Ihren Bed\u00fcrfnissen. Das Silosystem kann modular nach Ihren Bed\u00fcrfnissen erweitert werden.  &nbsp;\" \/>\n<meta property=\"og:url\" content=\"https:\/\/oeltech.com\/es\/product\/silosystem-247\/\" \/>\n<meta property=\"og:site_name\" content=\"Oeltech Maschinenbau M\u00fcnchen\" \/>\n<meta property=\"article:modified_time\" content=\"2021-09-08T08:29:14+00:00\" \/>\n<meta property=\"og:image\" content=\"https:\/\/oeltech.com\/wp-content\/uploads\/2020\/04\/Silosystem-\u00d6lpresse.jpg\" \/>\n\t<meta property=\"og:image:width\" content=\"1036\" \/>\n\t<meta property=\"og:image:height\" content=\"1152\" \/>\n\t<meta property=\"og:image:type\" content=\"image\/jpeg\" \/>\n<meta name=\"twitter:card\" content=\"summary_large_image\" \/>\n<script type=\"application\/ld+json\" class=\"yoast-schema-graph\">{\"@context\":\"https:\/\/schema.org\",\"@graph\":[{\"@type\":\"WebPage\",\"@id\":\"https:\/\/oeltech.com\/product\/silosystem-247\/\",\"url\":\"https:\/\/oeltech.com\/product\/silosystem-247\/\",\"name\":\"Silosystem 247 - Oeltech Maschinenbau M\u00fcnchen\",\"isPartOf\":{\"@id\":\"https:\/\/oeltech.com\/#website\"},\"datePublished\":\"2020-04-08T22:02:16+00:00\",\"dateModified\":\"2021-09-08T08:29:14+00:00\",\"breadcrumb\":{\"@id\":\"https:\/\/oeltech.com\/product\/silosystem-247\/#breadcrumb\"},\"inLanguage\":\"es\",\"potentialAction\":[{\"@type\":\"ReadAction\",\"target\":[\"https:\/\/oeltech.com\/product\/silosystem-247\/\"]}]},{\"@type\":\"BreadcrumbList\",\"@id\":\"https:\/\/oeltech.com\/product\/silosystem-247\/#breadcrumb\",\"itemListElement\":[{\"@type\":\"ListItem\",\"position\":1,\"name\":\"Startseite\",\"item\":\"https:\/\/oeltech.com\/\"},{\"@type\":\"ListItem\",\"position\":2,\"name\":\"Shop\",\"item\":\"https:\/\/oeltech.com\/shop\/\"},{\"@type\":\"ListItem\",\"position\":3,\"name\":\"Silosystem 247\"}]},{\"@type\":\"WebSite\",\"@id\":\"https:\/\/oeltech.com\/#website\",\"url\":\"https:\/\/oeltech.com\/\",\"name\":\"Oeltech Maschinenbau M\u00fcnchen\",\"description\":\"\u00d6lpresse oder \u00d6lm\u00fchle online kaufen\",\"publisher\":{\"@id\":\"https:\/\/oeltech.com\/#organization\"},\"potentialAction\":[{\"@type\":\"SearchAction\",\"target\":{\"@type\":\"EntryPoint\",\"urlTemplate\":\"https:\/\/oeltech.com\/?s={search_term_string}\"},\"query-input\":\"required name=search_term_string\"}],\"inLanguage\":\"es\"},{\"@type\":\"Organization\",\"@id\":\"https:\/\/oeltech.com\/#organization\",\"name\":\"Oeltech Maschinenbau - Profi \u00d6lpresse kaufen \/\/ Maschinenbau aus M\u00fcnchen\",\"url\":\"https:\/\/oeltech.com\/\",\"logo\":{\"@type\":\"ImageObject\",\"inLanguage\":\"es\",\"@id\":\"https:\/\/oeltech.com\/#\/schema\/logo\/image\/\",\"url\":\"https:\/\/oeltech.com\/wp-content\/uploads\/2019\/05\/logo-oeltech-klein-1.png\",\"contentUrl\":\"https:\/\/oeltech.com\/wp-content\/uploads\/2019\/05\/logo-oeltech-klein-1.png\",\"width\":115,\"height\":39,\"caption\":\"Oeltech Maschinenbau - Profi \u00d6lpresse kaufen \/\/ Maschinenbau aus M\u00fcnchen\"},\"image\":{\"@id\":\"https:\/\/oeltech.com\/#\/schema\/logo\/image\/\"}}]}<\/script>\n<!-- \/ Yoast SEO Premium plugin. -->","yoast_head_json":{"title":"Silosystem 247 - Oeltech Maschinenbau M\u00fcnchen","robots":{"index":"index","follow":"follow","max-snippet":"max-snippet:-1","max-image-preview":"max-image-preview:large","max-video-preview":"max-video-preview:-1"},"canonical":"https:\/\/oeltech.com\/es\/product\/silosystem-247\/","og_locale":"es_ES","og_type":"article","og_title":"Silosystem 247","og_description":"Durch dieses Silosystem machen Sie sich unabh\u00e4ngiger vom Nachf\u00fcllen der \u00d6lpresse. Mit einem ausreichend grossem Fassungsverm\u00f6gen von 140 Liter kann die \u00d6lpresse mehrere Stunden ohne weiteres Nachf\u00fcllen pressen.  Als Bausatz entwickelt ideal f\u00fcr den weltweiten Versand und Ihren Bed\u00fcrfnissen. Das Silosystem kann modular nach Ihren Bed\u00fcrfnissen erweitert werden.  &nbsp;","og_url":"https:\/\/oeltech.com\/es\/product\/silosystem-247\/","og_site_name":"Oeltech Maschinenbau M\u00fcnchen","article_modified_time":"2021-09-08T08:29:14+00:00","og_image":[{"width":1036,"height":1152,"url":"https:\/\/oeltech.com\/wp-content\/uploads\/2020\/04\/Silosystem-\u00d6lpresse.jpg","type":"image\/jpeg"}],"twitter_card":"summary_large_image","schema":{"@context":"https:\/\/schema.org","@graph":[{"@type":"WebPage","@id":"https:\/\/oeltech.com\/product\/silosystem-247\/","url":"https:\/\/oeltech.com\/product\/silosystem-247\/","name":"Silosystem 247 - Oeltech Maschinenbau M\u00fcnchen","isPartOf":{"@id":"https:\/\/oeltech.com\/#website"},"datePublished":"2020-04-08T22:02:16+00:00","dateModified":"2021-09-08T08:29:14+00:00","breadcrumb":{"@id":"https:\/\/oeltech.com\/product\/silosystem-247\/#breadcrumb"},"inLanguage":"es","potentialAction":[{"@type":"ReadAction","target":["https:\/\/oeltech.com\/product\/silosystem-247\/"]}]},{"@type":"BreadcrumbList","@id":"https:\/\/oeltech.com\/product\/silosystem-247\/#breadcrumb","itemListElement":[{"@type":"ListItem","position":1,"name":"Startseite","item":"https:\/\/oeltech.com\/"},{"@type":"ListItem","position":2,"name":"Shop","item":"https:\/\/oeltech.com\/shop\/"},{"@type":"ListItem","position":3,"name":"Silosystem 247"}]},{"@type":"WebSite","@id":"https:\/\/oeltech.com\/#website","url":"https:\/\/oeltech.com\/","name":"Oeltech Maschinenbau M\u00fcnchen","description":"\u00d6lpresse oder \u00d6lm\u00fchle online kaufen","publisher":{"@id":"https:\/\/oeltech.com\/#organization"},"potentialAction":[{"@type":"SearchAction","target":{"@type":"EntryPoint","urlTemplate":"https:\/\/oeltech.com\/?s={search_term_string}"},"query-input":"required name=search_term_string"}],"inLanguage":"es"},{"@type":"Organization","@id":"https:\/\/oeltech.com\/#organization","name":"Oeltech Maschinenbau - Profi \u00d6lpresse kaufen \/\/ Maschinenbau aus M\u00fcnchen","url":"https:\/\/oeltech.com\/","logo":{"@type":"ImageObject","inLanguage":"es","@id":"https:\/\/oeltech.com\/#\/schema\/logo\/image\/","url":"https:\/\/oeltech.com\/wp-content\/uploads\/2019\/05\/logo-oeltech-klein-1.png","contentUrl":"https:\/\/oeltech.com\/wp-content\/uploads\/2019\/05\/logo-oeltech-klein-1.png","width":115,"height":39,"caption":"Oeltech Maschinenbau - Profi \u00d6lpresse kaufen \/\/ Maschinenbau aus M\u00fcnchen"},"image":{"@id":"https:\/\/oeltech.com\/#\/schema\/logo\/image\/"}}]}},"_links":{"self":[{"href":"https:\/\/oeltech.com\/es\/wp-json\/wp\/v2\/product\/3256"}],"collection":[{"href":"https:\/\/oeltech.com\/es\/wp-json\/wp\/v2\/product"}],"about":[{"href":"https:\/\/oeltech.com\/es\/wp-json\/wp\/v2\/types\/product"}],"replies":[{"embeddable":true,"href":"https:\/\/oeltech.com\/es\/wp-json\/wp\/v2\/comments?post=3256"}],"wp:featuredmedia":[{"embeddable":true,"href":"https:\/\/oeltech.com\/es\/wp-json\/wp\/v2\/media\/3257"}],"wp:attachment":[{"href":"https:\/\/oeltech.com\/es\/wp-json\/wp\/v2\/media?parent=3256"}],"wp:term":[{"taxonomy":"product_cat","embeddable":true,"href":"https:\/\/oeltech.com\/es\/wp-json\/wp\/v2\/product_cat?post=3256"},{"taxonomy":"product_tag","embeddable":true,"href":"https:\/\/oeltech.com\/es\/wp-json\/wp\/v2\/product_tag?post=3256"}],"curies":[{"name":"wp","href":"https:\/\/api.w.org\/{rel}","templated":true}]}}