{"id":3092,"date":"2019-06-04T06:20:47","date_gmt":"2019-06-04T06:20:47","guid":{"rendered":"https:\/\/oeltech.com\/?post_type=product&#038;p=3092"},"modified":"2024-01-31T14:53:02","modified_gmt":"2024-01-31T14:53:02","slug":"oelmuehle_500","status":"publish","type":"product","link":"https:\/\/oeltech.com\/es\/product\/oelmuehle_500\/","title":{"rendered":"Prensa de aceite RP500"},"content":{"rendered":"<p>Die \u00d6lpresse RP500 ist zur Kaltpressung von Speise\u00f6len, als auch zur Heisspressung in Verbindung mit einem Extruder, zur Ent\u00f6lung von Futtermittel, gedacht. Die \u00d6lpresse \u00fcberzeugt durch ihre kompakte Bauweise und leistungsstarker Pressung mit hoher Langlebigkeit.<\/p>\n<p>So werden zum Beispiel Raps, Sonnenblumenkerne, Kakao oder Leinsamen mit dieser \u00d6lpresse gepresst.<\/p>\n<p>Die \u00d6lpresse kann einfach in vorhandene Systeme integriert werden oder mittels F\u00f6rderschnecken an vorhandene Silos angepasst werden.<\/p>\n<p>&nbsp;<\/p>\n<p>&nbsp;<\/p>","protected":false},"excerpt":{"rendered":"<p>Motorleistung: 22 kW<\/p>\n<p>Stromanschluss: 400 V<\/p>\n<p>Verarbeitungsleistung: bis zu 500 kg \/ h<\/p>","protected":false},"featured_media":3077,"comment_status":"open","ping_status":"closed","template":"","meta":[],"product_cat":[232],"product_tag":[],"yoast_head":"<!-- This site is optimized with the Yoast SEO Premium plugin v21.9 (Yoast SEO v21.9.1) - https:\/\/yoast.com\/wordpress\/plugins\/seo\/ -->\n<title>\u00d6lpresse kaufen f\u00fcr grosse Produktionsmengen in einer \u00d6lm\u00fchle<\/title>\n<meta name=\"description\" content=\"\u00d6lpresse RP500 f\u00fcr beste kaltgepresste \u00d6le - Robust und einfach gebaut - \u00dcberzeugende Resultate und weltweit zufriedene Kunden\" \/>\n<meta name=\"robots\" content=\"index, follow, max-snippet:-1, max-image-preview:large, max-video-preview:-1\" \/>\n<link rel=\"canonical\" href=\"https:\/\/oeltech.com\/es\/product\/oelmuehle_500\/\" \/>\n<meta property=\"og:locale\" content=\"es_ES\" \/>\n<meta property=\"og:type\" content=\"article\" \/>\n<meta property=\"og:title\" content=\"\u00d6lpresse RP500\" \/>\n<meta property=\"og:description\" content=\"\u00d6lpresse RP500 f\u00fcr beste kaltgepresste \u00d6le - Robust und einfach gebaut - \u00dcberzeugende Resultate und weltweit zufriedene Kunden\" \/>\n<meta property=\"og:url\" content=\"https:\/\/oeltech.com\/es\/product\/oelmuehle_500\/\" \/>\n<meta property=\"og:site_name\" content=\"Oeltech Maschinenbau M\u00fcnchen\" \/>\n<meta property=\"article:modified_time\" content=\"2024-01-31T14:53:02+00:00\" \/>\n<meta property=\"og:image\" content=\"https:\/\/oeltech.com\/wp-content\/uploads\/2019\/06\/Schneckenpresse-1-e1559631408244.jpg\" \/>\n\t<meta property=\"og:image:width\" content=\"357\" \/>\n\t<meta property=\"og:image:height\" content=\"182\" \/>\n\t<meta property=\"og:image:type\" content=\"image\/jpeg\" \/>\n<meta name=\"twitter:card\" content=\"summary_large_image\" \/>\n<script type=\"application\/ld+json\" class=\"yoast-schema-graph\">{\"@context\":\"https:\/\/schema.org\",\"@graph\":[{\"@type\":\"WebPage\",\"@id\":\"https:\/\/oeltech.com\/product\/oelmuehle_500\/\",\"url\":\"https:\/\/oeltech.com\/product\/oelmuehle_500\/\",\"name\":\"\u00d6lpresse kaufen f\u00fcr grosse Produktionsmengen in einer \u00d6lm\u00fchle\",\"isPartOf\":{\"@id\":\"https:\/\/oeltech.com\/#website\"},\"datePublished\":\"2019-06-04T06:20:47+00:00\",\"dateModified\":\"2024-01-31T14:53:02+00:00\",\"description\":\"\u00d6lpresse RP500 f\u00fcr beste kaltgepresste \u00d6le - Robust und einfach gebaut - \u00dcberzeugende Resultate und weltweit zufriedene Kunden\",\"breadcrumb\":{\"@id\":\"https:\/\/oeltech.com\/product\/oelmuehle_500\/#breadcrumb\"},\"inLanguage\":\"es\",\"potentialAction\":[{\"@type\":\"ReadAction\",\"target\":[\"https:\/\/oeltech.com\/product\/oelmuehle_500\/\"]}]},{\"@type\":\"BreadcrumbList\",\"@id\":\"https:\/\/oeltech.com\/product\/oelmuehle_500\/#breadcrumb\",\"itemListElement\":[{\"@type\":\"ListItem\",\"position\":1,\"name\":\"Startseite\",\"item\":\"https:\/\/oeltech.com\/\"},{\"@type\":\"ListItem\",\"position\":2,\"name\":\"Shop\",\"item\":\"https:\/\/oeltech.com\/shop\/\"},{\"@type\":\"ListItem\",\"position\":3,\"name\":\"\u00d6lpresse RP500\"}]},{\"@type\":\"WebSite\",\"@id\":\"https:\/\/oeltech.com\/#website\",\"url\":\"https:\/\/oeltech.com\/\",\"name\":\"Oeltech Maschinenbau M\u00fcnchen\",\"description\":\"\u00d6lpresse oder \u00d6lm\u00fchle online kaufen\",\"publisher\":{\"@id\":\"https:\/\/oeltech.com\/#organization\"},\"potentialAction\":[{\"@type\":\"SearchAction\",\"target\":{\"@type\":\"EntryPoint\",\"urlTemplate\":\"https:\/\/oeltech.com\/?s={search_term_string}\"},\"query-input\":\"required name=search_term_string\"}],\"inLanguage\":\"es\"},{\"@type\":\"Organization\",\"@id\":\"https:\/\/oeltech.com\/#organization\",\"name\":\"Oeltech Maschinenbau - Profi \u00d6lpresse kaufen \/\/ Maschinenbau aus M\u00fcnchen\",\"url\":\"https:\/\/oeltech.com\/\",\"logo\":{\"@type\":\"ImageObject\",\"inLanguage\":\"es\",\"@id\":\"https:\/\/oeltech.com\/#\/schema\/logo\/image\/\",\"url\":\"https:\/\/oeltech.com\/wp-content\/uploads\/2019\/05\/logo-oeltech-klein-1.png\",\"contentUrl\":\"https:\/\/oeltech.com\/wp-content\/uploads\/2019\/05\/logo-oeltech-klein-1.png\",\"width\":115,\"height\":39,\"caption\":\"Oeltech Maschinenbau - Profi \u00d6lpresse kaufen \/\/ Maschinenbau aus M\u00fcnchen\"},\"image\":{\"@id\":\"https:\/\/oeltech.com\/#\/schema\/logo\/image\/\"}}]}<\/script>\n<!-- \/ Yoast SEO Premium plugin. -->","yoast_head_json":{"title":"\u00d6lpresse kaufen f\u00fcr grosse Produktionsmengen in einer \u00d6lm\u00fchle","description":"\u00d6lpresse RP500 f\u00fcr beste kaltgepresste \u00d6le - Robust und einfach gebaut - \u00dcberzeugende Resultate und weltweit zufriedene Kunden","robots":{"index":"index","follow":"follow","max-snippet":"max-snippet:-1","max-image-preview":"max-image-preview:large","max-video-preview":"max-video-preview:-1"},"canonical":"https:\/\/oeltech.com\/es\/product\/oelmuehle_500\/","og_locale":"es_ES","og_type":"article","og_title":"\u00d6lpresse RP500","og_description":"\u00d6lpresse RP500 f\u00fcr beste kaltgepresste \u00d6le - Robust und einfach gebaut - \u00dcberzeugende Resultate und weltweit zufriedene Kunden","og_url":"https:\/\/oeltech.com\/es\/product\/oelmuehle_500\/","og_site_name":"Oeltech Maschinenbau M\u00fcnchen","article_modified_time":"2024-01-31T14:53:02+00:00","og_image":[{"width":357,"height":182,"url":"https:\/\/oeltech.com\/wp-content\/uploads\/2019\/06\/Schneckenpresse-1-e1559631408244.jpg","type":"image\/jpeg"}],"twitter_card":"summary_large_image","schema":{"@context":"https:\/\/schema.org","@graph":[{"@type":"WebPage","@id":"https:\/\/oeltech.com\/product\/oelmuehle_500\/","url":"https:\/\/oeltech.com\/product\/oelmuehle_500\/","name":"\u00d6lpresse kaufen f\u00fcr grosse Produktionsmengen in einer \u00d6lm\u00fchle","isPartOf":{"@id":"https:\/\/oeltech.com\/#website"},"datePublished":"2019-06-04T06:20:47+00:00","dateModified":"2024-01-31T14:53:02+00:00","description":"\u00d6lpresse RP500 f\u00fcr beste kaltgepresste \u00d6le - Robust und einfach gebaut - \u00dcberzeugende Resultate und weltweit zufriedene Kunden","breadcrumb":{"@id":"https:\/\/oeltech.com\/product\/oelmuehle_500\/#breadcrumb"},"inLanguage":"es","potentialAction":[{"@type":"ReadAction","target":["https:\/\/oeltech.com\/product\/oelmuehle_500\/"]}]},{"@type":"BreadcrumbList","@id":"https:\/\/oeltech.com\/product\/oelmuehle_500\/#breadcrumb","itemListElement":[{"@type":"ListItem","position":1,"name":"Startseite","item":"https:\/\/oeltech.com\/"},{"@type":"ListItem","position":2,"name":"Shop","item":"https:\/\/oeltech.com\/shop\/"},{"@type":"ListItem","position":3,"name":"\u00d6lpresse RP500"}]},{"@type":"WebSite","@id":"https:\/\/oeltech.com\/#website","url":"https:\/\/oeltech.com\/","name":"Oeltech Maschinenbau M\u00fcnchen","description":"\u00d6lpresse oder \u00d6lm\u00fchle online kaufen","publisher":{"@id":"https:\/\/oeltech.com\/#organization"},"potentialAction":[{"@type":"SearchAction","target":{"@type":"EntryPoint","urlTemplate":"https:\/\/oeltech.com\/?s={search_term_string}"},"query-input":"required name=search_term_string"}],"inLanguage":"es"},{"@type":"Organization","@id":"https:\/\/oeltech.com\/#organization","name":"Oeltech Maschinenbau - Profi \u00d6lpresse kaufen \/\/ Maschinenbau aus M\u00fcnchen","url":"https:\/\/oeltech.com\/","logo":{"@type":"ImageObject","inLanguage":"es","@id":"https:\/\/oeltech.com\/#\/schema\/logo\/image\/","url":"https:\/\/oeltech.com\/wp-content\/uploads\/2019\/05\/logo-oeltech-klein-1.png","contentUrl":"https:\/\/oeltech.com\/wp-content\/uploads\/2019\/05\/logo-oeltech-klein-1.png","width":115,"height":39,"caption":"Oeltech Maschinenbau - Profi \u00d6lpresse kaufen \/\/ Maschinenbau aus M\u00fcnchen"},"image":{"@id":"https:\/\/oeltech.com\/#\/schema\/logo\/image\/"}}]}},"_links":{"self":[{"href":"https:\/\/oeltech.com\/es\/wp-json\/wp\/v2\/product\/3092"}],"collection":[{"href":"https:\/\/oeltech.com\/es\/wp-json\/wp\/v2\/product"}],"about":[{"href":"https:\/\/oeltech.com\/es\/wp-json\/wp\/v2\/types\/product"}],"replies":[{"embeddable":true,"href":"https:\/\/oeltech.com\/es\/wp-json\/wp\/v2\/comments?post=3092"}],"wp:featuredmedia":[{"embeddable":true,"href":"https:\/\/oeltech.com\/es\/wp-json\/wp\/v2\/media\/3077"}],"wp:attachment":[{"href":"https:\/\/oeltech.com\/es\/wp-json\/wp\/v2\/media?parent=3092"}],"wp:term":[{"taxonomy":"product_cat","embeddable":true,"href":"https:\/\/oeltech.com\/es\/wp-json\/wp\/v2\/product_cat?post=3092"},{"taxonomy":"product_tag","embeddable":true,"href":"https:\/\/oeltech.com\/es\/wp-json\/wp\/v2\/product_tag?post=3092"}],"curies":[{"name":"wp","href":"https:\/\/api.w.org\/{rel}","templated":true}]}}