{"id":2978,"date":"2019-06-03T07:02:03","date_gmt":"2019-06-03T07:02:03","guid":{"rendered":"https:\/\/oeltech.com\/?post_type=product&#038;p=2978"},"modified":"2025-01-27T12:58:44","modified_gmt":"2025-01-27T12:58:44","slug":"oelpresse-fx15","status":"publish","type":"product","link":"https:\/\/oeltech.com\/es\/product\/oelpresse-fx15\/","title":{"rendered":"Prensa de aceite FX15"},"content":{"rendered":"<div id=\"tab-description\" class=\"panel entry-content active\">\n<p>La prensa el\u00e9ctrica de aceite en fr\u00edo FX15 puede procesar hasta 15 kg\/h de semillas oleaginosas crudas y blandas, como semillas de canola o de girasol. Es adecuada para el uso profesional en una almazara, una tienda de agricultores o un mercado ecol\u00f3gico con el objetivo de producir aceites vegetales prensados en fr\u00edo de alta calidad y ha sido dise\u00f1ada para un funcionamiento continuo.<\/p>\n<p><strong>\u00bfQu\u00e9 puede hacer esta prensa de aceite?<\/strong><\/p>\n<p>Semillas oleaginosas blandas como las de canola y girasol.<\/p>\n<p><strong>\u00bfDe qu\u00e9 material est\u00e1 hecha la almazara?<\/strong><\/p>\n<p>La unidad de prensado de esta prensa de aceite est\u00e1 hecha de acero inoxidable endurecido.<\/p>\n<p><strong>\u00bfQu\u00e9 distingue a esta almazara?<\/strong><\/p>\n<p>This oil press is compact and can be easily integrated into larger facilities. It should ideally work in series with other presses to process one type of oil, which makes it more efficient than single-press operations that are common among small producers who lack access to multiple machines. The energy efficient design makes this machine very cost effective, only consuming 10 watts per kg!<\/p>\n<p><strong>\u00bfCu\u00e1les son las ventajas del dise\u00f1o lineal de la prensa de aceite?<\/strong><\/p>\n<p>Estas prensas de aceite est\u00e1n dise\u00f1adas para conservar los rodamientos y el motor, todo ello sin excesivo ruido ni p\u00e9rdida de energ\u00eda. Gracias a su gran dimensionamiento de las unidades de rodamientos axiales y radiales, tambi\u00e9n consiguen una vida \u00fatil muy larga sin problemas de desgaste.<\/p>\n<p><strong>\u00bfEsta prensa de aceite es adecuada para prensar diferentes semillas oleaginosas?<\/strong><\/p>\n<\/div>\n<p>No, s\u00f3lo para semillas oleaginosas individuales, ya que estamos ajustando los par\u00e1metros de los engranajes. Esta prensa de aceite no viene con un inversor de frecuencia y la velocidad no se puede cambiar. Recomendamos la prensa de aceite FX20 o FX40 para el prensado de diferentes semillas oleaginosas.<\/p>\n<div id=\"tab-description\" class=\"panel entry-content active\">\n<p><strong>\u00bfEs una buena prensa de aceite para principiantes?<br \/>\n<\/strong><\/p>\n<p>Esta prensa de aceite s\u00f3lo le permite ajustar el tornillo de alimentaci\u00f3n y la separaci\u00f3n. Los ajustes como la velocidad de la prensa de aceite o la temperatura no est\u00e1n disponibles en este modelo. Lo recomendamos para semillas blandas cuando tenga la posibilidad de calentarlas manualmente, como por ejemplo con un secador de pelo.<\/p>\n<\/div>","protected":false},"excerpt":{"rendered":"<p>Potencia del motor: 0,75 kw<\/p>\n<p>Conexi\u00f3n el\u00e9ctrica: 230 V \/ 50 Hz; Tambi\u00e9n disponible en otros voltajes a petici\u00f3n.<\/p>\n<p>Capacidad de procesamiento: hasta 15 kg \/ h<\/p>\n<p>Incluye un juego de boquillas compuesto por 9 boquillas y 2 accesorios de boquillas para ajustar el di\u00e1metro de la torta de prensado<\/p>\n<p>Prensa de tornillo especialmente endurecida para su uso a largo plazo, que incluso cumple con las altas exigencias de la industria farmac\u00e9utica<\/p>\n<p>Partes en contacto con el producto de acero inoxidable especialmente procesado<\/p>\n<p>Alta eficiencia energ\u00e9tica gracias al accionamiento mediante engranajes rectos<\/p>\n<p>Funcionamiento extremadamente suave gracias a la unidad de rodamiento axial y radial entre el reductor y las unidades de prensado<\/p>\n<p>Todas las piezas de la m\u00e1quina se pueden limpiar de forma r\u00e1pida y \u00f3ptima (por ejemplo, en el lavavajillas o con agua caliente y agua jabonosa)<\/p>\n<p>&nbsp;<\/p>","protected":false},"featured_media":3137,"comment_status":"open","ping_status":"closed","template":"","meta":[],"product_cat":[232],"product_tag":[],"yoast_head":"<!-- This site is optimized with the Yoast SEO Premium plugin v21.9 (Yoast SEO v21.9.1) - https:\/\/yoast.com\/wordpress\/plugins\/seo\/ -->\n<title>\u00d6lpresse FX15 - Mobile und leistungsstarke \u00d6lm\u00fchle kaufen<\/title>\n<meta name=\"description\" content=\"Schneckenpresse zum pressen von kaltgepressten \u00d6l in h\u00f6chster Qualit\u00e4t. Dieses preiswerte \u00d6lm\u00fchle garantiert f\u00fcr beste \u00d6le und ist direkt startbereit.\" \/>\n<meta name=\"robots\" content=\"index, follow, max-snippet:-1, max-image-preview:large, max-video-preview:-1\" \/>\n<link rel=\"canonical\" href=\"https:\/\/oeltech.com\/es\/product\/oelpresse-fx15\/\" \/>\n<meta property=\"og:locale\" content=\"es_ES\" \/>\n<meta property=\"og:type\" content=\"article\" \/>\n<meta property=\"og:title\" content=\"\u00d6lpresse FX15\" \/>\n<meta property=\"og:description\" content=\"Schneckenpresse zum pressen von kaltgepressten \u00d6l in h\u00f6chster Qualit\u00e4t. Dieses preiswerte \u00d6lm\u00fchle garantiert f\u00fcr beste \u00d6le und ist direkt startbereit.\" \/>\n<meta property=\"og:url\" content=\"https:\/\/oeltech.com\/es\/product\/oelpresse-fx15\/\" \/>\n<meta property=\"og:site_name\" content=\"Oeltech Maschinenbau M\u00fcnchen\" \/>\n<meta property=\"article:modified_time\" content=\"2025-01-27T12:58:44+00:00\" \/>\n<meta property=\"og:image\" content=\"https:\/\/oeltech.com\/wp-content\/uploads\/2019\/06\/\u00d6lpresse-\u00d6lm\u00fchle-kaufen-FX15.jpg\" \/>\n\t<meta property=\"og:image:width\" content=\"1138\" \/>\n\t<meta property=\"og:image:height\" content=\"655\" \/>\n\t<meta property=\"og:image:type\" content=\"image\/jpeg\" \/>\n<meta name=\"twitter:card\" content=\"summary_large_image\" \/>\n<meta name=\"twitter:label1\" content=\"Tiempo de lectura\" \/>\n\t<meta name=\"twitter:data1\" content=\"1 minuto\" \/>\n<script type=\"application\/ld+json\" class=\"yoast-schema-graph\">{\"@context\":\"https:\/\/schema.org\",\"@graph\":[{\"@type\":\"WebPage\",\"@id\":\"https:\/\/oeltech.com\/product\/oelpresse-fx15\/\",\"url\":\"https:\/\/oeltech.com\/product\/oelpresse-fx15\/\",\"name\":\"\u00d6lpresse FX15 - Mobile und leistungsstarke \u00d6lm\u00fchle kaufen\",\"isPartOf\":{\"@id\":\"https:\/\/oeltech.com\/#website\"},\"datePublished\":\"2019-06-03T07:02:03+00:00\",\"dateModified\":\"2025-01-27T12:58:44+00:00\",\"description\":\"Schneckenpresse zum pressen von kaltgepressten \u00d6l in h\u00f6chster Qualit\u00e4t. Dieses preiswerte \u00d6lm\u00fchle garantiert f\u00fcr beste \u00d6le und ist direkt startbereit.\",\"breadcrumb\":{\"@id\":\"https:\/\/oeltech.com\/product\/oelpresse-fx15\/#breadcrumb\"},\"inLanguage\":\"es\",\"potentialAction\":[{\"@type\":\"ReadAction\",\"target\":[\"https:\/\/oeltech.com\/product\/oelpresse-fx15\/\"]}]},{\"@type\":\"BreadcrumbList\",\"@id\":\"https:\/\/oeltech.com\/product\/oelpresse-fx15\/#breadcrumb\",\"itemListElement\":[{\"@type\":\"ListItem\",\"position\":1,\"name\":\"Startseite\",\"item\":\"https:\/\/oeltech.com\/\"},{\"@type\":\"ListItem\",\"position\":2,\"name\":\"Shop\",\"item\":\"https:\/\/oeltech.com\/shop\/\"},{\"@type\":\"ListItem\",\"position\":3,\"name\":\"\u00d6lpresse FX15\"}]},{\"@type\":\"WebSite\",\"@id\":\"https:\/\/oeltech.com\/#website\",\"url\":\"https:\/\/oeltech.com\/\",\"name\":\"Oeltech Maschinenbau M\u00fcnchen\",\"description\":\"\u00d6lpresse oder \u00d6lm\u00fchle online kaufen\",\"publisher\":{\"@id\":\"https:\/\/oeltech.com\/#organization\"},\"potentialAction\":[{\"@type\":\"SearchAction\",\"target\":{\"@type\":\"EntryPoint\",\"urlTemplate\":\"https:\/\/oeltech.com\/?s={search_term_string}\"},\"query-input\":\"required name=search_term_string\"}],\"inLanguage\":\"es\"},{\"@type\":\"Organization\",\"@id\":\"https:\/\/oeltech.com\/#organization\",\"name\":\"Oeltech Maschinenbau - Profi \u00d6lpresse kaufen \/\/ Maschinenbau aus M\u00fcnchen\",\"url\":\"https:\/\/oeltech.com\/\",\"logo\":{\"@type\":\"ImageObject\",\"inLanguage\":\"es\",\"@id\":\"https:\/\/oeltech.com\/#\/schema\/logo\/image\/\",\"url\":\"https:\/\/oeltech.com\/wp-content\/uploads\/2019\/05\/logo-oeltech-klein-1.png\",\"contentUrl\":\"https:\/\/oeltech.com\/wp-content\/uploads\/2019\/05\/logo-oeltech-klein-1.png\",\"width\":115,\"height\":39,\"caption\":\"Oeltech Maschinenbau - Profi \u00d6lpresse kaufen \/\/ Maschinenbau aus M\u00fcnchen\"},\"image\":{\"@id\":\"https:\/\/oeltech.com\/#\/schema\/logo\/image\/\"}}]}<\/script>\n<!-- \/ Yoast SEO Premium plugin. -->","yoast_head_json":{"title":"\u00d6lpresse FX15 - Mobile und leistungsstarke \u00d6lm\u00fchle kaufen","description":"Schneckenpresse zum pressen von kaltgepressten \u00d6l in h\u00f6chster Qualit\u00e4t. Dieses preiswerte \u00d6lm\u00fchle garantiert f\u00fcr beste \u00d6le und ist direkt startbereit.","robots":{"index":"index","follow":"follow","max-snippet":"max-snippet:-1","max-image-preview":"max-image-preview:large","max-video-preview":"max-video-preview:-1"},"canonical":"https:\/\/oeltech.com\/es\/product\/oelpresse-fx15\/","og_locale":"es_ES","og_type":"article","og_title":"\u00d6lpresse FX15","og_description":"Schneckenpresse zum pressen von kaltgepressten \u00d6l in h\u00f6chster Qualit\u00e4t. Dieses preiswerte \u00d6lm\u00fchle garantiert f\u00fcr beste \u00d6le und ist direkt startbereit.","og_url":"https:\/\/oeltech.com\/es\/product\/oelpresse-fx15\/","og_site_name":"Oeltech Maschinenbau M\u00fcnchen","article_modified_time":"2025-01-27T12:58:44+00:00","og_image":[{"width":1138,"height":655,"url":"https:\/\/oeltech.com\/wp-content\/uploads\/2019\/06\/\u00d6lpresse-\u00d6lm\u00fchle-kaufen-FX15.jpg","type":"image\/jpeg"}],"twitter_card":"summary_large_image","twitter_misc":{"Tiempo de lectura":"1 minuto"},"schema":{"@context":"https:\/\/schema.org","@graph":[{"@type":"WebPage","@id":"https:\/\/oeltech.com\/product\/oelpresse-fx15\/","url":"https:\/\/oeltech.com\/product\/oelpresse-fx15\/","name":"\u00d6lpresse FX15 - Mobile und leistungsstarke \u00d6lm\u00fchle kaufen","isPartOf":{"@id":"https:\/\/oeltech.com\/#website"},"datePublished":"2019-06-03T07:02:03+00:00","dateModified":"2025-01-27T12:58:44+00:00","description":"Schneckenpresse zum pressen von kaltgepressten \u00d6l in h\u00f6chster Qualit\u00e4t. Dieses preiswerte \u00d6lm\u00fchle garantiert f\u00fcr beste \u00d6le und ist direkt startbereit.","breadcrumb":{"@id":"https:\/\/oeltech.com\/product\/oelpresse-fx15\/#breadcrumb"},"inLanguage":"es","potentialAction":[{"@type":"ReadAction","target":["https:\/\/oeltech.com\/product\/oelpresse-fx15\/"]}]},{"@type":"BreadcrumbList","@id":"https:\/\/oeltech.com\/product\/oelpresse-fx15\/#breadcrumb","itemListElement":[{"@type":"ListItem","position":1,"name":"Startseite","item":"https:\/\/oeltech.com\/"},{"@type":"ListItem","position":2,"name":"Shop","item":"https:\/\/oeltech.com\/shop\/"},{"@type":"ListItem","position":3,"name":"\u00d6lpresse FX15"}]},{"@type":"WebSite","@id":"https:\/\/oeltech.com\/#website","url":"https:\/\/oeltech.com\/","name":"Oeltech Maschinenbau M\u00fcnchen","description":"\u00d6lpresse oder \u00d6lm\u00fchle online kaufen","publisher":{"@id":"https:\/\/oeltech.com\/#organization"},"potentialAction":[{"@type":"SearchAction","target":{"@type":"EntryPoint","urlTemplate":"https:\/\/oeltech.com\/?s={search_term_string}"},"query-input":"required name=search_term_string"}],"inLanguage":"es"},{"@type":"Organization","@id":"https:\/\/oeltech.com\/#organization","name":"Oeltech Maschinenbau - Profi \u00d6lpresse kaufen \/\/ Maschinenbau aus M\u00fcnchen","url":"https:\/\/oeltech.com\/","logo":{"@type":"ImageObject","inLanguage":"es","@id":"https:\/\/oeltech.com\/#\/schema\/logo\/image\/","url":"https:\/\/oeltech.com\/wp-content\/uploads\/2019\/05\/logo-oeltech-klein-1.png","contentUrl":"https:\/\/oeltech.com\/wp-content\/uploads\/2019\/05\/logo-oeltech-klein-1.png","width":115,"height":39,"caption":"Oeltech Maschinenbau - Profi \u00d6lpresse kaufen \/\/ Maschinenbau aus M\u00fcnchen"},"image":{"@id":"https:\/\/oeltech.com\/#\/schema\/logo\/image\/"}}]}},"_links":{"self":[{"href":"https:\/\/oeltech.com\/es\/wp-json\/wp\/v2\/product\/2978"}],"collection":[{"href":"https:\/\/oeltech.com\/es\/wp-json\/wp\/v2\/product"}],"about":[{"href":"https:\/\/oeltech.com\/es\/wp-json\/wp\/v2\/types\/product"}],"replies":[{"embeddable":true,"href":"https:\/\/oeltech.com\/es\/wp-json\/wp\/v2\/comments?post=2978"}],"wp:featuredmedia":[{"embeddable":true,"href":"https:\/\/oeltech.com\/es\/wp-json\/wp\/v2\/media\/3137"}],"wp:attachment":[{"href":"https:\/\/oeltech.com\/es\/wp-json\/wp\/v2\/media?parent=2978"}],"wp:term":[{"taxonomy":"product_cat","embeddable":true,"href":"https:\/\/oeltech.com\/es\/wp-json\/wp\/v2\/product_cat?post=2978"},{"taxonomy":"product_tag","embeddable":true,"href":"https:\/\/oeltech.com\/es\/wp-json\/wp\/v2\/product_tag?post=2978"}],"curies":[{"name":"wp","href":"https:\/\/api.w.org\/{rel}","templated":true}]}}