{"id":925,"date":"2019-05-09T20:11:53","date_gmt":"2019-05-09T20:11:53","guid":{"rendered":"https:\/\/oeltech.com\/?page_id=925"},"modified":"2024-02-05T11:49:29","modified_gmt":"2024-02-05T11:49:29","slug":"herstellung-von-rapsoelkraftstoff-mit-einer-oeltech-schneckenpresse","status":"publish","type":"page","link":"https:\/\/oeltech.com\/es\/herstellung-von-rapsoelkraftstoff-mit-einer-oeltech-schneckenpresse\/","title":{"rendered":"Herstellung von Raps\u00f6lkraftstoff mit einer Oeltech Schneckenpresse"},"content":{"rendered":"<p>Sie m\u00f6chten unabh\u00e4ngig von Mineral\u00f6lpreisen sein, den CO2-Ausstoss reduzieren oder die Wertsch\u00f6pfung in Ihrem Betrieb erh\u00f6hen. Dann lesen Sie weiter und erfahren Sie mehr \u00fcber die Herstellung von Biokraftstoffen aus Raps mit unseren \u00d6lpressen.<\/p>\n<p>Der Raps\u00f6lkraftstoff muss einige Mindestanforderungen erf\u00fcllen, damit pflanzen\u00f6ltaugliche Motoren weiterhin eine hohe Lebensdauer haben und gesetzlichen Anforderungen erf\u00fcllt werden.<\/p>\n<p>Die Raps\u00f6lverarbeitung unterteilt sich grob in folgenden Schritten: Die Saat wird gereinigt, um Verunreinigungen zu entfernen. Anschliessend kann Raps schon direkt in die \u00d6lpresse eingef\u00fcllt und daraus Trub\u00f6l gewonnen werden. Dieses Trub\u00f6l l\u00e4sst man nun mehrere Tage\/Wochen sedimentieren und filtriert dieses um reinen Kraftstoff zu erhalten. In gr\u00f6sseren Betrieben filtriert man das \u00d6l direkt. Als Nebenprodukt der \u00d6lpressung erh\u00e4lt man den wertvollen Presskuchen als Futtermittel.<\/p>\n<p>Vorteile der eigenen Treibstoffgewinnung sind unter anderem die Erh\u00f6hung der Wertsch\u00f6pfung, die Erschliessung sinnvoller Stoffkreisl\u00e4ufe und die Schonung der Umwelt.<\/p>\n<p>Die Schritte der \u00d6lgewinnung im Einzelnen:<\/p>\n<h4>Prensas para aceite<\/h4>\n<p>Unsere \u00d6lpressen sind Schneckenpressen mit einem Lochseiher. Die vom Elektromotor angetriebene Pressschnecke presst die Saat hin zum Presskopf mit der endenden Pressd\u00fcse, welche die zylindrische Form des Presskuchens bestimmt. Der \u00d6laustritt erfolgt vor dem Presskopf \u00fcber \u00d6laustrittskan\u00e4le. Bedeutsam bei unseren \u00d6lpressen ist die Helixgeometrie der Pressschnecken und dessen Steigungswinkel. Hier verf\u00fcgen wir \u00fcber drei verschiedene Pressschnecken f\u00fcr unterschiedliche Einsatzzwecke. Vorteilhaft f\u00fcr die Kraftstoffgewinnung unserer \u00d6lpressen ist der relativ kurze Lochseiher um geringe Phosphor-, Calcium- und Magnesiumgehalte zu erzielen.<\/p>\n<h4>Tr\u00fcb\u00f6l<\/h4>\n<p>Das \u00d6l, das aus der \u00d6lpresse austritt und noch mit Partikeln verunreinigt ist, wird nun in einem Trub\u00f6ltank gesammelt. Der Trub\u00f6ltank sollte m\u00f6glichst geschlossen sein damit eine Oxidation mit Luftsauerstoff vermieden und eine weitere Fremdverunreinigung verhindert wird. Die \u00f6lfreie Verschmutzung ist Abh\u00e4ngig von der Rapssaatqualit\u00e4t und liegt im Trub\u00f6l bei unseren \u00d6lpressen zwischen ca. 9 und 14 g\/kg.<\/p>\n<p>Das einfachste Verfahren um nun die enthaltenen Partikel zu trennen ist mittels Sedimentation. Die Sedimentation wird \u00fcber einen Zeitraum von oft mehreren Wochen durchgef\u00fchrt und die gekl\u00e4rte Fl\u00fcssigkeit wird von oben unter dem Fl\u00fcssigkeitsspiegel entnommen.<\/p>\n<h4>Filtration zur Endreinigung\/Sicherheitsfiltration<\/h4>\n<p>(bei gen\u00fcgender Sedimentation m\u00f6glich, ansonsten muss davor noch ein weiterer Hauptfilter geschalten werden)<\/p>\n<p>Bei der Filtration ist auf die genaue und vorallem gen\u00fcgend grosse Auslegung der Filterfl\u00e4che zu achten, damit der Filter keinen zu schnellen Druckanstieg verzeichnet. Zur Filtration gibt es zum Beispiel Beutelfilter, Kerzenfilter oder Tiefenschichtenfilter.<\/p>\n<h4>\u00d6llagerung<\/h4>\n<p>Die \u00d6llagerung unterliegt gewissen bundes- und landesrechtlichen Vorgaben, welche zu beachten sind. Zur Lagerung eignen sich am besten IBC-Beh\u00e4lter, welche sich in Gitterboxen auf einer Palette befinden. Da diese meist aus lichtdurchl\u00e4ssigen Kunststoff gefertigt sind, ist ein Anstrich f\u00fcr den Lichtschutz zu empfehlen.<\/p>\n<h4>Einflussfaktoren zu Raps\u00f6lkraftstoffen:<\/h4>\n<p>&#8211; Die \u00d6lpressung hat Einfluss auf die Gesamtverschmutzung im Trub\u00f6l, sowie den Phosphor-, Calcium- und Magnesiumgehalt. Diese Stoffe k\u00f6nnen zu Ablagerungen im Brennraum, an Einspritzd\u00fcsen und Ventilen f\u00fchren, die Funktionalit\u00e4t von Katalysatoren beeinflussen sowie als Aschebildner Russpartikelfilter verstopfen.Ein hoher Anteil an Phosphor senkt zudem die Verbrennungstemperatur und besonders Katalysatoren weisen eine hohe Empfindlichkeit gegen\u00fcber Phosphorverbindungen auf. Ebenfalls k\u00f6nnen Aschen aus der Verbrennung phosphorhaltiger Verbindungen den Russpartikelfilter verstopfen.<\/p>\n<p>&#8211; Die \u00d6llagerung hat Einfluss auf die Oxidationsstabilit\u00e4t<\/p>\n<p>&#8211; Der Wassergehalt ist durch die \u00d6llagerung zu beeinflussen<\/p>\n<p>&#8211; Flammpunkt, Viskosit\u00e4t, Heizwert und Z\u00fcndwilligkeit des Kraftstoffes sind raps\u00f6lspezifisch und nicht beeinflussbar.<\/p>\n<p>Trockung der Rapssaat:<\/p>\n<p>&#8211; Die Lagerung von Rapssaat sollte bei einem Wassergehalt von unter 7% liegen. Dies ist auch f\u00fcr die \u00d6lgewinnung der anzustrebende Wert.<\/p>\n<p>Einfluss der Temperatur auf die Rapspressung:<\/p>\n<p>&#8211; Wie schon erw\u00e4hnt ist bei der \u00d6lpressung der Gehalt an Phosphor, Calcium und Magnesium beeinflussbar. Mit steigender Temperatur des Presskopfes steigen auch die unerw\u00fcnschten Inhaltsstoffe. Idealerweise betr\u00e4gt die Presskopftemperatur 80\u00b0C &#8211; 100\u00b0C und der D\u00fcsendurchmesser 10 mm.<\/p>\n<p>Lagerung:<\/p>\n<p>Bei der Lagerung sollte darauf geachtet werden, das diese m\u00f6glichst dunkel und bei niedrigen Temperaturen zwischen 5\u00b0C und 10\u00b0C erfolgt. Bei sehr guten Lagerbedingungen kann ein qualitativ hochwertiges Raps\u00f6l bis zu zw\u00f6lf Monate sicher gelagert werden. Sollten schlechte Lagerbedingungen vorliegen, kann das \u00d6l auch schon nach drei Monaten nicht mehr f\u00fcr die Verwendung als Treibstoff geeignet sein.<\/p>","protected":false},"excerpt":{"rendered":"<p>Sie m\u00f6chten unabh\u00e4ngig von Mineral\u00f6lpreisen sein, den CO2-Ausstoss reduzieren oder die Wertsch\u00f6pfung in Ihrem Betrieb erh\u00f6hen. Dann lesen Sie weiter und erfahren Sie mehr \u00fcber die Herstellung von Biokraftstoffen aus Raps mit unseren \u00d6lpressen. Der Raps\u00f6lkraftstoff muss einige Mindestanforderungen erf\u00fcllen, damit pflanzen\u00f6ltaugliche Motoren weiterhin eine hohe Lebensdauer haben und gesetzlichen Anforderungen erf\u00fcllt werden. Die Raps\u00f6lverarbeitung [&hellip;]<\/p>","protected":false},"author":1,"featured_media":3426,"parent":0,"menu_order":0,"comment_status":"closed","ping_status":"closed","template":"","meta":{"footnotes":""},"yoast_head":"<!-- This site is optimized with the Yoast SEO Premium plugin v21.9 (Yoast SEO v21.9.1) - https:\/\/yoast.com\/wordpress\/plugins\/seo\/ -->\n<title>Herstellung von Raps\u00f6l mit einer \u00d6lpresse<\/title>\n<meta name=\"description\" content=\"Erfahren Sie mehr \u00fcber die Herstellung von Raps\u00f6l mit einer elektrischen \u00d6lpresse von Oeltech Maschinenbau aus M\u00fcnchen\" \/>\n<meta name=\"robots\" content=\"index, follow, max-snippet:-1, max-image-preview:large, max-video-preview:-1\" \/>\n<link rel=\"canonical\" href=\"https:\/\/oeltech.com\/es\/herstellung-von-rapsoelkraftstoff-mit-einer-oeltech-schneckenpresse\/\" \/>\n<meta property=\"og:locale\" content=\"es_ES\" \/>\n<meta property=\"og:type\" content=\"article\" \/>\n<meta property=\"og:title\" content=\"Herstellung von Raps\u00f6lkraftstoff mit einer Oeltech Schneckenpresse\" \/>\n<meta property=\"og:description\" content=\"Erfahren Sie mehr \u00fcber die Herstellung von Raps\u00f6l mit einer elektrischen \u00d6lpresse von Oeltech Maschinenbau aus M\u00fcnchen\" \/>\n<meta property=\"og:url\" content=\"https:\/\/oeltech.com\/es\/herstellung-von-rapsoelkraftstoff-mit-einer-oeltech-schneckenpresse\/\" \/>\n<meta property=\"og:site_name\" content=\"Oeltech Maschinenbau M\u00fcnchen\" \/>\n<meta property=\"article:modified_time\" content=\"2024-02-05T11:49:29+00:00\" \/>\n<meta property=\"og:image\" content=\"http:\/\/oeltech.com\/wp-content\/uploads\/2020\/04\/Kaltgepresstes-\u00d6l-\u00d6lpresse.jpg\" \/>\n\t<meta property=\"og:image:width\" content=\"700\" \/>\n\t<meta property=\"og:image:height\" content=\"525\" \/>\n\t<meta property=\"og:image:type\" content=\"image\/jpeg\" \/>\n<meta name=\"twitter:card\" content=\"summary_large_image\" \/>\n<meta name=\"twitter:label1\" content=\"Tiempo de lectura\" \/>\n\t<meta name=\"twitter:data1\" content=\"4 minutos\" \/>\n<script type=\"application\/ld+json\" class=\"yoast-schema-graph\">{\"@context\":\"https:\/\/schema.org\",\"@graph\":[{\"@type\":\"WebPage\",\"@id\":\"https:\/\/oeltech.com\/herstellung-von-rapsoelkraftstoff-mit-einer-oeltech-schneckenpresse\/\",\"url\":\"https:\/\/oeltech.com\/herstellung-von-rapsoelkraftstoff-mit-einer-oeltech-schneckenpresse\/\",\"name\":\"Herstellung von Raps\u00f6l mit einer \u00d6lpresse\",\"isPartOf\":{\"@id\":\"https:\/\/oeltech.com\/#website\"},\"datePublished\":\"2019-05-09T20:11:53+00:00\",\"dateModified\":\"2024-02-05T11:49:29+00:00\",\"description\":\"Erfahren Sie mehr \u00fcber die Herstellung von Raps\u00f6l mit einer elektrischen \u00d6lpresse von Oeltech Maschinenbau aus M\u00fcnchen\",\"breadcrumb\":{\"@id\":\"https:\/\/oeltech.com\/herstellung-von-rapsoelkraftstoff-mit-einer-oeltech-schneckenpresse\/#breadcrumb\"},\"inLanguage\":\"es\",\"potentialAction\":[{\"@type\":\"ReadAction\",\"target\":[\"https:\/\/oeltech.com\/herstellung-von-rapsoelkraftstoff-mit-einer-oeltech-schneckenpresse\/\"]}]},{\"@type\":\"BreadcrumbList\",\"@id\":\"https:\/\/oeltech.com\/herstellung-von-rapsoelkraftstoff-mit-einer-oeltech-schneckenpresse\/#breadcrumb\",\"itemListElement\":[{\"@type\":\"ListItem\",\"position\":1,\"name\":\"Startseite\",\"item\":\"https:\/\/oeltech.com\/\"},{\"@type\":\"ListItem\",\"position\":2,\"name\":\"Herstellung von Raps\u00f6lkraftstoff mit einer Oeltech Schneckenpresse\"}]},{\"@type\":\"WebSite\",\"@id\":\"https:\/\/oeltech.com\/#website\",\"url\":\"https:\/\/oeltech.com\/\",\"name\":\"Oeltech Maschinenbau M\u00fcnchen\",\"description\":\"\u00d6lpresse oder \u00d6lm\u00fchle online kaufen\",\"publisher\":{\"@id\":\"https:\/\/oeltech.com\/#organization\"},\"potentialAction\":[{\"@type\":\"SearchAction\",\"target\":{\"@type\":\"EntryPoint\",\"urlTemplate\":\"https:\/\/oeltech.com\/?s={search_term_string}\"},\"query-input\":\"required name=search_term_string\"}],\"inLanguage\":\"es\"},{\"@type\":\"Organization\",\"@id\":\"https:\/\/oeltech.com\/#organization\",\"name\":\"Oeltech Maschinenbau - Profi \u00d6lpresse kaufen \/\/ Maschinenbau aus M\u00fcnchen\",\"url\":\"https:\/\/oeltech.com\/\",\"logo\":{\"@type\":\"ImageObject\",\"inLanguage\":\"es\",\"@id\":\"https:\/\/oeltech.com\/#\/schema\/logo\/image\/\",\"url\":\"https:\/\/oeltech.com\/wp-content\/uploads\/2019\/05\/logo-oeltech-klein-1.png\",\"contentUrl\":\"https:\/\/oeltech.com\/wp-content\/uploads\/2019\/05\/logo-oeltech-klein-1.png\",\"width\":115,\"height\":39,\"caption\":\"Oeltech Maschinenbau - Profi \u00d6lpresse kaufen \/\/ Maschinenbau aus M\u00fcnchen\"},\"image\":{\"@id\":\"https:\/\/oeltech.com\/#\/schema\/logo\/image\/\"}}]}<\/script>\n<!-- \/ Yoast SEO Premium plugin. -->","yoast_head_json":{"title":"Herstellung von Raps\u00f6l mit einer \u00d6lpresse","description":"Erfahren Sie mehr \u00fcber die Herstellung von Raps\u00f6l mit einer elektrischen \u00d6lpresse von Oeltech Maschinenbau aus M\u00fcnchen","robots":{"index":"index","follow":"follow","max-snippet":"max-snippet:-1","max-image-preview":"max-image-preview:large","max-video-preview":"max-video-preview:-1"},"canonical":"https:\/\/oeltech.com\/es\/herstellung-von-rapsoelkraftstoff-mit-einer-oeltech-schneckenpresse\/","og_locale":"es_ES","og_type":"article","og_title":"Herstellung von Raps\u00f6lkraftstoff mit einer Oeltech Schneckenpresse","og_description":"Erfahren Sie mehr \u00fcber die Herstellung von Raps\u00f6l mit einer elektrischen \u00d6lpresse von Oeltech Maschinenbau aus M\u00fcnchen","og_url":"https:\/\/oeltech.com\/es\/herstellung-von-rapsoelkraftstoff-mit-einer-oeltech-schneckenpresse\/","og_site_name":"Oeltech Maschinenbau M\u00fcnchen","article_modified_time":"2024-02-05T11:49:29+00:00","og_image":[{"width":700,"height":525,"url":"http:\/\/oeltech.com\/wp-content\/uploads\/2020\/04\/Kaltgepresstes-\u00d6l-\u00d6lpresse.jpg","type":"image\/jpeg"}],"twitter_card":"summary_large_image","twitter_misc":{"Tiempo de lectura":"4 minutos"},"schema":{"@context":"https:\/\/schema.org","@graph":[{"@type":"WebPage","@id":"https:\/\/oeltech.com\/herstellung-von-rapsoelkraftstoff-mit-einer-oeltech-schneckenpresse\/","url":"https:\/\/oeltech.com\/herstellung-von-rapsoelkraftstoff-mit-einer-oeltech-schneckenpresse\/","name":"Herstellung von Raps\u00f6l mit einer \u00d6lpresse","isPartOf":{"@id":"https:\/\/oeltech.com\/#website"},"datePublished":"2019-05-09T20:11:53+00:00","dateModified":"2024-02-05T11:49:29+00:00","description":"Erfahren Sie mehr \u00fcber die Herstellung von Raps\u00f6l mit einer elektrischen \u00d6lpresse von Oeltech Maschinenbau aus M\u00fcnchen","breadcrumb":{"@id":"https:\/\/oeltech.com\/herstellung-von-rapsoelkraftstoff-mit-einer-oeltech-schneckenpresse\/#breadcrumb"},"inLanguage":"es","potentialAction":[{"@type":"ReadAction","target":["https:\/\/oeltech.com\/herstellung-von-rapsoelkraftstoff-mit-einer-oeltech-schneckenpresse\/"]}]},{"@type":"BreadcrumbList","@id":"https:\/\/oeltech.com\/herstellung-von-rapsoelkraftstoff-mit-einer-oeltech-schneckenpresse\/#breadcrumb","itemListElement":[{"@type":"ListItem","position":1,"name":"Startseite","item":"https:\/\/oeltech.com\/"},{"@type":"ListItem","position":2,"name":"Herstellung von Raps\u00f6lkraftstoff mit einer Oeltech Schneckenpresse"}]},{"@type":"WebSite","@id":"https:\/\/oeltech.com\/#website","url":"https:\/\/oeltech.com\/","name":"Oeltech Maschinenbau M\u00fcnchen","description":"\u00d6lpresse oder \u00d6lm\u00fchle online kaufen","publisher":{"@id":"https:\/\/oeltech.com\/#organization"},"potentialAction":[{"@type":"SearchAction","target":{"@type":"EntryPoint","urlTemplate":"https:\/\/oeltech.com\/?s={search_term_string}"},"query-input":"required name=search_term_string"}],"inLanguage":"es"},{"@type":"Organization","@id":"https:\/\/oeltech.com\/#organization","name":"Oeltech Maschinenbau - Profi \u00d6lpresse kaufen \/\/ Maschinenbau aus M\u00fcnchen","url":"https:\/\/oeltech.com\/","logo":{"@type":"ImageObject","inLanguage":"es","@id":"https:\/\/oeltech.com\/#\/schema\/logo\/image\/","url":"https:\/\/oeltech.com\/wp-content\/uploads\/2019\/05\/logo-oeltech-klein-1.png","contentUrl":"https:\/\/oeltech.com\/wp-content\/uploads\/2019\/05\/logo-oeltech-klein-1.png","width":115,"height":39,"caption":"Oeltech Maschinenbau - Profi \u00d6lpresse kaufen \/\/ Maschinenbau aus M\u00fcnchen"},"image":{"@id":"https:\/\/oeltech.com\/#\/schema\/logo\/image\/"}}]}},"_links":{"self":[{"href":"https:\/\/oeltech.com\/es\/wp-json\/wp\/v2\/pages\/925"}],"collection":[{"href":"https:\/\/oeltech.com\/es\/wp-json\/wp\/v2\/pages"}],"about":[{"href":"https:\/\/oeltech.com\/es\/wp-json\/wp\/v2\/types\/page"}],"author":[{"embeddable":true,"href":"https:\/\/oeltech.com\/es\/wp-json\/wp\/v2\/users\/1"}],"replies":[{"embeddable":true,"href":"https:\/\/oeltech.com\/es\/wp-json\/wp\/v2\/comments?post=925"}],"version-history":[{"count":5,"href":"https:\/\/oeltech.com\/es\/wp-json\/wp\/v2\/pages\/925\/revisions"}],"predecessor-version":[{"id":4392,"href":"https:\/\/oeltech.com\/es\/wp-json\/wp\/v2\/pages\/925\/revisions\/4392"}],"wp:featuredmedia":[{"embeddable":true,"href":"https:\/\/oeltech.com\/es\/wp-json\/wp\/v2\/media\/3426"}],"wp:attachment":[{"href":"https:\/\/oeltech.com\/es\/wp-json\/wp\/v2\/media?parent=925"}],"curies":[{"name":"wp","href":"https:\/\/api.w.org\/{rel}","templated":true}]}}