{"id":704,"date":"2018-09-24T16:53:52","date_gmt":"2018-09-24T16:53:52","guid":{"rendered":"https:\/\/oeltech.com\/?page_id=704"},"modified":"2018-09-24T16:58:20","modified_gmt":"2018-09-24T16:58:20","slug":"equipment","status":"publish","type":"page","link":"https:\/\/oeltech.com\/es\/equipment\/","title":{"rendered":"Equipment"},"content":{"rendered":"<h4><span id=\"result_box\" class=\"\" lang=\"en\"><span class=\"\">On this page we would like to introduce you to equipment for the production and processing of vegetable oils, as well as labels and oil glass bottles.<\/span> <span class=\"\">As the company Oeltech Maschinenbau concentrates itself on the development and the manufacturing of the oil presses itself, we gladly share these products with you.<\/span> <span class=\"\">These are the highest quality and best value for money providers (as far as for equipment in Europe). Other countries may have better suppliers for these tools.<br \/>\n<\/span><\/span><\/h4>\n<p>&nbsp;<\/p>\n<p>[ux_banner_grid]<\/p>\n<p>[col_grid span=&#8221;6&#8243;]<\/p>\n<p>[ux_banner height=&#8221;400px&#8221; bg=&#8221;548&#8243; bg_overlay=&#8221;rgba(0, 0, 0, 0.2)&#8221;]<\/p>\n<p>[text_box text_color=&#8221;dark&#8221; width=&#8221;94&#8243; padding=&#8221;5px 30px 10px 30px&#8221; position_x=&#8221;50&#8243; position_y=&#8221;95&#8243; bg=&#8221;rgba(255, 255, 255, 0.94)&#8221;]<\/p>\n<h1><strong>Stainless steel containers 50 Liter from 40 EURO<br \/>\n<\/strong><\/h1>\n<p>[button text=&#8221;Webshop (extern)&#8221; style=&#8221;underline&#8221; expand=&#8221;true&#8221; target=&#8221;_blank&#8221;]<\/p>\n<p>[\/text_box]<\/p>\n<p>[\/ux_banner]<\/p>\n<p>[\/col_grid]<br \/>\n[col_grid span=&#8221;3&#8243;]<\/p>\n<p>[ux_banner height=&#8221;400px&#8221; bg=&#8221;551&#8243; bg_overlay=&#8221;rgba(0, 0, 0, 0.2)&#8221; bg_pos=&#8221;0% 0%&#8221;]<\/p>\n<p>[text_box text_color=&#8221;dark&#8221; width=&#8221;94&#8243; padding=&#8221;5px 30px 10px 30px&#8221; position_x=&#8221;50&#8243; position_y=&#8221;90&#8243; bg=&#8221;rgba(255, 255, 255, 0.94)&#8221;]<\/p>\n<h3 class=\"uppercase\"><strong>5 Liter plastic measuring mug from 5,50 EURO<br \/>\n<\/strong><\/h3>\n<p>[button text=&#8221;Webshop (EXTERN)&#8221; style=&#8221;underline&#8221; link=&#8221;https:\/\/www.polsinelli.it\/en\/plastic-measuring-mug-5-l-P1206.htm&#8221; target=&#8221;_blank&#8221;]<\/p>\n<p>[\/text_box]<\/p>\n<p>[\/ux_banner]<\/p>\n<p>[\/col_grid]<br \/>\n[col_grid span=&#8221;3&#8243;]<\/p>\n<p>[ux_banner height=&#8221;400px&#8221; bg=&#8221;554&#8243; bg_overlay=&#8221;rgba(0, 0, 0, 0.2)&#8221; bg_pos=&#8221;46% 60%&#8221;]<\/p>\n<p>[text_box text_color=&#8221;dark&#8221; width=&#8221;90&#8243; padding=&#8221;5px 30px 10px 30px&#8221; position_x=&#8221;50&#8243; position_y=&#8221;25&#8243; bg=&#8221;rgba(255, 255, 255, 0.94)&#8221;]<\/p>\n<h3 class=\"uppercase\"><strong>Conical stainless steel Tanks from 650 EURO<br \/>\n<\/strong><\/h3>\n<p>[button text=&#8221;Webshop (EXTERN)&#8221; style=&#8221;underline&#8221; link=&#8221;https:\/\/www.polsinelli.it\/en\/stainless-stell-tank-variable-capacity-400-lt-air-floating-lid-P1913.htm&#8221; target=&#8221;_blank&#8221;]<\/p>\n<p>[\/text_box]<br \/>\n[text_box style=&#8221;circle&#8221; width=&#8221;26&#8243; margin=&#8221;0px -5px 0px 0px&#8221; position_x=&#8221;100&#8243; position_y=&#8221;5&#8243;]<\/p>\n<p><span style=\"font-size: 250%;\"><strong>SALE<\/strong><\/span><\/p>\n<p>[\/text_box]<\/p>\n<p>[\/ux_banner]<\/p>\n<p>[\/col_grid]<\/p>\n<p>[\/ux_banner_grid]<br \/>\n[ux_banner_grid]<\/p>\n<p>[col_grid span=&#8221;8&#8243; height=&#8221;2-3&#8243;]<\/p>\n<p>[ux_banner height=&#8221;400px&#8221; bg=&#8221;556&#8243; bg_overlay=&#8221;rgba(0, 0, 0, 0.2)&#8221; bg_pos=&#8221;42% 39%&#8221;]<\/p>\n<p>[text_box text_color=&#8221;dark&#8221; width=&#8221;96&#8243; padding=&#8221;5px 30px 10px 30px&#8221; position_x=&#8221;50&#8243; position_y=&#8221;85&#8243; bg=&#8221;rgba(255, 255, 255, 0.94)&#8221;]<\/p>\n<h3 class=\"uppercase\"><strong>Enolmatic Oil Filler &#8211; 150 Bottles per Hour &#8211; From 300 EURO<br \/>\n<\/strong><\/h3>\n<p>[button text=&#8221;Webshop (Extern)&#8221; style=&#8221;underline&#8221; link=&#8221;https:\/\/www.polsinelli.it\/en\/enolmatic-oil-filler-P1236.htm&#8221; target=&#8221;_blank&#8221;]<\/p>\n<p>[\/text_box]<\/p>\n<p>[\/ux_banner]<\/p>\n<p>[\/col_grid]<br \/>\n[col_grid span=&#8221;4&#8243; height=&#8221;1-3&#8243;]<\/p>\n<p>[ux_banner height=&#8221;400px&#8221; bg=&#8221;557&#8243; bg_overlay=&#8221;rgba(0, 0, 0, 0.2)&#8221; bg_pos=&#8221;0% 73%&#8221;]<\/p>\n<p>[text_box text_color=&#8221;dark&#8221; width=&#8221;49&#8243; padding=&#8221;5px 30px 10px 30px&#8221; position_x=&#8221;95&#8243; position_y=&#8221;5&#8243; bg=&#8221;rgba(255, 255, 255, 0.94)&#8221;]<\/p>\n<h3><strong>ENOLMATIC OIL DECANTER FROM 78 EURO<br \/>\n<\/strong><\/h3>\n<p>[button text=&#8221;Webshop (Extern)&#8221; style=&#8221;underline&#8221; link=&#8221;https:\/\/www.polsinelli.it\/en\/kit-enolmatic-for-oil-decanting-P1028.htm&#8221; target=&#8221;_blank&#8221;]<\/p>\n<p>[\/text_box]<\/p>\n<p>[\/ux_banner]<\/p>\n<p>[\/col_grid]<br \/>\n[col_grid span=&#8221;4&#8243; height=&#8221;2-3&#8243;]<\/p>\n<p>[ux_banner height=&#8221;400px&#8221; bg=&#8221;560&#8243; bg_overlay=&#8221;rgba(0, 0, 0, 0.2)&#8221;]<\/p>\n<p>[text_box text_color=&#8221;dark&#8221; width=&#8221;94&#8243; padding=&#8221;5px 30px 10px 30px&#8221; position_x=&#8221;50&#8243; position_y=&#8221;95&#8243; bg=&#8221;rgba(255, 255, 255, 0.94)&#8221;]<\/p>\n<h3 class=\"uppercase\"><strong>SHEET FILTER FOR OIL FROM 985 EURO<br \/>\n<\/strong><\/h3>\n<p>[button text=&#8221;Webshop (EXTERN)&#8221; style=&#8221;underline&#8221; link=&#8221;https:\/\/www.polsinelli.it\/en\/filter-jolly-20-for-oil-P1861.htm&#8221; target=&#8221;_blank&#8221;]<\/p>\n<p>[\/text_box]<\/p>\n<p>[\/ux_banner]<\/p>\n<p>[\/col_grid]<br \/>\n[col_grid span=&#8221;8&#8243; height=&#8221;1-3&#8243;]<\/p>\n<p>[ux_banner height=&#8221;400px&#8221; bg=&#8221;562&#8243; bg_overlay=&#8221;rgba(0, 0, 0, 0.2)&#8221; bg_pos=&#8221;0% 69%&#8221;]<\/p>\n<p>[text_box text_color=&#8221;dark&#8221; width=&#8221;38&#8243; padding=&#8221;5px 30px 10px 30px&#8221; position_x=&#8221;10&#8243; position_y=&#8221;95&#8243; bg=&#8221;rgba(255, 255, 255, 0.94)&#8221;]<\/p>\n<p><strong>Hoses from 0,50 EURO per Meter<\/strong><\/p>\n<p>[button text=&#8221;Webshop (EXTERN)&#8221; style=&#8221;underline&#8221; link=&#8221;https:\/\/www.polsinelli.it\/en\/hose-cristallo-%C3%B8-7-1-m&#8211;P726.htm&#8221; target=&#8221;_blank&#8221;]<\/p>\n<p>[\/text_box]<\/p>\n<p>[\/ux_banner]<\/p>\n<p>[\/col_grid]<\/p>\n<p>[\/ux_banner_grid]<br \/>\n[ux_banner_grid]<\/p>\n<p>[col_grid height=&#8221;2-3&#8243;]<\/p>\n<p>[ux_banner height=&#8221;400px&#8221; bg=&#8221;564&#8243; bg_overlay=&#8221;rgba(0, 0, 0, 0.2)&#8221; bg_pos=&#8221;29% 72%&#8221;]<\/p>\n<p>[text_box text_color=&#8221;dark&#8221; width=&#8221;84&#8243; padding=&#8221;5px 30px 10px 30px&#8221; position_x=&#8221;50&#8243; position_y=&#8221;90&#8243; bg=&#8221;rgba(255, 255, 255, 0.94)&#8221;]<\/p>\n<h3 class=\"uppercase\"><strong>Plate heat exchanger <\/strong><\/h3>\n<h3 class=\"uppercase\"><strong>for oil from 55 EURO<br \/>\n<\/strong><\/h3>\n<p>[button text=&#8221;Webshop (EXTERN)&#8221; style=&#8221;underline&#8221; link=&#8221;https:\/\/www.polsinelli.it\/en\/heat-exchanger-20-brazed-plates-P1298.htm&#8221; target=&#8221;_blank&#8221;]<\/p>\n<p>[\/text_box]<\/p>\n<p>[\/ux_banner]<\/p>\n<p>[\/col_grid]<br \/>\n[col_grid span=&#8221;6&#8243; height=&#8221;2-3&#8243;]<\/p>\n<p>[ux_banner height=&#8221;400px&#8221; bg=&#8221;566&#8243; bg_overlay=&#8221;rgba(0, 0, 0, 0.2)&#8221; bg_pos=&#8221;0% 0%&#8221;]<\/p>\n<p>[text_box text_color=&#8221;dark&#8221; width=&#8221;100&#8243; padding=&#8221;5px 30px 10px 30px&#8221; position_x=&#8221;50&#8243; position_y=&#8221;95&#8243; bg=&#8221;rgba(255, 255, 255, 0.94)&#8221;]<\/p>\n<h1><strong>Labels<br \/>\n<\/strong><\/h1>\n<h1><strong>1000 pcs from 29,62 EURO<br \/>\n<\/strong><\/h1>\n<p>[button text=&#8221;Webshop (EXTERN)&#8221; style=&#8221;underline&#8221; link=&#8221;https:\/\/www.flyerpilot.de\/flaschenetiketten&#8221; target=&#8221;_blank&#8221;]<\/p>\n<p>[\/text_box]<\/p>\n<p>[\/ux_banner]<br \/>\n[ux_banner height=&#8221;400px&#8221; bg=&#8221;566&#8243; bg_overlay=&#8221;rgba(0, 0, 0, 0.2)&#8221; bg_pos=&#8221;0% 0%&#8221;]<\/p>\n<p>[text_box text_color=&#8221;dark&#8221; width=&#8221;100&#8243; padding=&#8221;5px 30px 10px 30px&#8221; position_x=&#8221;50&#8243; position_y=&#8221;95&#8243; bg=&#8221;rgba(255, 255, 255, 0.94)&#8221;]<\/p>\n<h1><strong>Labels<\/strong><\/h1>\n<h1><strong>1000 pcs from 29,62 EURO<br \/>\n<\/strong><\/h1>\n<p>[button text=&#8221;Webshop (EXTERN)&#8221; style=&#8221;underline&#8221; link=&#8221;https:\/\/www.flyerpilot.de\/flaschenetiketten&#8221; target=&#8221;_blank&#8221;]<\/p>\n<p>[\/text_box]<\/p>\n<p>[\/ux_banner]<\/p>\n<p>[\/col_grid]<br \/>\n[col_grid span=&#8221;6&#8243;]<\/p>\n<p>[ux_banner height=&#8221;400px&#8221; bg=&#8221;571&#8243; bg_overlay=&#8221;rgba(0, 0, 0, 0.2)&#8221;]<\/p>\n<p>[text_box text_color=&#8221;dark&#8221; width=&#8221;100&#8243; padding=&#8221;5px 30px 10px 30px&#8221; position_x=&#8221;50&#8243; position_y=&#8221;90&#8243; bg=&#8221;rgba(255, 255, 255, 0.94)&#8221;]<\/p>\n<h3 class=\"uppercase\"><strong>Glass bottles from 0.34 EURO per piece<br \/>\n<\/strong><\/h3>\n<p>[button text=&#8221;Webshop (EXTERN)&#8221; style=&#8221;underline&#8221; link=&#8221;https:\/\/www.flaschenbauer.de\/glasflaschen\/oelflaschen\/?p=1&amp;o=3&#8243; target=&#8221;_blank&#8221;]<\/p>\n<p>[\/text_box]<br \/>\n[text_box style=&#8221;circle&#8221; width=&#8221;26&#8243; margin=&#8221;0px -5px 0px 0px&#8221; position_x=&#8221;100&#8243; position_y=&#8221;5&#8243;]<\/p>\n<p><span style=\"font-size: 250%;\"><strong>SALE<\/strong><\/span><\/p>\n<p>[\/text_box]<\/p>\n<p>[\/ux_banner]<\/p>\n<p>[\/col_grid]<\/p>\n<p>[\/ux_banner_grid]<br \/>\n[row]<\/p>\n<p>[\/row]<\/p>","protected":false},"excerpt":{"rendered":"<p>On this page we would like to introduce you to equipment for the production and processing of vegetable oils, as well as labels and oil glass bottles. As the company Oeltech Maschinenbau concentrates itself on the development and the manufacturing of the oil presses itself, we gladly share these products with you. These are the [&hellip;]<\/p>","protected":false},"author":1,"featured_media":0,"parent":0,"menu_order":0,"comment_status":"closed","ping_status":"closed","template":"","meta":{"footnotes":""},"yoast_head":"<!-- This site is optimized with the Yoast SEO Premium plugin v21.9 (Yoast SEO v21.9.1) - https:\/\/yoast.com\/wordpress\/plugins\/seo\/ -->\n<title>Equipment - Oeltech Maschinenbau M\u00fcnchen<\/title>\n<meta name=\"description\" content=\"On this page we would like to introduce you to equipment for the production and processing of vegetable oils, as well as labels and oil glass bottles. As\" \/>\n<meta name=\"robots\" content=\"index, follow, max-snippet:-1, max-image-preview:large, max-video-preview:-1\" \/>\n<link rel=\"canonical\" href=\"https:\/\/oeltech.com\/es\/equipment\/\" \/>\n<meta property=\"og:locale\" content=\"es_ES\" \/>\n<meta property=\"og:type\" content=\"article\" \/>\n<meta property=\"og:title\" content=\"Equipment\" \/>\n<meta property=\"og:description\" content=\"On this page we would like to introduce you to equipment for the production and processing of vegetable oils, as well as labels and oil glass bottles. As\" \/>\n<meta property=\"og:url\" content=\"https:\/\/oeltech.com\/es\/equipment\/\" \/>\n<meta property=\"og:site_name\" content=\"Oeltech Maschinenbau M\u00fcnchen\" \/>\n<meta property=\"article:modified_time\" content=\"2018-09-24T16:58:20+00:00\" \/>\n<meta name=\"twitter:card\" content=\"summary_large_image\" \/>\n<meta name=\"twitter:label1\" content=\"Tiempo de lectura\" \/>\n\t<meta name=\"twitter:data1\" content=\"4 minutos\" \/>\n<script type=\"application\/ld+json\" class=\"yoast-schema-graph\">{\"@context\":\"https:\/\/schema.org\",\"@graph\":[{\"@type\":\"WebPage\",\"@id\":\"https:\/\/oeltech.com\/equipment\/\",\"url\":\"https:\/\/oeltech.com\/equipment\/\",\"name\":\"Equipment - Oeltech Maschinenbau M\u00fcnchen\",\"isPartOf\":{\"@id\":\"https:\/\/oeltech.com\/#website\"},\"datePublished\":\"2018-09-24T16:53:52+00:00\",\"dateModified\":\"2018-09-24T16:58:20+00:00\",\"description\":\"On this page we would like to introduce you to equipment for the production and processing of vegetable oils, as well as labels and oil glass bottles. As\",\"breadcrumb\":{\"@id\":\"https:\/\/oeltech.com\/equipment\/#breadcrumb\"},\"inLanguage\":\"es\",\"potentialAction\":[{\"@type\":\"ReadAction\",\"target\":[\"https:\/\/oeltech.com\/equipment\/\"]}]},{\"@type\":\"BreadcrumbList\",\"@id\":\"https:\/\/oeltech.com\/equipment\/#breadcrumb\",\"itemListElement\":[{\"@type\":\"ListItem\",\"position\":1,\"name\":\"Startseite\",\"item\":\"https:\/\/oeltech.com\/\"},{\"@type\":\"ListItem\",\"position\":2,\"name\":\"Equipment\"}]},{\"@type\":\"WebSite\",\"@id\":\"https:\/\/oeltech.com\/#website\",\"url\":\"https:\/\/oeltech.com\/\",\"name\":\"Oeltech Maschinenbau M\u00fcnchen\",\"description\":\"\u00d6lpresse oder \u00d6lm\u00fchle online kaufen\",\"publisher\":{\"@id\":\"https:\/\/oeltech.com\/#organization\"},\"potentialAction\":[{\"@type\":\"SearchAction\",\"target\":{\"@type\":\"EntryPoint\",\"urlTemplate\":\"https:\/\/oeltech.com\/?s={search_term_string}\"},\"query-input\":\"required name=search_term_string\"}],\"inLanguage\":\"es\"},{\"@type\":\"Organization\",\"@id\":\"https:\/\/oeltech.com\/#organization\",\"name\":\"Oeltech Maschinenbau - Profi \u00d6lpresse kaufen \/\/ Maschinenbau aus M\u00fcnchen\",\"url\":\"https:\/\/oeltech.com\/\",\"logo\":{\"@type\":\"ImageObject\",\"inLanguage\":\"es\",\"@id\":\"https:\/\/oeltech.com\/#\/schema\/logo\/image\/\",\"url\":\"https:\/\/oeltech.com\/wp-content\/uploads\/2019\/05\/logo-oeltech-klein-1.png\",\"contentUrl\":\"https:\/\/oeltech.com\/wp-content\/uploads\/2019\/05\/logo-oeltech-klein-1.png\",\"width\":115,\"height\":39,\"caption\":\"Oeltech Maschinenbau - Profi \u00d6lpresse kaufen \/\/ Maschinenbau aus M\u00fcnchen\"},\"image\":{\"@id\":\"https:\/\/oeltech.com\/#\/schema\/logo\/image\/\"}}]}<\/script>\n<!-- \/ Yoast SEO Premium plugin. -->","yoast_head_json":{"title":"Equipment - Oeltech Maschinenbau M\u00fcnchen","description":"On this page we would like to introduce you to equipment for the production and processing of vegetable oils, as well as labels and oil glass bottles. As","robots":{"index":"index","follow":"follow","max-snippet":"max-snippet:-1","max-image-preview":"max-image-preview:large","max-video-preview":"max-video-preview:-1"},"canonical":"https:\/\/oeltech.com\/es\/equipment\/","og_locale":"es_ES","og_type":"article","og_title":"Equipment","og_description":"On this page we would like to introduce you to equipment for the production and processing of vegetable oils, as well as labels and oil glass bottles. As","og_url":"https:\/\/oeltech.com\/es\/equipment\/","og_site_name":"Oeltech Maschinenbau M\u00fcnchen","article_modified_time":"2018-09-24T16:58:20+00:00","twitter_card":"summary_large_image","twitter_misc":{"Tiempo de lectura":"4 minutos"},"schema":{"@context":"https:\/\/schema.org","@graph":[{"@type":"WebPage","@id":"https:\/\/oeltech.com\/equipment\/","url":"https:\/\/oeltech.com\/equipment\/","name":"Equipment - Oeltech Maschinenbau M\u00fcnchen","isPartOf":{"@id":"https:\/\/oeltech.com\/#website"},"datePublished":"2018-09-24T16:53:52+00:00","dateModified":"2018-09-24T16:58:20+00:00","description":"On this page we would like to introduce you to equipment for the production and processing of vegetable oils, as well as labels and oil glass bottles. As","breadcrumb":{"@id":"https:\/\/oeltech.com\/equipment\/#breadcrumb"},"inLanguage":"es","potentialAction":[{"@type":"ReadAction","target":["https:\/\/oeltech.com\/equipment\/"]}]},{"@type":"BreadcrumbList","@id":"https:\/\/oeltech.com\/equipment\/#breadcrumb","itemListElement":[{"@type":"ListItem","position":1,"name":"Startseite","item":"https:\/\/oeltech.com\/"},{"@type":"ListItem","position":2,"name":"Equipment"}]},{"@type":"WebSite","@id":"https:\/\/oeltech.com\/#website","url":"https:\/\/oeltech.com\/","name":"Oeltech Maschinenbau M\u00fcnchen","description":"\u00d6lpresse oder \u00d6lm\u00fchle online kaufen","publisher":{"@id":"https:\/\/oeltech.com\/#organization"},"potentialAction":[{"@type":"SearchAction","target":{"@type":"EntryPoint","urlTemplate":"https:\/\/oeltech.com\/?s={search_term_string}"},"query-input":"required name=search_term_string"}],"inLanguage":"es"},{"@type":"Organization","@id":"https:\/\/oeltech.com\/#organization","name":"Oeltech Maschinenbau - Profi \u00d6lpresse kaufen \/\/ Maschinenbau aus M\u00fcnchen","url":"https:\/\/oeltech.com\/","logo":{"@type":"ImageObject","inLanguage":"es","@id":"https:\/\/oeltech.com\/#\/schema\/logo\/image\/","url":"https:\/\/oeltech.com\/wp-content\/uploads\/2019\/05\/logo-oeltech-klein-1.png","contentUrl":"https:\/\/oeltech.com\/wp-content\/uploads\/2019\/05\/logo-oeltech-klein-1.png","width":115,"height":39,"caption":"Oeltech Maschinenbau - Profi \u00d6lpresse kaufen \/\/ Maschinenbau aus M\u00fcnchen"},"image":{"@id":"https:\/\/oeltech.com\/#\/schema\/logo\/image\/"}}]}},"_links":{"self":[{"href":"https:\/\/oeltech.com\/es\/wp-json\/wp\/v2\/pages\/704"}],"collection":[{"href":"https:\/\/oeltech.com\/es\/wp-json\/wp\/v2\/pages"}],"about":[{"href":"https:\/\/oeltech.com\/es\/wp-json\/wp\/v2\/types\/page"}],"author":[{"embeddable":true,"href":"https:\/\/oeltech.com\/es\/wp-json\/wp\/v2\/users\/1"}],"replies":[{"embeddable":true,"href":"https:\/\/oeltech.com\/es\/wp-json\/wp\/v2\/comments?post=704"}],"version-history":[{"count":3,"href":"https:\/\/oeltech.com\/es\/wp-json\/wp\/v2\/pages\/704\/revisions"}],"predecessor-version":[{"id":710,"href":"https:\/\/oeltech.com\/es\/wp-json\/wp\/v2\/pages\/704\/revisions\/710"}],"wp:attachment":[{"href":"https:\/\/oeltech.com\/es\/wp-json\/wp\/v2\/media?parent=704"}],"curies":[{"name":"wp","href":"https:\/\/api.w.org\/{rel}","templated":true}]}}