{"id":38,"date":"2018-08-22T09:37:29","date_gmt":"2018-08-22T09:37:29","guid":{"rendered":"http:\/\/oeltech.com\/widerrufsbelehrung"},"modified":"2020-03-11T14:23:18","modified_gmt":"2020-03-11T14:23:18","slug":"widerrufsbelehrung","status":"publish","type":"page","link":"https:\/\/oeltech.com\/es\/widerrufsbelehrung\/","title":{"rendered":"Declaraci\u00f3n de revocaci\u00f3n"},"content":{"rendered":"<p><strong>Widerrufsbelehrung f\u00fcr Verbraucher<\/strong><\/p>\n<p>Entsprechend den gesetzlichen Bestimmungen \u00fcber Fernabsatzvertr\u00e4ge steht Ihnen das nachfolgende Widerrufsrecht zu:<\/p>\n<div class=\"std\"><strong>Widerrufsrecht<\/strong><\/div>\n<p>Sie haben das Recht, binnen vierzehn Tagen ohne Angabe von Gr\u00fcnden diesen Vertrag zu widerrufen.<\/p>\n<p>Die Widerrufsfrist betr\u00e4gt vierzehn Tage ab dem Tag an dem Sie oder ein von Ihnen benannter Dritter, der nicht der Bef\u00f6rderer ist, die Waren in Besitz genommen haben bzw. hat.<\/p>\n<p>Um Ihr Widerrufsrecht auszu\u00fcben, m\u00fcssen Sie uns (Martd GmbH, c\/o Widerruf, Schellingstrasse 153, 80797 M\u00fcnchen) mittels einer eindeutigen Erkl\u00e4rung (z. B. ein mit der Post versandter Brief oder E-Mail) \u00fcber Ihren Entschluss, diesen Vertrag zu widerrufen, informieren.<\/p>\n<p>Zur Wahrung der Widerrufsfrist reicht es aus, dass Sie die Mitteilung \u00fcber die Aus\u00fcbung des Widerrufsrechts vor Ablauf der Widerrufsfrist absenden.<\/p>\n<p><strong>Folgen des Widerrufs<\/strong><\/p>\n<p>Wenn Sie diesen Vertrag widerrufen, haben wir Ihnen alle Zahlungen, die wir von Ihnen erhalten haben, einschlie\u00dflich der Lieferkosten (mit Ausnahme der zus\u00e4tzlichen Kosten, die sich daraus ergeben, dass Sie eine andere Art der Lieferung als die von uns angebotene, g\u00fcnstigste Standardlieferung gew\u00e4hlt haben), unverz\u00fcglich und sp\u00e4testens binnen vierzehn Tagen ab dem Tag zur\u00fcckzuzahlen, an dem die Mitteilung \u00fcber Ihren Widerruf dieses Vertrags bei uns eingegangen ist. F\u00fcr diese R\u00fcckzahlung verwenden wir dasselbe Zahlungsmittel, das Sie bei der urspr\u00fcnglichen Transaktion eingesetzt haben, es sei denn, mit Ihnen wurde ausdr\u00fccklich etwas anderes vereinbart; in keinem Fall werden Ihnen wegen dieser R\u00fcckzahlung Entgelte berechnet. Wir k\u00f6nnen die R\u00fcckzahlung verweigern, bis wir die Waren wieder zur\u00fcckerhalten haben oder bis Sie den Nachweis erbracht haben, dass Sie die Waren zur\u00fcckgesandt haben, je nachdem, welches der fr\u00fchere Zeitpunkt ist.<\/p>\n<p>Sie haben die Waren unverz\u00fcglich und in jedem Fall sp\u00e4testens binnen vierzehn Tagen ab dem Tag, an dem Sie uns \u00fcber den Widerruf dieses Vertrags unterrichten,<\/p>\n<p>an<\/p>\n<p>Martd GmbH<br \/>\nc\/o Widerruf<br \/>\nSchellingstrasse 153<br \/>\n<strong>80797 M\u00fcnchen<\/strong><\/p>\n<p>zur\u00fcckzusenden oder zu \u00fcbergeben. Die Frist ist gewahrt, wenn Sie die Waren vor Ablauf der Frist von vierzehn Tagen absenden.<\/p>\n<p>Sie tragen die Kosten der R\u00fccksendung der Waren.<\/p>\n<p><a href=\"https:\/\/oeltech.com\/wp-content\/uploads\/2019\/01\/Muster-Widerrufsformular.pdf\">Download Muster Widerrufsformular<\/a><\/p>","protected":false},"excerpt":{"rendered":"<p>Widerrufsbelehrung f\u00fcr Verbraucher Entsprechend den gesetzlichen Bestimmungen \u00fcber Fernabsatzvertr\u00e4ge steht Ihnen das nachfolgende Widerrufsrecht zu: Widerrufsrecht Sie haben das Recht, binnen vierzehn Tagen ohne Angabe von Gr\u00fcnden diesen Vertrag zu widerrufen. Die Widerrufsfrist betr\u00e4gt vierzehn Tage ab dem Tag an dem Sie oder ein von Ihnen benannter Dritter, der nicht der Bef\u00f6rderer ist, die Waren [&hellip;]<\/p>","protected":false},"author":1,"featured_media":0,"parent":0,"menu_order":0,"comment_status":"closed","ping_status":"closed","template":"","meta":{"footnotes":""},"yoast_head":"<!-- This site is optimized with the Yoast SEO Premium plugin v21.9 (Yoast SEO v21.9.1) - https:\/\/yoast.com\/wordpress\/plugins\/seo\/ -->\n<title>Widerrufsbelehrung - Oeltech Maschinenbau M\u00fcnchen<\/title>\n<meta name=\"description\" content=\"Widerrufsbelehrung f\u00fcr Verbraucher Entsprechend den gesetzlichen Bestimmungen \u00fcber Fernabsatzvertr\u00e4ge steht Ihnen das nachfolgende Widerrufsrecht zu:\" \/>\n<meta name=\"robots\" content=\"index, follow, max-snippet:-1, max-image-preview:large, max-video-preview:-1\" \/>\n<link rel=\"canonical\" href=\"https:\/\/oeltech.com\/es\/widerrufsbelehrung\/\" \/>\n<meta property=\"og:locale\" content=\"es_ES\" \/>\n<meta property=\"og:type\" content=\"article\" \/>\n<meta property=\"og:title\" content=\"Widerrufsbelehrung\" \/>\n<meta property=\"og:description\" content=\"Widerrufsbelehrung f\u00fcr Verbraucher Entsprechend den gesetzlichen Bestimmungen \u00fcber Fernabsatzvertr\u00e4ge steht Ihnen das nachfolgende Widerrufsrecht zu:\" \/>\n<meta property=\"og:url\" content=\"https:\/\/oeltech.com\/es\/widerrufsbelehrung\/\" \/>\n<meta property=\"og:site_name\" content=\"Oeltech Maschinenbau M\u00fcnchen\" \/>\n<meta property=\"article:modified_time\" content=\"2020-03-11T14:23:18+00:00\" \/>\n<meta name=\"twitter:card\" content=\"summary_large_image\" \/>\n<meta name=\"twitter:label1\" content=\"Tiempo de lectura\" \/>\n\t<meta name=\"twitter:data1\" content=\"2 minutos\" \/>\n<script type=\"application\/ld+json\" class=\"yoast-schema-graph\">{\"@context\":\"https:\/\/schema.org\",\"@graph\":[{\"@type\":\"WebPage\",\"@id\":\"https:\/\/oeltech.com\/widerrufsbelehrung\/\",\"url\":\"https:\/\/oeltech.com\/widerrufsbelehrung\/\",\"name\":\"Widerrufsbelehrung - Oeltech Maschinenbau M\u00fcnchen\",\"isPartOf\":{\"@id\":\"https:\/\/oeltech.com\/#website\"},\"datePublished\":\"2018-08-22T09:37:29+00:00\",\"dateModified\":\"2020-03-11T14:23:18+00:00\",\"description\":\"Widerrufsbelehrung f\u00fcr Verbraucher Entsprechend den gesetzlichen Bestimmungen \u00fcber Fernabsatzvertr\u00e4ge steht Ihnen das nachfolgende Widerrufsrecht zu:\",\"breadcrumb\":{\"@id\":\"https:\/\/oeltech.com\/widerrufsbelehrung\/#breadcrumb\"},\"inLanguage\":\"es\",\"potentialAction\":[{\"@type\":\"ReadAction\",\"target\":[\"https:\/\/oeltech.com\/widerrufsbelehrung\/\"]}]},{\"@type\":\"BreadcrumbList\",\"@id\":\"https:\/\/oeltech.com\/widerrufsbelehrung\/#breadcrumb\",\"itemListElement\":[{\"@type\":\"ListItem\",\"position\":1,\"name\":\"Startseite\",\"item\":\"https:\/\/oeltech.com\/\"},{\"@type\":\"ListItem\",\"position\":2,\"name\":\"Widerrufsbelehrung\"}]},{\"@type\":\"WebSite\",\"@id\":\"https:\/\/oeltech.com\/#website\",\"url\":\"https:\/\/oeltech.com\/\",\"name\":\"Oeltech Maschinenbau M\u00fcnchen\",\"description\":\"\u00d6lpresse oder \u00d6lm\u00fchle online kaufen\",\"publisher\":{\"@id\":\"https:\/\/oeltech.com\/#organization\"},\"potentialAction\":[{\"@type\":\"SearchAction\",\"target\":{\"@type\":\"EntryPoint\",\"urlTemplate\":\"https:\/\/oeltech.com\/?s={search_term_string}\"},\"query-input\":\"required name=search_term_string\"}],\"inLanguage\":\"es\"},{\"@type\":\"Organization\",\"@id\":\"https:\/\/oeltech.com\/#organization\",\"name\":\"Oeltech Maschinenbau - Profi \u00d6lpresse kaufen \/\/ Maschinenbau aus M\u00fcnchen\",\"url\":\"https:\/\/oeltech.com\/\",\"logo\":{\"@type\":\"ImageObject\",\"inLanguage\":\"es\",\"@id\":\"https:\/\/oeltech.com\/#\/schema\/logo\/image\/\",\"url\":\"https:\/\/oeltech.com\/wp-content\/uploads\/2019\/05\/logo-oeltech-klein-1.png\",\"contentUrl\":\"https:\/\/oeltech.com\/wp-content\/uploads\/2019\/05\/logo-oeltech-klein-1.png\",\"width\":115,\"height\":39,\"caption\":\"Oeltech Maschinenbau - Profi \u00d6lpresse kaufen \/\/ Maschinenbau aus M\u00fcnchen\"},\"image\":{\"@id\":\"https:\/\/oeltech.com\/#\/schema\/logo\/image\/\"}}]}<\/script>\n<!-- \/ Yoast SEO Premium plugin. -->","yoast_head_json":{"title":"Widerrufsbelehrung - Oeltech Maschinenbau M\u00fcnchen","description":"Widerrufsbelehrung f\u00fcr Verbraucher Entsprechend den gesetzlichen Bestimmungen \u00fcber Fernabsatzvertr\u00e4ge steht Ihnen das nachfolgende Widerrufsrecht zu:","robots":{"index":"index","follow":"follow","max-snippet":"max-snippet:-1","max-image-preview":"max-image-preview:large","max-video-preview":"max-video-preview:-1"},"canonical":"https:\/\/oeltech.com\/es\/widerrufsbelehrung\/","og_locale":"es_ES","og_type":"article","og_title":"Widerrufsbelehrung","og_description":"Widerrufsbelehrung f\u00fcr Verbraucher Entsprechend den gesetzlichen Bestimmungen \u00fcber Fernabsatzvertr\u00e4ge steht Ihnen das nachfolgende Widerrufsrecht zu:","og_url":"https:\/\/oeltech.com\/es\/widerrufsbelehrung\/","og_site_name":"Oeltech Maschinenbau M\u00fcnchen","article_modified_time":"2020-03-11T14:23:18+00:00","twitter_card":"summary_large_image","twitter_misc":{"Tiempo de lectura":"2 minutos"},"schema":{"@context":"https:\/\/schema.org","@graph":[{"@type":"WebPage","@id":"https:\/\/oeltech.com\/widerrufsbelehrung\/","url":"https:\/\/oeltech.com\/widerrufsbelehrung\/","name":"Widerrufsbelehrung - Oeltech Maschinenbau M\u00fcnchen","isPartOf":{"@id":"https:\/\/oeltech.com\/#website"},"datePublished":"2018-08-22T09:37:29+00:00","dateModified":"2020-03-11T14:23:18+00:00","description":"Widerrufsbelehrung f\u00fcr Verbraucher Entsprechend den gesetzlichen Bestimmungen \u00fcber Fernabsatzvertr\u00e4ge steht Ihnen das nachfolgende Widerrufsrecht zu:","breadcrumb":{"@id":"https:\/\/oeltech.com\/widerrufsbelehrung\/#breadcrumb"},"inLanguage":"es","potentialAction":[{"@type":"ReadAction","target":["https:\/\/oeltech.com\/widerrufsbelehrung\/"]}]},{"@type":"BreadcrumbList","@id":"https:\/\/oeltech.com\/widerrufsbelehrung\/#breadcrumb","itemListElement":[{"@type":"ListItem","position":1,"name":"Startseite","item":"https:\/\/oeltech.com\/"},{"@type":"ListItem","position":2,"name":"Widerrufsbelehrung"}]},{"@type":"WebSite","@id":"https:\/\/oeltech.com\/#website","url":"https:\/\/oeltech.com\/","name":"Oeltech Maschinenbau M\u00fcnchen","description":"\u00d6lpresse oder \u00d6lm\u00fchle online kaufen","publisher":{"@id":"https:\/\/oeltech.com\/#organization"},"potentialAction":[{"@type":"SearchAction","target":{"@type":"EntryPoint","urlTemplate":"https:\/\/oeltech.com\/?s={search_term_string}"},"query-input":"required name=search_term_string"}],"inLanguage":"es"},{"@type":"Organization","@id":"https:\/\/oeltech.com\/#organization","name":"Oeltech Maschinenbau - Profi \u00d6lpresse kaufen \/\/ Maschinenbau aus M\u00fcnchen","url":"https:\/\/oeltech.com\/","logo":{"@type":"ImageObject","inLanguage":"es","@id":"https:\/\/oeltech.com\/#\/schema\/logo\/image\/","url":"https:\/\/oeltech.com\/wp-content\/uploads\/2019\/05\/logo-oeltech-klein-1.png","contentUrl":"https:\/\/oeltech.com\/wp-content\/uploads\/2019\/05\/logo-oeltech-klein-1.png","width":115,"height":39,"caption":"Oeltech Maschinenbau - Profi \u00d6lpresse kaufen \/\/ Maschinenbau aus M\u00fcnchen"},"image":{"@id":"https:\/\/oeltech.com\/#\/schema\/logo\/image\/"}}]}},"_links":{"self":[{"href":"https:\/\/oeltech.com\/es\/wp-json\/wp\/v2\/pages\/38"}],"collection":[{"href":"https:\/\/oeltech.com\/es\/wp-json\/wp\/v2\/pages"}],"about":[{"href":"https:\/\/oeltech.com\/es\/wp-json\/wp\/v2\/types\/page"}],"author":[{"embeddable":true,"href":"https:\/\/oeltech.com\/es\/wp-json\/wp\/v2\/users\/1"}],"replies":[{"embeddable":true,"href":"https:\/\/oeltech.com\/es\/wp-json\/wp\/v2\/comments?post=38"}],"version-history":[{"count":3,"href":"https:\/\/oeltech.com\/es\/wp-json\/wp\/v2\/pages\/38\/revisions"}],"predecessor-version":[{"id":3234,"href":"https:\/\/oeltech.com\/es\/wp-json\/wp\/v2\/pages\/38\/revisions\/3234"}],"wp:attachment":[{"href":"https:\/\/oeltech.com\/es\/wp-json\/wp\/v2\/media?parent=38"}],"curies":[{"name":"wp","href":"https:\/\/api.w.org\/{rel}","templated":true}]}}