{"id":37,"date":"2018-08-22T09:37:29","date_gmt":"2018-08-22T09:37:29","guid":{"rendered":"http:\/\/oeltech.com\/agb"},"modified":"2022-08-25T09:52:41","modified_gmt":"2022-08-25T09:52:41","slug":"agb","status":"publish","type":"page","link":"https:\/\/oeltech.com\/es\/agb\/","title":{"rendered":"Condiciones generales"},"content":{"rendered":"<div class=\"page-title\">\n<h1><\/h1>\n<h1>Allgemeine Gesch\u00e4ftsbedingungen (AGB)<\/h1>\n<\/div>\n<div class=\"std\">\n<p><strong>\u00a7 1 Allgemeines und Geltungsbereich<\/strong><\/p>\n<p>1.1. F\u00fcr die Gesch\u00e4ftsbeziehung zwischen der Martd GmbH, nachfolgend \u201eMB\u201c genannt, und dem Kunden sowie Lieferanten (nachfolgend auch \u201eBesteller\u201c oder \u201eSie\u201c) gelten ausschlie\u00dflich die nachfolgenden Allgemeinen Gesch\u00e4ftsbedingungen in ihrer zum Zeitpunkt des Vertragsschlusses g\u00fcltigen Fassung. Abweichende andere Allgemeine Gesch\u00e4ftsbedingungen erkennt die MB nicht an, es sei denn, die MB h\u00e4tte ausdr\u00fccklich schriftlich ihrer Geltung zugestimmt.<\/p>\n<p>1.2. Vertragspartner f\u00fcr alle Bestellungen ist die<\/p>\n<p>Martd GmbH<\/p>\n<p>Schellingstrasse 153<\/p>\n<p>80797 M\u00fcnchen<\/p>\n<p>E-Mail: verkauf@oeltech.com<\/p>\n<p>Sitz der Gesellschaft ist M\u00fcnchen<\/p>\n<p>Amtsgericht M\u00fcnchen &#8211; HRB 240493<\/p>\n<p>Gesch\u00e4ftsf\u00fchrer: Martin Lechler<\/p>\n<p>USt\/Id-Nr.: DE318190733<\/p>\n<p><strong>\u00a7 2 Vertragsschluss, Kaufpreiszahlung und Lieferung<\/strong><\/p>\n<p>2.1. Die Darstellung der Artikel in unserem Onlineshop stellt kein rechtlich verbindliches Angebot dar, sondern lediglich die Einladung zur Abgabe eines Angebotes durch Sie. Die Beschreibung der Waren stellt keine Beschaffenheitsgarantie oder Beschaffenheitsvereinbarung dar, es sei denn es handelt sich um die typische Beschaffenheit der Ware.<\/p>\n<p>2.2. Durch Anklicken des Bestellen-Buttons im letzten Schritt des Bestellprozesses geben Sie eine verbindliche Bestellung der auf der Bestellseite gelisteten Waren ab. Ihre Bestellung stellt ein Angebot an uns zum Abschluss eines Kaufvertrages dar. Wenn Sie eine Bestellung bei der MB aufgeben, schicken wir Ihnen eine E-Mail, die den Eingang Ihrer Bestellung bei uns best\u00e4tigt und deren Einzelheiten auff\u00fchrt (Bestellbest\u00e4tigung). Diese Bestellbest\u00e4tigung stellt zun\u00e4chst keine Annahme Ihres Angebotes dar, sondern soll Sie nur dar\u00fcber informieren, dass Ihre Bestellung bei uns eingegangen ist. Erst durch unsere Auftragsbest\u00e4tigung kommt ein Kaufvertrag zustande.<\/p>\n<p>2.3. Die Bestellung wird, vorbehaltlich des Lagerbestandes, nach Eingang der Zahlung innerhalb der beim Bestellprozess angegebenen Lieferzeit an Sie versandt. Die Lieferzeiten werden Ihnen auf den Produktseiten, im Warenkorbsystem und auf der Seite Bestell\u00fcbersicht mitgeteilt.<\/p>\n<p><strong>\u00a7 3 Kaufpreiszahlung und Verzug des K\u00e4ufers<\/strong><\/p>\n<p>F\u00fcr Eink\u00e4ufe bietet die MB grunds\u00e4tzlich die Zahlarten Vorkasse-\u00dcberweisung, Kreditkarte entsprechend dem Bestellformular und Paypal an. In Abh\u00e4ngigkeit von dem Ergebnis einer Bonit\u00e4tspr\u00fcfung beh\u00e4lt sich die MB vor, gewisse Zahlarten nicht anzubieten und auf andere Zahlarten zu verweisen. Soweit die vom K\u00e4ufer gew\u00e4hlte Zahlungsart trotz vertragsgem\u00e4\u00dfer Durchf\u00fchrung seitens der MB nicht durchf\u00fchrbar ist, insbesondere weil eine Abbuchung vom Konto des K\u00e4ufers mangels Deckung dessen Kontos oder wegen Angabe falscher Daten nicht m\u00f6glich ist, hat der K\u00e4ufer der MB die hierdurch entstehenden Mehrkosten zu ersetzen.<\/p>\n<p><strong>\u00a7 4 Lieferung<\/strong><\/p>\n<p>Sofern nicht anders vereinbart, erfolgt die Lieferung an die vom Besteller angegebene Lieferadresse bis Bordsteinkante. Die Lieferung erfolgt ausdr\u00fccklich erst nach Zahlungseingang des Gesamtbetrages. Falls die MB ohne eigenes Verschulden zur Lieferung der bestellten Ware nicht in der Lage ist, weil der Lieferant der MB seine vertraglichen Verpflichtungen nicht erf\u00fcllt, ist die MB dem Besteller gegen\u00fcber zum R\u00fccktritt berechtigt. In diesem Fall wird der Besteller unverz\u00fcglich dar\u00fcber informiert, dass das bestellte Produkt nicht zur Verf\u00fcgung steht. Die gesetzlichen Anspr\u00fcche des Bestellers bleiben unber\u00fchrt. Wenn der Besteller nicht unter der von ihm angegebenen Lieferadresse angetroffen wird, tr\u00e4gt der Besteller die Kosten f\u00fcr die erfolglose Anlieferung. Die Gefahr des zuf\u00e4lligen Untergangs und der zuf\u00e4lligen Verschlechterung des Kaufgegenstands geht auf den K\u00e4ufer, der Verbraucher ist, bei dem ersten Anlieferungsversuch beim K\u00e4ufer \u00fcber.<\/p>\n<p><strong>\u00a7 5 Preise und Versandkosten<\/strong><\/p>\n<p>Alle angegebenen Preise enthalten die jeweilige gesetzliche Mehrwertsteuer ausschlie\u00dflich von Transport- und\/oder Versandkosten innerhalb der Bundesrepublik Deutschland. Die Versandkosten werden Ihnen auf den Produktseiten, im Warenkorbsystem und auf der Seite Bestell\u00fcbersicht mitgeteilt.<\/p>\n<p><strong>\u00a7 6 Wiederverkauf<\/strong><\/p>\n<p>Der gewerbliche Wiederverkauf von Produkten der MB ist untersagt, sofern nicht schriftlich mit der MB eine andere Vereinbarung getroffen wurde. Hinsichtlich eines Versto\u00dfes gegen diese Bestimmung beh\u00e4lt sich die MB alle Rechte und Anspr\u00fcche vor, insbesondere die Geltendmachung von Schadensersatz.<\/p>\n<p><strong>\u00a7 7 Eigentumsvorbehalt<\/strong><\/p>\n<p>Die Bestellung bleibt bis zur vollst\u00e4ndigen Bezahlung Eigentum der MB. Vor Eigentums\u00fcbertragung ist eine Verpf\u00e4ndung, Sicherungs\u00fcbereignung, Verarbeitung oder Umgestaltung ohne ausdr\u00fcckliche Einwilligung von der MB nicht zul\u00e4ssig.<\/p>\n<p><strong>\u00a7 8 Aufrechnung<\/strong><\/p>\n<p>Ein Recht zur Aufrechnung steht dem Besteller nur zu, wenn seine Gegenanspr\u00fcche rechtskr\u00e4ftig festgestellt oder von der MB anerkannt sind.<\/p>\n<\/div>\n<div class=\"std\">\n<p><strong>\u00a7 9 Widerrufsbelehrung f\u00fcr Verbraucher<\/strong><\/p>\n<p>Entsprechend den gesetzlichen Bestimmungen \u00fcber Fernabsatzvertr\u00e4ge steht Ihnen das nachfolgende Widerrufsrecht zu:<\/p>\n<div class=\"std\"><strong>Widerrufsrecht<\/strong><\/div>\n<p>Sie haben das Recht, binnen vierzehn Tagen ohne Angabe von Gr\u00fcnden diesen Vertrag zu widerrufen.<\/p>\n<p>Die Widerrufsfrist betr\u00e4gt vierzehn Tage ab dem Tag an dem Sie oder ein von Ihnen benannter Dritter, der nicht der Bef\u00f6rderer ist, die Waren in Besitz genommen haben bzw. hat.<\/p>\n<p>Um Ihr Widerrufsrecht auszu\u00fcben, m\u00fcssen Sie uns (Martd GmbH, c\/o Widerruf, Schellingstrasse 153, 80797 M\u00fcnchen) mittels einer eindeutigen Erkl\u00e4rung (z. B. ein mit der Post versandter Brief oder E-Mail) \u00fcber Ihren Entschluss, diesen Vertrag zu widerrufen, informieren.<\/p>\n<p>Zur Wahrung der Widerrufsfrist reicht es aus, dass Sie die Mitteilung \u00fcber die Aus\u00fcbung des Widerrufsrechts vor Ablauf der Widerrufsfrist absenden.<\/p>\n<p><strong>Folgen des Widerrufs<\/strong><\/p>\n<p>Wenn Sie diesen Vertrag widerrufen, haben wir Ihnen alle Zahlungen, die wir von Ihnen erhalten haben, einschlie\u00dflich der Lieferkosten (mit Ausnahme der zus\u00e4tzlichen Kosten, die sich daraus ergeben, dass Sie eine andere Art der Lieferung als die von uns angebotene, g\u00fcnstigste Standardlieferung gew\u00e4hlt haben), unverz\u00fcglich und sp\u00e4testens binnen vierzehn Tagen ab dem Tag zur\u00fcckzuzahlen, an dem die Mitteilung \u00fcber Ihren Widerruf dieses Vertrags bei uns eingegangen ist. F\u00fcr diese R\u00fcckzahlung verwenden wir dasselbe Zahlungsmittel, das Sie bei der urspr\u00fcnglichen Transaktion eingesetzt haben, es sei denn, mit Ihnen wurde ausdr\u00fccklich etwas anderes vereinbart; in keinem Fall werden Ihnen wegen dieser R\u00fcckzahlung Entgelte berechnet. Wir k\u00f6nnen die R\u00fcckzahlung verweigern, bis wir die Waren wieder zur\u00fcckerhalten haben oder bis Sie den Nachweis erbracht haben, dass Sie die Waren zur\u00fcckgesandt haben, je nachdem, welches der fr\u00fchere Zeitpunkt ist.<\/p>\n<p>Sie haben die Waren unverz\u00fcglich und in jedem Fall sp\u00e4testens binnen vierzehn Tagen ab dem Tag, an dem Sie uns \u00fcber den Widerruf dieses Vertrags unterrichten,<\/p>\n<p>an<\/p>\n<p>Martd GmbH (haftungsbeschr\u00e4nkt)<br \/>\nc\/o Widerruf<br \/>\nSchellingstrasse 153<br \/>\n<strong>80797 M\u00fcnchen<\/strong><\/p>\n<p>zur\u00fcckzusenden oder zu \u00fcbergeben. Die Frist ist gewahrt, wenn Sie die Waren vor Ablauf der Frist von vierzehn Tagen absenden.<\/p>\n<p>Sie tragen die Kosten der R\u00fccksendung der Waren f\u00fcr den Speditionsversand in H\u00f6he von bis zu 200 Euro.<\/p>\n<\/div>\n<p><a href=\"https:\/\/oeltech-e2d5.kxcdn.com\/wp-content\/uploads\/2019\/01\/Muster-Widerrufsformular.pdf\">Download Muster Widerrufsformular<\/a><\/p>\n<div class=\"std\">\n<p class=\"p1\"><strong>\u00a7 10 Gew\u00e4hrleistung<\/strong><\/p>\n<p class=\"p1\">10.1 Die Gew\u00e4hrleistungsfrist betr\u00e4gt 24 Monate ab Lieferung. F\u00fcr Teile\/ Maschinenkomponenten die dem Verschlei\u00df unterliegen, erfolgt der Verkauf\u00a0unter Ausschluss jeglicher Gew\u00e4hrleistung.<\/p>\n<p class=\"p1\">10.2 Die gelieferten Gegenst\u00e4nde sind gem. \u00a7 377 HGB unverz\u00fcglich nach Ablieferung an den Kunden oder an den von ihm bestimmten Dritten sorgf\u00e4ltig zu untersuchen. Sie gelten als genehmigt, wenn MB nicht unverz\u00fcglich eine schriftliche M\u00e4ngelr\u00fcge zugeht, hinsichtlich offensichtlicher oder anderer M\u00e4ngel, die bei einer sorgf\u00e4ltigen Untersuchung unverz\u00fcglich nach Ablieferung des Liefergegenstandes oder ansonsten zu dem Zeitpunkt an dem die M\u00e4ngel f\u00fcr den Kunden bei normaler Verwendung des Liefergegenstandes ohne n\u00e4here Untersuchung erkennbar waren.<\/p>\n<p class=\"p1\">10.3 Auf Verlangen von MB ist der beanstandete Gegenstand frachtfrei an uns zur\u00fcck zu senden. Bei berechtigter M\u00e4ngelr\u00fcge verg\u00fctet MB die Kosten des g\u00fcnstigsten Versandweges. Dies gilt nicht, wenn die Kosten sich erh\u00f6hen, weil der Gegenstand sich an einem anderem, als dem Ort des bestimmungsgem\u00e4\u00dfen Gebrauchs befindet.<\/p>\n<p class=\"p1\">10.4 Bei Sachm\u00e4ngeln ist MB zur Nacherf\u00fcllung nach seiner Wahl zun\u00e4chst zur Nachbesserung oder Ersatzlieferung verpflichtet und berechtigt. Eine Nacherf\u00fcllung gilt nach dem zweiten erfolglosen Versuch als fehlgeschlagen. Im Falle des Fehlschlagens, der Unm\u00f6glichkeit, Unzumutbarkeit, Verweigerung oder unangemessenen Verz\u00f6gerung der Nachbesserung oder Ersatzlieferung, kann der Kunde vom Vertrag zur\u00fccktreten oder den Kaufpreis angemessen mindern.Ergibt sich bei einer im Rahmen der M\u00e4ngelr\u00fcge durchgef\u00fchrten Pr\u00fcfung der Ware, dass die M\u00e4ngelr\u00fcge zu Unrecht erfolgt ist, ist MB berechtigt, eine verkehrs\u00fcbliche Verg\u00fctung f\u00fcr die Pr\u00fcfung der Ware sowie die Kosten f\u00fcr den Versand zu berechnen.<\/p>\n<p class=\"p1\">10.5 Der Gew\u00e4hrleistungsanspruch entf\u00e4llt, wenn der Kunde den Kaufgegenstand ohne ausdr\u00fcckliche Zustimmung von MB \u00e4ndert oder durch Dritte \u00e4ndern l\u00e4sst und die M\u00e4ngelbeseitigung hierdurch unm\u00f6glich oder unzumutbar erschwert wird. In jedem Fall hat der Kunde die durch die \u00c4nderungen entstehenden Mehrkosten der M\u00e4ngelbeseitigung zu tragen.<\/p>\n<p class=\"p1\">10.6 Ein erforderlicher Anschluss an die Versorgungsleitungen (Strom, Wasser, Dampf, Abwasser, Hei\u00dfwasser, Gas, etc.) ist vom K\u00e4ufer auf seine Kosten zu veranlassen und darf nur von konzessionierten Elektrofachleuten bzw. Installateuren vorgenommen werden. Ist ein Mangel auf eine nicht fachgerechte Installation zur\u00fcckzuf\u00fchren, entf\u00e4llt der Gew\u00e4hrleistungsanspruch gegen MB.<\/p>\n<p class=\"p1\">10.7 Die Lieferung gebrauchter Gegenst\u00e4nde erfolgt unter Ausschluss jeglicher Gew\u00e4hrleistung.<\/p>\n<p class=\"p1\">10.8 Sollte durch den Hersteller des Liefergegenstandes eine l\u00e4ngere Gew\u00e4hrleistungsfrist oder eine Garantie einger\u00e4umt werden, so tritt MB ihre Rechte hieraus bereits mit dem Kauf an den Besteller\/K\u00e4ufer ab.<\/p>\n<p>10.9 Als Beschaffenheit der Ware gilt grunds\u00e4tzlich nur die Produktbeschreibung des Herstellers als vereinbart. \u00d6ffentliche \u00c4u\u00dferungen, Anpreisung oder Werbung des Herstellers stellen daneben keine vertragsgem\u00e4\u00dfe Beschaffenheitsangabe der Ware dar.<\/p>\n<p>10.10 Erh\u00e4lt der Kunde eine mangelhafte Montageanleitung, sind wir lediglich zur Lieferung einer mangelfreien Montageanleitung verpflichtet und dies auch nur dann, wenn der Mangel der Montageanleitung der ordnungsgem\u00e4\u00dfen Montage entgegensteht.<\/p>\n<p>10.11 Gew\u00e4hrleistungsanspr\u00fcche gegen uns stehen nur unmittelbar dem Kunden zu und sind nicht abtretbar.<\/p>\n<p>10.12 S\u00e4mtliche Bilder, die f\u00fcr die Warenpr\u00e4sentation im Onlineshop von MB genutzt werden, sind lediglich Beispielsfotos. Sie stellen den jeweiligen Artikel nicht in jedem Fall naturgetreu dar, sondern dienen nur zur Veranschaulichung, insbesondere bei Farben kann es wegen der unterschiedlichen Darstellung auf verschiedenen Bildschirmen zu Abweichungen kommen. Ma\u00dfgeblich ist die technische Beschreibung der Artikel.<\/p>\n<p>10.13 Wir haften nicht f\u00fcr Sch\u00e4den, die auf unsachgem\u00e4\u00dfer Verwendung und Lagerung, fehlerhaftem Einbau oder nat\u00fcrlicher Abnutzung beruhen. F\u00fcr Instandsetzungsarbeiten oder sonstige Eingriffe, die vom Besteller\/K\u00e4ufer oder Dritten ohne unsere Zustimmung vorgenommen wurden, wird jede Gew\u00e4hrleistung von uns ausgeschlossen.<\/p>\n<\/div>\n<p class=\"p1\"><strong>\u00a7 11 Haftung<\/strong><\/p>\n<p class=\"p1\">11.1 F\u00fcr Sch\u00e4den, die an anderen Rechtsg\u00fctern als dem Leben, K\u00f6rper oder der Gesundheit entstehen, ist die Haftung ausgeschlossen, soweit die Sch\u00e4den nicht auf vors\u00e4tzlichem oder grob fahrl\u00e4ssigem Verhalten von MB, einem ihrer gesetzlichen Vertreter oder einem ihrer Erf\u00fcllungsgehilfen beruhen und das Verhalten auch keine Verletzung von vertragswesentlichen Pflichten darstellt. Wesentliche Vertragspflichten sind solche Pflichten, deren Erf\u00fcllung die ordnungsgem\u00e4\u00dfe Durchf\u00fchrung des Vertrages \u00fcberhaupt erst erm\u00f6glicht und auf deren Einhaltung der Nutzer regelm\u00e4\u00dfig vertrauen darf.<\/p>\n<p class=\"p1\">11.2 In jedem Fall ist der Nutzer ebenfalls zur Schadensbegrenzung verpflichtet. Dies beinhaltet die rechtzeitige Anzeige von Sch\u00e4den im Rahmen der weiteren Schadensminimierung.<\/p>\n<p class=\"p1\">11.3 Haftet MB f\u00fcr den Verlust von Daten, die der Kunde auf der Webseite hinterlegt hat, so gilt, dass MB nur insoweit haftet, als der Kunde alle erforderlichen und zumutbaren Datensicherungsvorkehrungen getroffen und sichergestellt hat, dass die Daten aus Datenmaterial, das in maschinenlesbarer Form bereitgehalten wird, mit vertretbarem Aufwand rekonstruiert werden k\u00f6nnen.<\/p>\n<p class=\"p1\">11.4 Die vorgenannten Haftungsausschl\u00fcsse und Beschr\u00e4nkungen gelten au\u00dferdem nicht im Fall der \u00dcbernahme ausdr\u00fccklicher Garantien durch MB sowie bei Anspr\u00fcchen wegen fehlender zugesicherter Eigenschaften oder Anspr\u00fcchen aus dem Produkthaftungsgesetz.<\/p>\n<p><strong>\u00a7 12 Ausschluss des Widerrufrechts<\/strong><\/p>\n<p>Wir weisen ausdr\u00fccklich darauf hin, dass das Widerrufsrecht nicht bei Fernabsatzvertr\u00e4gen besteht zur Lieferung von Waren, die gem\u00e4\u00df \u00a7 312d Abs. 4 Nr. 1 BGB nach Kundenspezifikationen angefertigt werden oder eindeutig auf die pers\u00f6nlichen Bed\u00fcrfnisse zugeschnitten sind.<\/p>\n<p><strong>\u00a7 13 Erf\u00fcllungsort, Rechtswahl, Gerichtsstand<\/strong><\/p>\n<p>Soweit sich aus dem Gesetz nichts anderes ergibt, ist Erf\u00fcllungsort der Gesch\u00e4ftssitz der MB. F\u00fcr diesen Vertrag gilt das Recht der Bundesrepublik Deutschland. Dies gilt nicht, wenn spezielle Verbraucherschutzvorschriften in Ihrem Heimatland g\u00fcnstiger sind (Art. 6 Abs. 2 der Verordnung 593\/2008\/EG \u00fcber das auf vertragliche Schuldverh\u00e4ltnisse anzuwendende Recht (Rom I)). Haben Sie keinen allgemeinen Gerichtsstand in Deutschland oder in einem anderen EU-Mitgliedsstaat, oder sind Sie Kaufmann oder haben Sie Ihren festen Wohnsitz nach Wirksamwerden dieser AGB ins Ausland verlegt oder ist Ihr Wohnsitz oder gew\u00f6hnlicher Aufenthaltsort im Zeitpunkt der Klageerhebung nicht bekannt, ist ausschlie\u00dflicher Gerichtsstand f\u00fcr s\u00e4mtliche Streitigkeiten aus diesem Vertrag der Sitz von MB.<\/p>\n<p><strong>\u00a7 14 Sonstiges<\/strong><\/p>\n<p>Sollten einzelne Bestimmungen dieser Allgemeinen Gesch\u00e4ftsbedingungen unwirksam sein oder werden und\/oder den gesetzlichen Regelungen widersprechen, so wird hierdurch die Wirksamkeit der Allgemeinen Gesch\u00e4ftsbedingungen im \u00dcbrigen nicht ber\u00fchrt. Die unwirksame Bestimmung wird von den Parteien einvernehmlich durch eine solche Bestimmung ersetzt, welche dem wirtschaftlichen Sinn und Zweck der unwirksamen Bestimmungen in rechtswirksamer Weise am n\u00e4chsten kommt. Die vorstehende Regelung gilt entsprechend bei Regelungsl\u00fccken.<\/p>\n<p>Martd GmbH (haftungsbeschr\u00e4nkt), den 28. Dezember 2019<\/p>\n<p><a href=\"https:\/\/fb.me\/oeltech\" target=\"_blank\" rel=\"noopener nofollow noreferrer\" data-lynx-mode=\"asynclazy\" data-lynx-uri=\"https:\/\/l.facebook.com\/l.php?u=https%3A%2F%2Ffb.me%2Foeltech&amp;h=AT3tY_-SZgdc6X7BPD6Wh67qd6hk7OGXNzFsIizfDLhy0a41dT3K4zu0bt46rJ_RaZpT1G6y39CCqpCsnae5nOMMbnLXtzBEHWvSyX2wbNrRaZIluUGB5y2mymx0B4PsaXZOzIcPTeDJPvELx34\">fb.me\/oeltech<\/a><\/p>\n<p><a href=\"https:\/\/m.me\/oeltech\" target=\"_blank\" rel=\"noopener nofollow noreferrer\" data-lynx-mode=\"asynclazy\" data-lynx-uri=\"https:\/\/l.facebook.com\/l.php?u=https%3A%2F%2Fm.me%2Foeltech&amp;h=AT098c1BQ39_B7N44e_JhH8WnQpDKwuf_3VMtx6GthLCbj6gToFbbzg10b1uMJX-vHmGIfG0Ov_QjbfzuQQziD4rPXXMPOwPNCETGZw0IgVpA9RqB0DQQxBEzsYr-DQXSPaV6KDEajpsUdtO10I\">m.me\/oeltech<\/a><\/p>\n<p>[gzd_complaints]<\/p>","protected":false},"excerpt":{"rendered":"<p>Allgemeine Gesch\u00e4ftsbedingungen (AGB) \u00a7 1 Allgemeines und Geltungsbereich 1.1. F\u00fcr die Gesch\u00e4ftsbeziehung zwischen der Martd GmbH, nachfolgend \u201eMB\u201c genannt, und dem Kunden sowie Lieferanten (nachfolgend auch \u201eBesteller\u201c oder \u201eSie\u201c) gelten ausschlie\u00dflich die nachfolgenden Allgemeinen Gesch\u00e4ftsbedingungen in ihrer zum Zeitpunkt des Vertragsschlusses g\u00fcltigen Fassung. Abweichende andere Allgemeine Gesch\u00e4ftsbedingungen erkennt die MB nicht an, es sei denn, [&hellip;]<\/p>","protected":false},"author":1,"featured_media":0,"parent":0,"menu_order":0,"comment_status":"closed","ping_status":"closed","template":"","meta":{"footnotes":""},"yoast_head":"<!-- This site is optimized with the Yoast SEO Premium plugin v21.9 (Yoast SEO v21.9.1) - https:\/\/yoast.com\/wordpress\/plugins\/seo\/ -->\n<title>AGB - Oeltech Maschinenbau M\u00fcnchen<\/title>\n<meta name=\"description\" content=\"Allgemeine Gesch\u00e4ftsbedingungen (AGB) \u00a7 1 Allgemeines und Geltungsbereich 1.1. F\u00fcr die Gesch\u00e4ftsbeziehung zwischen der Martd GmbH, nachfolgend \u201eMB\u201c\" \/>\n<meta name=\"robots\" content=\"index, follow, max-snippet:-1, max-image-preview:large, max-video-preview:-1\" \/>\n<link rel=\"canonical\" href=\"https:\/\/oeltech.com\/es\/agb\/\" \/>\n<meta property=\"og:locale\" content=\"es_ES\" \/>\n<meta property=\"og:type\" content=\"article\" \/>\n<meta property=\"og:title\" content=\"AGB\" \/>\n<meta property=\"og:description\" content=\"Allgemeine Gesch\u00e4ftsbedingungen (AGB) \u00a7 1 Allgemeines und Geltungsbereich 1.1. F\u00fcr die Gesch\u00e4ftsbeziehung zwischen der Martd GmbH, nachfolgend \u201eMB\u201c\" \/>\n<meta property=\"og:url\" content=\"https:\/\/oeltech.com\/es\/agb\/\" \/>\n<meta property=\"og:site_name\" content=\"Oeltech Maschinenbau M\u00fcnchen\" \/>\n<meta property=\"article:modified_time\" content=\"2022-08-25T09:52:41+00:00\" \/>\n<meta name=\"twitter:card\" content=\"summary_large_image\" \/>\n<meta name=\"twitter:label1\" content=\"Tiempo de lectura\" \/>\n\t<meta name=\"twitter:data1\" content=\"9 minutos\" \/>\n<script type=\"application\/ld+json\" class=\"yoast-schema-graph\">{\"@context\":\"https:\/\/schema.org\",\"@graph\":[{\"@type\":\"WebPage\",\"@id\":\"https:\/\/oeltech.com\/agb\/\",\"url\":\"https:\/\/oeltech.com\/agb\/\",\"name\":\"AGB - Oeltech Maschinenbau M\u00fcnchen\",\"isPartOf\":{\"@id\":\"https:\/\/oeltech.com\/#website\"},\"datePublished\":\"2018-08-22T09:37:29+00:00\",\"dateModified\":\"2022-08-25T09:52:41+00:00\",\"description\":\"Allgemeine Gesch\u00e4ftsbedingungen (AGB) \u00a7 1 Allgemeines und Geltungsbereich 1.1. F\u00fcr die Gesch\u00e4ftsbeziehung zwischen der Martd GmbH, nachfolgend \u201eMB\u201c\",\"breadcrumb\":{\"@id\":\"https:\/\/oeltech.com\/agb\/#breadcrumb\"},\"inLanguage\":\"es\",\"potentialAction\":[{\"@type\":\"ReadAction\",\"target\":[\"https:\/\/oeltech.com\/agb\/\"]}]},{\"@type\":\"BreadcrumbList\",\"@id\":\"https:\/\/oeltech.com\/agb\/#breadcrumb\",\"itemListElement\":[{\"@type\":\"ListItem\",\"position\":1,\"name\":\"Startseite\",\"item\":\"https:\/\/oeltech.com\/\"},{\"@type\":\"ListItem\",\"position\":2,\"name\":\"AGB\"}]},{\"@type\":\"WebSite\",\"@id\":\"https:\/\/oeltech.com\/#website\",\"url\":\"https:\/\/oeltech.com\/\",\"name\":\"Oeltech Maschinenbau M\u00fcnchen\",\"description\":\"\u00d6lpresse oder \u00d6lm\u00fchle online kaufen\",\"publisher\":{\"@id\":\"https:\/\/oeltech.com\/#organization\"},\"potentialAction\":[{\"@type\":\"SearchAction\",\"target\":{\"@type\":\"EntryPoint\",\"urlTemplate\":\"https:\/\/oeltech.com\/?s={search_term_string}\"},\"query-input\":\"required name=search_term_string\"}],\"inLanguage\":\"es\"},{\"@type\":\"Organization\",\"@id\":\"https:\/\/oeltech.com\/#organization\",\"name\":\"Oeltech Maschinenbau - Profi \u00d6lpresse kaufen \/\/ Maschinenbau aus M\u00fcnchen\",\"url\":\"https:\/\/oeltech.com\/\",\"logo\":{\"@type\":\"ImageObject\",\"inLanguage\":\"es\",\"@id\":\"https:\/\/oeltech.com\/#\/schema\/logo\/image\/\",\"url\":\"https:\/\/oeltech.com\/wp-content\/uploads\/2019\/05\/logo-oeltech-klein-1.png\",\"contentUrl\":\"https:\/\/oeltech.com\/wp-content\/uploads\/2019\/05\/logo-oeltech-klein-1.png\",\"width\":115,\"height\":39,\"caption\":\"Oeltech Maschinenbau - Profi \u00d6lpresse kaufen \/\/ Maschinenbau aus M\u00fcnchen\"},\"image\":{\"@id\":\"https:\/\/oeltech.com\/#\/schema\/logo\/image\/\"}}]}<\/script>\n<!-- \/ Yoast SEO Premium plugin. -->","yoast_head_json":{"title":"AGB - Oeltech Maschinenbau M\u00fcnchen","description":"Allgemeine Gesch\u00e4ftsbedingungen (AGB) \u00a7 1 Allgemeines und Geltungsbereich 1.1. F\u00fcr die Gesch\u00e4ftsbeziehung zwischen der Martd GmbH, nachfolgend \u201eMB\u201c","robots":{"index":"index","follow":"follow","max-snippet":"max-snippet:-1","max-image-preview":"max-image-preview:large","max-video-preview":"max-video-preview:-1"},"canonical":"https:\/\/oeltech.com\/es\/agb\/","og_locale":"es_ES","og_type":"article","og_title":"AGB","og_description":"Allgemeine Gesch\u00e4ftsbedingungen (AGB) \u00a7 1 Allgemeines und Geltungsbereich 1.1. F\u00fcr die Gesch\u00e4ftsbeziehung zwischen der Martd GmbH, nachfolgend \u201eMB\u201c","og_url":"https:\/\/oeltech.com\/es\/agb\/","og_site_name":"Oeltech Maschinenbau M\u00fcnchen","article_modified_time":"2022-08-25T09:52:41+00:00","twitter_card":"summary_large_image","twitter_misc":{"Tiempo de lectura":"9 minutos"},"schema":{"@context":"https:\/\/schema.org","@graph":[{"@type":"WebPage","@id":"https:\/\/oeltech.com\/agb\/","url":"https:\/\/oeltech.com\/agb\/","name":"AGB - Oeltech Maschinenbau M\u00fcnchen","isPartOf":{"@id":"https:\/\/oeltech.com\/#website"},"datePublished":"2018-08-22T09:37:29+00:00","dateModified":"2022-08-25T09:52:41+00:00","description":"Allgemeine Gesch\u00e4ftsbedingungen (AGB) \u00a7 1 Allgemeines und Geltungsbereich 1.1. F\u00fcr die Gesch\u00e4ftsbeziehung zwischen der Martd GmbH, nachfolgend \u201eMB\u201c","breadcrumb":{"@id":"https:\/\/oeltech.com\/agb\/#breadcrumb"},"inLanguage":"es","potentialAction":[{"@type":"ReadAction","target":["https:\/\/oeltech.com\/agb\/"]}]},{"@type":"BreadcrumbList","@id":"https:\/\/oeltech.com\/agb\/#breadcrumb","itemListElement":[{"@type":"ListItem","position":1,"name":"Startseite","item":"https:\/\/oeltech.com\/"},{"@type":"ListItem","position":2,"name":"AGB"}]},{"@type":"WebSite","@id":"https:\/\/oeltech.com\/#website","url":"https:\/\/oeltech.com\/","name":"Oeltech Maschinenbau M\u00fcnchen","description":"\u00d6lpresse oder \u00d6lm\u00fchle online kaufen","publisher":{"@id":"https:\/\/oeltech.com\/#organization"},"potentialAction":[{"@type":"SearchAction","target":{"@type":"EntryPoint","urlTemplate":"https:\/\/oeltech.com\/?s={search_term_string}"},"query-input":"required name=search_term_string"}],"inLanguage":"es"},{"@type":"Organization","@id":"https:\/\/oeltech.com\/#organization","name":"Oeltech Maschinenbau - Profi \u00d6lpresse kaufen \/\/ Maschinenbau aus M\u00fcnchen","url":"https:\/\/oeltech.com\/","logo":{"@type":"ImageObject","inLanguage":"es","@id":"https:\/\/oeltech.com\/#\/schema\/logo\/image\/","url":"https:\/\/oeltech.com\/wp-content\/uploads\/2019\/05\/logo-oeltech-klein-1.png","contentUrl":"https:\/\/oeltech.com\/wp-content\/uploads\/2019\/05\/logo-oeltech-klein-1.png","width":115,"height":39,"caption":"Oeltech Maschinenbau - Profi \u00d6lpresse kaufen \/\/ Maschinenbau aus M\u00fcnchen"},"image":{"@id":"https:\/\/oeltech.com\/#\/schema\/logo\/image\/"}}]}},"_links":{"self":[{"href":"https:\/\/oeltech.com\/es\/wp-json\/wp\/v2\/pages\/37"}],"collection":[{"href":"https:\/\/oeltech.com\/es\/wp-json\/wp\/v2\/pages"}],"about":[{"href":"https:\/\/oeltech.com\/es\/wp-json\/wp\/v2\/types\/page"}],"author":[{"embeddable":true,"href":"https:\/\/oeltech.com\/es\/wp-json\/wp\/v2\/users\/1"}],"replies":[{"embeddable":true,"href":"https:\/\/oeltech.com\/es\/wp-json\/wp\/v2\/comments?post=37"}],"version-history":[{"count":10,"href":"https:\/\/oeltech.com\/es\/wp-json\/wp\/v2\/pages\/37\/revisions"}],"predecessor-version":[{"id":3783,"href":"https:\/\/oeltech.com\/es\/wp-json\/wp\/v2\/pages\/37\/revisions\/3783"}],"wp:attachment":[{"href":"https:\/\/oeltech.com\/es\/wp-json\/wp\/v2\/media?parent=37"}],"curies":[{"name":"wp","href":"https:\/\/api.w.org\/{rel}","templated":true}]}}