{"id":3578,"date":"2021-07-27T10:26:54","date_gmt":"2021-07-27T10:26:54","guid":{"rendered":"https:\/\/oeltech.com\/?page_id=3578"},"modified":"2021-07-27T10:39:24","modified_gmt":"2021-07-27T10:39:24","slug":"vielen-dank-fuer-ihre-anfrage-thank-you-for-your-interest","status":"publish","type":"page","link":"https:\/\/oeltech.com\/es\/vielen-dank-fuer-ihre-anfrage-thank-you-for-your-interest\/","title":{"rendered":"VIELEN DANK F\u00dcR IHRE ANFRAGE. Wir werden uns bei Ihnen schnellstm\u00f6glich melden                                           \/THANK YOU FOR YOUR INTEREST.  We will get back to you as soon as possible."},"content":{"rendered":"<p><\/p>\n\n\n\n<p><\/p>\n\n\n\n<p><\/p>","protected":false},"excerpt":{"rendered":"","protected":false},"author":1,"featured_media":0,"parent":0,"menu_order":0,"comment_status":"closed","ping_status":"closed","template":"","meta":{"footnotes":""},"yoast_head":"<!-- This site is optimized with the Yoast SEO Premium plugin v21.9 (Yoast SEO v21.9.1) - https:\/\/yoast.com\/wordpress\/plugins\/seo\/ -->\n<title>VIELEN DANK F\u00dcR IHRE ANFRAGE. Wir werden uns bei Ihnen schnellstm\u00f6glich melden                      \/THANK YOU FOR YOUR INTEREST. We will get back to you as soon as possible. - Oeltech Maschinenbau M\u00fcnchen<\/title>\n<meta name=\"robots\" content=\"index, follow, max-snippet:-1, max-image-preview:large, max-video-preview:-1\" \/>\n<link rel=\"canonical\" href=\"https:\/\/oeltech.com\/es\/vielen-dank-fuer-ihre-anfrage-thank-you-for-your-interest\/\" \/>\n<meta property=\"og:locale\" content=\"es_ES\" \/>\n<meta property=\"og:type\" content=\"article\" \/>\n<meta property=\"og:title\" content=\"VIELEN DANK F\u00dcR IHRE ANFRAGE. Wir werden uns bei Ihnen schnellstm\u00f6glich melden                      \/THANK YOU FOR YOUR INTEREST. We will get back to you as soon as possible.\" \/>\n<meta property=\"og:url\" content=\"https:\/\/oeltech.com\/es\/vielen-dank-fuer-ihre-anfrage-thank-you-for-your-interest\/\" \/>\n<meta property=\"og:site_name\" content=\"Oeltech Maschinenbau M\u00fcnchen\" \/>\n<meta property=\"article:modified_time\" content=\"2021-07-27T10:39:24+00:00\" \/>\n<meta name=\"twitter:card\" content=\"summary_large_image\" \/>\n<script type=\"application\/ld+json\" class=\"yoast-schema-graph\">{\"@context\":\"https:\/\/schema.org\",\"@graph\":[{\"@type\":\"WebPage\",\"@id\":\"https:\/\/oeltech.com\/vielen-dank-fuer-ihre-anfrage-thank-you-for-your-interest\/\",\"url\":\"https:\/\/oeltech.com\/vielen-dank-fuer-ihre-anfrage-thank-you-for-your-interest\/\",\"name\":\"VIELEN DANK F\u00dcR IHRE ANFRAGE. Wir werden uns bei Ihnen schnellstm\u00f6glich melden \/THANK YOU FOR YOUR INTEREST. We will get back to you as soon as possible. - Oeltech Maschinenbau M\u00fcnchen\",\"isPartOf\":{\"@id\":\"https:\/\/oeltech.com\/#website\"},\"datePublished\":\"2021-07-27T10:26:54+00:00\",\"dateModified\":\"2021-07-27T10:39:24+00:00\",\"breadcrumb\":{\"@id\":\"https:\/\/oeltech.com\/vielen-dank-fuer-ihre-anfrage-thank-you-for-your-interest\/#breadcrumb\"},\"inLanguage\":\"es\",\"potentialAction\":[{\"@type\":\"ReadAction\",\"target\":[\"https:\/\/oeltech.com\/vielen-dank-fuer-ihre-anfrage-thank-you-for-your-interest\/\"]}]},{\"@type\":\"BreadcrumbList\",\"@id\":\"https:\/\/oeltech.com\/vielen-dank-fuer-ihre-anfrage-thank-you-for-your-interest\/#breadcrumb\",\"itemListElement\":[{\"@type\":\"ListItem\",\"position\":1,\"name\":\"Startseite\",\"item\":\"https:\/\/oeltech.com\/\"},{\"@type\":\"ListItem\",\"position\":2,\"name\":\"VIELEN DANK F\u00dcR IHRE ANFRAGE. Wir werden uns bei Ihnen schnellstm\u00f6glich melden \/THANK YOU FOR YOUR INTEREST. We will get back to you as soon as possible.\"}]},{\"@type\":\"WebSite\",\"@id\":\"https:\/\/oeltech.com\/#website\",\"url\":\"https:\/\/oeltech.com\/\",\"name\":\"Oeltech Maschinenbau M\u00fcnchen\",\"description\":\"\u00d6lpresse oder \u00d6lm\u00fchle online kaufen\",\"publisher\":{\"@id\":\"https:\/\/oeltech.com\/#organization\"},\"potentialAction\":[{\"@type\":\"SearchAction\",\"target\":{\"@type\":\"EntryPoint\",\"urlTemplate\":\"https:\/\/oeltech.com\/?s={search_term_string}\"},\"query-input\":\"required name=search_term_string\"}],\"inLanguage\":\"es\"},{\"@type\":\"Organization\",\"@id\":\"https:\/\/oeltech.com\/#organization\",\"name\":\"Oeltech Maschinenbau - Profi \u00d6lpresse kaufen \/\/ Maschinenbau aus M\u00fcnchen\",\"url\":\"https:\/\/oeltech.com\/\",\"logo\":{\"@type\":\"ImageObject\",\"inLanguage\":\"es\",\"@id\":\"https:\/\/oeltech.com\/#\/schema\/logo\/image\/\",\"url\":\"https:\/\/oeltech.com\/wp-content\/uploads\/2019\/05\/logo-oeltech-klein-1.png\",\"contentUrl\":\"https:\/\/oeltech.com\/wp-content\/uploads\/2019\/05\/logo-oeltech-klein-1.png\",\"width\":115,\"height\":39,\"caption\":\"Oeltech Maschinenbau - Profi \u00d6lpresse kaufen \/\/ Maschinenbau aus M\u00fcnchen\"},\"image\":{\"@id\":\"https:\/\/oeltech.com\/#\/schema\/logo\/image\/\"}}]}<\/script>\n<!-- \/ Yoast SEO Premium plugin. -->","yoast_head_json":{"title":"VIELEN DANK F\u00dcR IHRE ANFRAGE. Wir werden uns bei Ihnen schnellstm\u00f6glich melden                      \/THANK YOU FOR YOUR INTEREST. We will get back to you as soon as possible. - Oeltech Maschinenbau M\u00fcnchen","robots":{"index":"index","follow":"follow","max-snippet":"max-snippet:-1","max-image-preview":"max-image-preview:large","max-video-preview":"max-video-preview:-1"},"canonical":"https:\/\/oeltech.com\/es\/vielen-dank-fuer-ihre-anfrage-thank-you-for-your-interest\/","og_locale":"es_ES","og_type":"article","og_title":"VIELEN DANK F\u00dcR IHRE ANFRAGE. Wir werden uns bei Ihnen schnellstm\u00f6glich melden                      \/THANK YOU FOR YOUR INTEREST. We will get back to you as soon as possible.","og_url":"https:\/\/oeltech.com\/es\/vielen-dank-fuer-ihre-anfrage-thank-you-for-your-interest\/","og_site_name":"Oeltech Maschinenbau M\u00fcnchen","article_modified_time":"2021-07-27T10:39:24+00:00","twitter_card":"summary_large_image","schema":{"@context":"https:\/\/schema.org","@graph":[{"@type":"WebPage","@id":"https:\/\/oeltech.com\/vielen-dank-fuer-ihre-anfrage-thank-you-for-your-interest\/","url":"https:\/\/oeltech.com\/vielen-dank-fuer-ihre-anfrage-thank-you-for-your-interest\/","name":"VIELEN DANK F\u00dcR IHRE ANFRAGE. Wir werden uns bei Ihnen schnellstm\u00f6glich melden \/THANK YOU FOR YOUR INTEREST. We will get back to you as soon as possible. - Oeltech Maschinenbau M\u00fcnchen","isPartOf":{"@id":"https:\/\/oeltech.com\/#website"},"datePublished":"2021-07-27T10:26:54+00:00","dateModified":"2021-07-27T10:39:24+00:00","breadcrumb":{"@id":"https:\/\/oeltech.com\/vielen-dank-fuer-ihre-anfrage-thank-you-for-your-interest\/#breadcrumb"},"inLanguage":"es","potentialAction":[{"@type":"ReadAction","target":["https:\/\/oeltech.com\/vielen-dank-fuer-ihre-anfrage-thank-you-for-your-interest\/"]}]},{"@type":"BreadcrumbList","@id":"https:\/\/oeltech.com\/vielen-dank-fuer-ihre-anfrage-thank-you-for-your-interest\/#breadcrumb","itemListElement":[{"@type":"ListItem","position":1,"name":"Startseite","item":"https:\/\/oeltech.com\/"},{"@type":"ListItem","position":2,"name":"VIELEN DANK F\u00dcR IHRE ANFRAGE. Wir werden uns bei Ihnen schnellstm\u00f6glich melden \/THANK YOU FOR YOUR INTEREST. We will get back to you as soon as possible."}]},{"@type":"WebSite","@id":"https:\/\/oeltech.com\/#website","url":"https:\/\/oeltech.com\/","name":"Oeltech Maschinenbau M\u00fcnchen","description":"\u00d6lpresse oder \u00d6lm\u00fchle online kaufen","publisher":{"@id":"https:\/\/oeltech.com\/#organization"},"potentialAction":[{"@type":"SearchAction","target":{"@type":"EntryPoint","urlTemplate":"https:\/\/oeltech.com\/?s={search_term_string}"},"query-input":"required name=search_term_string"}],"inLanguage":"es"},{"@type":"Organization","@id":"https:\/\/oeltech.com\/#organization","name":"Oeltech Maschinenbau - Profi \u00d6lpresse kaufen \/\/ Maschinenbau aus M\u00fcnchen","url":"https:\/\/oeltech.com\/","logo":{"@type":"ImageObject","inLanguage":"es","@id":"https:\/\/oeltech.com\/#\/schema\/logo\/image\/","url":"https:\/\/oeltech.com\/wp-content\/uploads\/2019\/05\/logo-oeltech-klein-1.png","contentUrl":"https:\/\/oeltech.com\/wp-content\/uploads\/2019\/05\/logo-oeltech-klein-1.png","width":115,"height":39,"caption":"Oeltech Maschinenbau - Profi \u00d6lpresse kaufen \/\/ Maschinenbau aus M\u00fcnchen"},"image":{"@id":"https:\/\/oeltech.com\/#\/schema\/logo\/image\/"}}]}},"_links":{"self":[{"href":"https:\/\/oeltech.com\/es\/wp-json\/wp\/v2\/pages\/3578"}],"collection":[{"href":"https:\/\/oeltech.com\/es\/wp-json\/wp\/v2\/pages"}],"about":[{"href":"https:\/\/oeltech.com\/es\/wp-json\/wp\/v2\/types\/page"}],"author":[{"embeddable":true,"href":"https:\/\/oeltech.com\/es\/wp-json\/wp\/v2\/users\/1"}],"replies":[{"embeddable":true,"href":"https:\/\/oeltech.com\/es\/wp-json\/wp\/v2\/comments?post=3578"}],"version-history":[{"count":3,"href":"https:\/\/oeltech.com\/es\/wp-json\/wp\/v2\/pages\/3578\/revisions"}],"predecessor-version":[{"id":3581,"href":"https:\/\/oeltech.com\/es\/wp-json\/wp\/v2\/pages\/3578\/revisions\/3581"}],"wp:attachment":[{"href":"https:\/\/oeltech.com\/es\/wp-json\/wp\/v2\/media?parent=3578"}],"curies":[{"name":"wp","href":"https:\/\/api.w.org\/{rel}","templated":true}]}}