{"id":2804,"date":"2019-05-13T09:53:09","date_gmt":"2019-05-13T09:53:09","guid":{"rendered":"https:\/\/oeltech.com\/?page_id=2804"},"modified":"2021-04-10T16:24:37","modified_gmt":"2021-04-10T16:24:37","slug":"zubehoer-fuer-walnuesse","status":"publish","type":"page","link":"https:\/\/oeltech.com\/es\/zubehoer-fuer-walnuesse\/","title":{"rendered":"Accesorios para las nueces"},"content":{"rendered":"<section class=\"wpb-content-wrapper\"><div class=\"vc_row wpb_row vc_row-fluid\"><div class=\"wpb_column vc_column_container vc_col-sm-12\"><div class=\"vc_column-inner\"><div class=\"wpb_wrapper\">\n<div class=\"vc_grid-container-wrapper vc_clearfix vc_grid-animation-fadeIn\">\n\t<div class=\"vc_grid-container vc_clearfix wpb_content_element vc_media_grid\" data-initial-loading-animation=\"fadeIn\" data-vc-grid-settings=\"{&quot;page_id&quot;:2804,&quot;style&quot;:&quot;all&quot;,&quot;action&quot;:&quot;vc_get_vc_grid_data&quot;,&quot;shortcode_id&quot;:&quot;1618071584731-cd03dbc3-a5d3-6&quot;,&quot;tag&quot;:&quot;vc_media_grid&quot;}\" data-vc-request=\"https:\/\/oeltech.com\/wp-admin\/admin-ajax.php\" data-vc-post-id=\"2804\" data-vc-public-nonce=\"77b4005803\">\n\t\t\n\t<\/div>\n<\/div><\/div><\/div><\/div><\/div><div class=\"vc_row wpb_row vc_row-fluid\"><div class=\"wpb_column vc_column_container vc_col-sm-12\"><div class=\"vc_column-inner\"><div class=\"wpb_wrapper\"><div class=\"vc_separator wpb_content_element vc_separator_align_center vc_sep_width_100 vc_sep_pos_align_center vc_separator_no_text vc_sep_color_grey\" ><span class=\"vc_sep_holder vc_sep_holder_l\"><span class=\"vc_sep_line\"><\/span><\/span><span class=\"vc_sep_holder vc_sep_holder_r\"><span class=\"vc_sep_line\"><\/span><\/span>\n<\/div><\/div><\/div><\/div><\/div><div class=\"vc_row wpb_row vc_row-fluid\"><div class=\"wpb_column vc_column_container vc_col-sm-6\"><div class=\"vc_column-inner\"><div class=\"wpb_wrapper\">\n\t<div class=\"wpb_text_column wpb_content_element\" >\n\t\t<div class=\"wpb_wrapper\">\n\t\t\t<p><strong>Walnuss-Sch\u00e4lmaschinen<\/strong><\/p>\n<p>Zum Entfernen der gr\u00fcnen Schale der Waln\u00fcsse bieten wir Ihnen Walnuss-Sch\u00e4lmaschinen an. Das Absch\u00e4len von 50 &#8211; 60 kg Waln\u00fcssen dauert bis zu 9 Minuten.<\/p>\n<p>&nbsp;<\/p>\n<p><img fetchpriority=\"high\" decoding=\"async\" class=\"alignnone wp-image-2820\" src=\"https:\/\/oeltech.com\/wp-content\/uploads\/2019\/05\/Sch\u00e4ler-Walnuss.jpg\" alt=\"\" width=\"280\" height=\"185\" srcset=\"https:\/\/oeltech.com\/wp-content\/uploads\/2019\/05\/Sch\u00e4ler-Walnuss.jpg 625w, https:\/\/oeltech.com\/wp-content\/uploads\/2019\/05\/Sch\u00e4ler-Walnuss-510x336.jpg 510w, https:\/\/oeltech.com\/wp-content\/uploads\/2019\/05\/Sch\u00e4ler-Walnuss-607x400.jpg 607w\" sizes=\"(max-width: 280px) 100vw, 280px\" \/><\/p>\n\n\t\t<\/div>\n\t<\/div>\n<\/div><\/div><\/div><div class=\"wpb_column vc_column_container vc_col-sm-6\"><div class=\"vc_column-inner\"><div class=\"wpb_wrapper\">\n\t<div class=\"wpb_text_column wpb_content_element\" >\n\t\t<div class=\"wpb_wrapper\">\n\t\t\t<p><strong>Walnuss-Trocknungsanlage<\/strong><\/p>\n<p>Die Trocknung der Walnuss erfolgt in einer Trocknungsanlage mit einem Volumen von knapp 4700 Liter. Die L\u00fcftung des Trockners wird auf eine Temperatur von 35 &#8211; 40\u00b0C gestellt, die Idealtemperatur betr\u00e4gt 38\u00b0C. Der Walnuss-Trockner ist f\u00fcr eine Produktionsmenge von knapp 2,5 &#8211; 3 Tonnen innerhalb von 24 Stunden ausgelegt.<\/p>\n<p>&nbsp;<\/p>\n<p><img decoding=\"async\" class=\"wp-image-2814 alignleft\" src=\"https:\/\/oeltech.com\/wp-content\/uploads\/2019\/05\/Walnuss-Trockner.jpg\" alt=\"\" width=\"345\" height=\"259\" srcset=\"https:\/\/oeltech.com\/wp-content\/uploads\/2019\/05\/Walnuss-Trockner.jpg 933w, https:\/\/oeltech.com\/wp-content\/uploads\/2019\/05\/Walnuss-Trockner-510x383.jpg 510w, https:\/\/oeltech.com\/wp-content\/uploads\/2019\/05\/Walnuss-Trockner-533x400.jpg 533w, https:\/\/oeltech.com\/wp-content\/uploads\/2019\/05\/Walnuss-Trockner-768x576.jpg 768w, https:\/\/oeltech.com\/wp-content\/uploads\/2019\/05\/Walnuss-Trockner-280x210.jpg 280w\" sizes=\"(max-width: 345px) 100vw, 345px\" \/><\/p>\n<p>&nbsp;<\/p>\n<p>[\/icon]<\/p>\n\n\t\t<\/div>\n\t<\/div>\n<\/div><\/div><\/div><\/div><div class=\"vc_row wpb_row vc_row-fluid\"><div class=\"wpb_column vc_column_container vc_col-sm-12\"><div class=\"vc_column-inner\"><div class=\"wpb_wrapper\"><div class=\"vc_separator wpb_content_element vc_separator_align_center vc_sep_width_100 vc_sep_pos_align_center vc_separator_no_text vc_sep_color_grey\" ><span class=\"vc_sep_holder vc_sep_holder_l\"><span class=\"vc_sep_line\"><\/span><\/span><span class=\"vc_sep_holder vc_sep_holder_r\"><span class=\"vc_sep_line\"><\/span><\/span>\n<\/div><\/div><\/div><\/div><\/div><div class=\"vc_row wpb_row vc_row-fluid\"><div class=\"wpb_column vc_column_container vc_col-sm-6\"><div class=\"vc_column-inner\"><div class=\"wpb_wrapper\">\n\t<div class=\"wpb_text_column wpb_content_element\" >\n\t\t<div class=\"wpb_wrapper\">\n\t\t\t<p><strong>Walnussknacker<\/strong><\/p>\n<p>Zum \u00d6ffnen der Walnuss kommt eine Walnuss-Knackmaschine zum Einsatz mit individuell einstellbarer \u00d6ffnungsgr\u00f6sse. Bis zu 92% Erfolgsrate k\u00f6nnen mit dieser Maschine erzielt werden f\u00fcr unbesch\u00e4digte Waln\u00fcsse ohne Schale. Die Leistung des Walnussknackers betr\u00e4gt bis zu 900 kg Waln\u00fcsse pro Stunde.<\/p>\n<p>&nbsp;<\/p>\n<p><img decoding=\"async\" class=\"alignnone wp-image-2818\" src=\"https:\/\/oeltech.com\/wp-content\/uploads\/2019\/05\/productretina_ceviz-kirma-makinesi_20160605185156.jpg\" alt=\"\" width=\"465\" height=\"349\" srcset=\"https:\/\/oeltech.com\/wp-content\/uploads\/2019\/05\/productretina_ceviz-kirma-makinesi_20160605185156.jpg 933w, https:\/\/oeltech.com\/wp-content\/uploads\/2019\/05\/productretina_ceviz-kirma-makinesi_20160605185156-510x383.jpg 510w, https:\/\/oeltech.com\/wp-content\/uploads\/2019\/05\/productretina_ceviz-kirma-makinesi_20160605185156-533x400.jpg 533w, https:\/\/oeltech.com\/wp-content\/uploads\/2019\/05\/productretina_ceviz-kirma-makinesi_20160605185156-768x576.jpg 768w, https:\/\/oeltech.com\/wp-content\/uploads\/2019\/05\/productretina_ceviz-kirma-makinesi_20160605185156-280x210.jpg 280w\" sizes=\"(max-width: 465px) 100vw, 465px\" \/><\/p>\n\n\t\t<\/div>\n\t<\/div>\n<\/div><\/div><\/div><div class=\"wpb_column vc_column_container vc_col-sm-6\"><div class=\"vc_column-inner\"><div class=\"wpb_wrapper\">\n\t<div class=\"wpb_text_column wpb_content_element\" >\n\t\t<div class=\"wpb_wrapper\">\n\t\t\t<p><strong>Walnussknacker mit Entfernung der Schale<\/strong><\/p>\n<p>Nicht nur das \u00d6ffnen der Schale wird in dieser Maschine get\u00e4tigt. Durch eine eingebaute Ventilation wird die Schale mit einer Erfolgsrate von knapp 60% ebenfalls von den Walnusskernen direkt entfernt. Bis zu 350 kg\/h k\u00f6nnen hier verarbeitet werden. Diese Maschine ist ebenfalls geeignet f\u00fcr Haseln\u00fcsse und Mandeln.<\/p>\n<p>&nbsp;<\/p>\n<p><img loading=\"lazy\" decoding=\"async\" class=\"alignnone wp-image-2816\" src=\"https:\/\/oeltech.com\/wp-content\/uploads\/2019\/05\/productretina_findik-kirma-makinesi_20160606213108.jpg\" alt=\"\" width=\"439\" height=\"330\" srcset=\"https:\/\/oeltech.com\/wp-content\/uploads\/2019\/05\/productretina_findik-kirma-makinesi_20160606213108.jpg 933w, https:\/\/oeltech.com\/wp-content\/uploads\/2019\/05\/productretina_findik-kirma-makinesi_20160606213108-510x383.jpg 510w, https:\/\/oeltech.com\/wp-content\/uploads\/2019\/05\/productretina_findik-kirma-makinesi_20160606213108-533x400.jpg 533w, https:\/\/oeltech.com\/wp-content\/uploads\/2019\/05\/productretina_findik-kirma-makinesi_20160606213108-768x576.jpg 768w, https:\/\/oeltech.com\/wp-content\/uploads\/2019\/05\/productretina_findik-kirma-makinesi_20160606213108-280x210.jpg 280w\" sizes=\"(max-width: 439px) 100vw, 439px\" \/><img loading=\"lazy\" decoding=\"async\" class=\"alignnone size-thumbnail wp-image-3564\" src=\"https:\/\/oeltech.com\/wp-content\/uploads\/2021\/04\/Walnuss-Knackmaschine-Oeltech-Maschinenbau-Walnuss-\u00d6l-pressen-Walnuss-knacken-280x280.jpg\" alt=\"\" width=\"280\" height=\"280\" srcset=\"https:\/\/oeltech.com\/wp-content\/uploads\/2021\/04\/Walnuss-Knackmaschine-Oeltech-Maschinenbau-Walnuss-\u00d6l-pressen-Walnuss-knacken-280x280.jpg 280w, https:\/\/oeltech.com\/wp-content\/uploads\/2021\/04\/Walnuss-Knackmaschine-Oeltech-Maschinenbau-Walnuss-\u00d6l-pressen-Walnuss-knacken-100x100.jpg 100w\" sizes=\"(max-width: 280px) 100vw, 280px\" \/><\/p>\n\n\t\t<\/div>\n\t<\/div>\n<\/div><\/div><\/div><\/div><div class=\"vc_row wpb_row vc_row-fluid\"><div class=\"wpb_column vc_column_container vc_col-sm-12\"><div class=\"vc_column-inner\"><div class=\"wpb_wrapper\">\n\t<div class=\"wpb_text_column wpb_content_element\" >\n\t\t<div class=\"wpb_wrapper\">\n\t\t\t<p>Weitere <a href=\"https:\/\/oeltech.com\/es\/oelpresse\/\">\u00d6lpressen<\/a> mit <a href=\"https:\/\/oeltech.com\/es\/\">gr\u00f6sserer Leistung<\/a> finden Sie ebenfalls bei uns.<\/p>\n<p>Ebenfalls planen wir <a href=\"https:\/\/oeltech.com\/es\/pflanzenoelproduktion\/\">gesamte Produktionsanlagen<\/a> zur Herstellung von \u00d6len.<\/p>\n<p>Weitere Videos zu den <a href=\"https:\/\/www.youtube.com\/channel\/UCx6lS8Za_dLEJMDufA8-05Q\">\u00d6lpressen<\/a> finden Sie auf unseren Youtube Kanal.<\/p>\n\n\t\t<\/div>\n\t<\/div>\n<\/div><\/div><\/div><\/div>\n<\/section>","protected":false},"excerpt":{"rendered":"Walnuss-Sch\u00e4lmaschinen Zum Entfernen der gr\u00fcnen Schale der Waln\u00fcsse bieten wir Ihnen Walnuss-Sch\u00e4lmaschinen an. Das Absch\u00e4len von 50 - 60 kg Waln\u00fcssen dauert bis zu 9 Minuten. &nbsp; Walnuss-Trocknungsanlage Die Trocknung der Walnuss erfolgt in einer Trocknungsanlage mit einem Volumen von knapp 4700 Liter. Die L\u00fcftung des Trockners wird auf eine Temperatur von 35 - 40\u00b0C [...]","protected":false},"author":1,"featured_media":0,"parent":0,"menu_order":0,"comment_status":"closed","ping_status":"closed","template":"","meta":{"footnotes":""},"yoast_head":"<!-- This site is optimized with the Yoast SEO Premium plugin v21.9 (Yoast SEO v21.9.1) - https:\/\/yoast.com\/wordpress\/plugins\/seo\/ -->\n<title>Zubeh\u00f6r f\u00fcr Waln\u00fcsse - Elektrische \u00d6lpresse f\u00fcr kaltgepresste \u00d6le<\/title>\n<meta name=\"description\" content=\"Elektrische \u00d6lpresse mit einer Kapazit\u00e4t von 15 bis 40 kg pro Stunde zur Herstellung von Pflanzen\u00f6len und Futtermittel. \u00d6lm\u00fchlen f\u00fcr \u00d6lsaaten.\" \/>\n<meta name=\"robots\" content=\"index, follow, max-snippet:-1, max-image-preview:large, max-video-preview:-1\" \/>\n<link rel=\"canonical\" href=\"https:\/\/oeltech.com\/es\/zubehoer-fuer-walnuesse\/\" \/>\n<meta property=\"og:locale\" content=\"es_ES\" \/>\n<meta property=\"og:type\" content=\"article\" \/>\n<meta property=\"og:title\" content=\"Zubeh\u00f6r f\u00fcr Waln\u00fcsse\" \/>\n<meta property=\"og:description\" content=\"Elektrische \u00d6lpresse mit einer Kapazit\u00e4t von 15 bis 40 kg pro Stunde zur Herstellung von Pflanzen\u00f6len und Futtermittel. \u00d6lm\u00fchlen f\u00fcr \u00d6lsaaten.\" \/>\n<meta property=\"og:url\" content=\"https:\/\/oeltech.com\/es\/zubehoer-fuer-walnuesse\/\" \/>\n<meta property=\"og:site_name\" content=\"Oeltech Maschinenbau M\u00fcnchen\" \/>\n<meta property=\"article:modified_time\" content=\"2021-04-10T16:24:37+00:00\" \/>\n<meta property=\"og:image\" content=\"https:\/\/oeltech.com\/wp-content\/uploads\/2019\/05\/Walnuss-Trockner.jpg\" \/>\n<meta name=\"twitter:card\" content=\"summary_large_image\" \/>\n<meta name=\"twitter:label1\" content=\"Tiempo de lectura\" \/>\n\t<meta name=\"twitter:data1\" content=\"2 minutos\" \/>\n<script type=\"application\/ld+json\" class=\"yoast-schema-graph\">{\"@context\":\"https:\/\/schema.org\",\"@graph\":[{\"@type\":\"WebPage\",\"@id\":\"https:\/\/oeltech.com\/zubehoer-fuer-walnuesse\/\",\"url\":\"https:\/\/oeltech.com\/zubehoer-fuer-walnuesse\/\",\"name\":\"Zubeh\u00f6r f\u00fcr Waln\u00fcsse - Elektrische \u00d6lpresse f\u00fcr kaltgepresste \u00d6le\",\"isPartOf\":{\"@id\":\"https:\/\/oeltech.com\/#website\"},\"datePublished\":\"2019-05-13T09:53:09+00:00\",\"dateModified\":\"2021-04-10T16:24:37+00:00\",\"description\":\"Elektrische \u00d6lpresse mit einer Kapazit\u00e4t von 15 bis 40 kg pro Stunde zur Herstellung von Pflanzen\u00f6len und Futtermittel. \u00d6lm\u00fchlen f\u00fcr \u00d6lsaaten.\",\"breadcrumb\":{\"@id\":\"https:\/\/oeltech.com\/zubehoer-fuer-walnuesse\/#breadcrumb\"},\"inLanguage\":\"es\",\"potentialAction\":[{\"@type\":\"ReadAction\",\"target\":[\"https:\/\/oeltech.com\/zubehoer-fuer-walnuesse\/\"]}]},{\"@type\":\"BreadcrumbList\",\"@id\":\"https:\/\/oeltech.com\/zubehoer-fuer-walnuesse\/#breadcrumb\",\"itemListElement\":[{\"@type\":\"ListItem\",\"position\":1,\"name\":\"Startseite\",\"item\":\"https:\/\/oeltech.com\/\"},{\"@type\":\"ListItem\",\"position\":2,\"name\":\"Zubeh\u00f6r f\u00fcr Waln\u00fcsse\"}]},{\"@type\":\"WebSite\",\"@id\":\"https:\/\/oeltech.com\/#website\",\"url\":\"https:\/\/oeltech.com\/\",\"name\":\"Oeltech Maschinenbau M\u00fcnchen\",\"description\":\"\u00d6lpresse oder \u00d6lm\u00fchle online kaufen\",\"publisher\":{\"@id\":\"https:\/\/oeltech.com\/#organization\"},\"potentialAction\":[{\"@type\":\"SearchAction\",\"target\":{\"@type\":\"EntryPoint\",\"urlTemplate\":\"https:\/\/oeltech.com\/?s={search_term_string}\"},\"query-input\":\"required name=search_term_string\"}],\"inLanguage\":\"es\"},{\"@type\":\"Organization\",\"@id\":\"https:\/\/oeltech.com\/#organization\",\"name\":\"Oeltech Maschinenbau - Profi \u00d6lpresse kaufen \/\/ Maschinenbau aus M\u00fcnchen\",\"url\":\"https:\/\/oeltech.com\/\",\"logo\":{\"@type\":\"ImageObject\",\"inLanguage\":\"es\",\"@id\":\"https:\/\/oeltech.com\/#\/schema\/logo\/image\/\",\"url\":\"https:\/\/oeltech.com\/wp-content\/uploads\/2019\/05\/logo-oeltech-klein-1.png\",\"contentUrl\":\"https:\/\/oeltech.com\/wp-content\/uploads\/2019\/05\/logo-oeltech-klein-1.png\",\"width\":115,\"height\":39,\"caption\":\"Oeltech Maschinenbau - Profi \u00d6lpresse kaufen \/\/ Maschinenbau aus M\u00fcnchen\"},\"image\":{\"@id\":\"https:\/\/oeltech.com\/#\/schema\/logo\/image\/\"}}]}<\/script>\n<!-- \/ Yoast SEO Premium plugin. -->","yoast_head_json":{"title":"Zubeh\u00f6r f\u00fcr Waln\u00fcsse - Elektrische \u00d6lpresse f\u00fcr kaltgepresste \u00d6le","description":"Elektrische \u00d6lpresse mit einer Kapazit\u00e4t von 15 bis 40 kg pro Stunde zur Herstellung von Pflanzen\u00f6len und Futtermittel. \u00d6lm\u00fchlen f\u00fcr \u00d6lsaaten.","robots":{"index":"index","follow":"follow","max-snippet":"max-snippet:-1","max-image-preview":"max-image-preview:large","max-video-preview":"max-video-preview:-1"},"canonical":"https:\/\/oeltech.com\/es\/zubehoer-fuer-walnuesse\/","og_locale":"es_ES","og_type":"article","og_title":"Zubeh\u00f6r f\u00fcr Waln\u00fcsse","og_description":"Elektrische \u00d6lpresse mit einer Kapazit\u00e4t von 15 bis 40 kg pro Stunde zur Herstellung von Pflanzen\u00f6len und Futtermittel. \u00d6lm\u00fchlen f\u00fcr \u00d6lsaaten.","og_url":"https:\/\/oeltech.com\/es\/zubehoer-fuer-walnuesse\/","og_site_name":"Oeltech Maschinenbau M\u00fcnchen","article_modified_time":"2021-04-10T16:24:37+00:00","og_image":[{"url":"https:\/\/oeltech.com\/wp-content\/uploads\/2019\/05\/Walnuss-Trockner.jpg"}],"twitter_card":"summary_large_image","twitter_misc":{"Tiempo de lectura":"2 minutos"},"schema":{"@context":"https:\/\/schema.org","@graph":[{"@type":"WebPage","@id":"https:\/\/oeltech.com\/zubehoer-fuer-walnuesse\/","url":"https:\/\/oeltech.com\/zubehoer-fuer-walnuesse\/","name":"Zubeh\u00f6r f\u00fcr Waln\u00fcsse - Elektrische \u00d6lpresse f\u00fcr kaltgepresste \u00d6le","isPartOf":{"@id":"https:\/\/oeltech.com\/#website"},"datePublished":"2019-05-13T09:53:09+00:00","dateModified":"2021-04-10T16:24:37+00:00","description":"Elektrische \u00d6lpresse mit einer Kapazit\u00e4t von 15 bis 40 kg pro Stunde zur Herstellung von Pflanzen\u00f6len und Futtermittel. \u00d6lm\u00fchlen f\u00fcr \u00d6lsaaten.","breadcrumb":{"@id":"https:\/\/oeltech.com\/zubehoer-fuer-walnuesse\/#breadcrumb"},"inLanguage":"es","potentialAction":[{"@type":"ReadAction","target":["https:\/\/oeltech.com\/zubehoer-fuer-walnuesse\/"]}]},{"@type":"BreadcrumbList","@id":"https:\/\/oeltech.com\/zubehoer-fuer-walnuesse\/#breadcrumb","itemListElement":[{"@type":"ListItem","position":1,"name":"Startseite","item":"https:\/\/oeltech.com\/"},{"@type":"ListItem","position":2,"name":"Zubeh\u00f6r f\u00fcr Waln\u00fcsse"}]},{"@type":"WebSite","@id":"https:\/\/oeltech.com\/#website","url":"https:\/\/oeltech.com\/","name":"Oeltech Maschinenbau M\u00fcnchen","description":"\u00d6lpresse oder \u00d6lm\u00fchle online kaufen","publisher":{"@id":"https:\/\/oeltech.com\/#organization"},"potentialAction":[{"@type":"SearchAction","target":{"@type":"EntryPoint","urlTemplate":"https:\/\/oeltech.com\/?s={search_term_string}"},"query-input":"required name=search_term_string"}],"inLanguage":"es"},{"@type":"Organization","@id":"https:\/\/oeltech.com\/#organization","name":"Oeltech Maschinenbau - Profi \u00d6lpresse kaufen \/\/ Maschinenbau aus M\u00fcnchen","url":"https:\/\/oeltech.com\/","logo":{"@type":"ImageObject","inLanguage":"es","@id":"https:\/\/oeltech.com\/#\/schema\/logo\/image\/","url":"https:\/\/oeltech.com\/wp-content\/uploads\/2019\/05\/logo-oeltech-klein-1.png","contentUrl":"https:\/\/oeltech.com\/wp-content\/uploads\/2019\/05\/logo-oeltech-klein-1.png","width":115,"height":39,"caption":"Oeltech Maschinenbau - Profi \u00d6lpresse kaufen \/\/ Maschinenbau aus M\u00fcnchen"},"image":{"@id":"https:\/\/oeltech.com\/#\/schema\/logo\/image\/"}}]}},"_links":{"self":[{"href":"https:\/\/oeltech.com\/es\/wp-json\/wp\/v2\/pages\/2804"}],"collection":[{"href":"https:\/\/oeltech.com\/es\/wp-json\/wp\/v2\/pages"}],"about":[{"href":"https:\/\/oeltech.com\/es\/wp-json\/wp\/v2\/types\/page"}],"author":[{"embeddable":true,"href":"https:\/\/oeltech.com\/es\/wp-json\/wp\/v2\/users\/1"}],"replies":[{"embeddable":true,"href":"https:\/\/oeltech.com\/es\/wp-json\/wp\/v2\/comments?post=2804"}],"version-history":[{"count":10,"href":"https:\/\/oeltech.com\/es\/wp-json\/wp\/v2\/pages\/2804\/revisions"}],"predecessor-version":[{"id":3558,"href":"https:\/\/oeltech.com\/es\/wp-json\/wp\/v2\/pages\/2804\/revisions\/3558"}],"wp:attachment":[{"href":"https:\/\/oeltech.com\/es\/wp-json\/wp\/v2\/media?parent=2804"}],"curies":[{"name":"wp","href":"https:\/\/api.w.org\/{rel}","templated":true}]}}