{"id":41,"date":"2018-08-22T09:49:49","date_gmt":"2018-08-22T09:49:49","guid":{"rendered":"http:\/\/oeltech.com\/?post_type=product&#038;p=41"},"modified":"2026-03-07T17:45:44","modified_gmt":"2026-03-07T17:45:44","slug":"oelpresse_fx20","status":"publish","type":"product","link":"https:\/\/oeltech.com\/en\/product\/oil_press_fx20\/","title":{"rendered":"Cold Oil Press FX20"},"content":{"rendered":"<div id=\"tab-description\" class=\"panel entry-content active\">\n<p>Our all-rounder cold oil press has a strong motor and high processing power, up to 20 kgs per hour. This is the ideal solution for farmers, farmers' markets, food service providers like restaurants or caterers as well as laboratories and cosmetic manufacturers because it's easy enough even if you're new to pressing your own oils at home!<\/p>\n<h2><span style=\"font-size: 16px;\">What can be pressed?<\/span><\/h2>\n<\/div>\n<p>Actually everything. Even the hardest seeds are pressed with ease. You can find a link to our seed list here: <a href=\"https:\/\/oeltech.com\/wp-content\/uploads\/2018\/08\/Saatenliste-Oeltech-Maschinenbau-Stand-April-2019.pdf\"><span style=\"background-color: #ffffff; color: #000000;\">Saatenliste Oeltech Maschinenbau &#8211; Stand April 2019<\/span><\/a><\/p>\n<h2><span style=\"font-size: 16px;\">What material is the oil press made of?<\/span><\/h2>\n<p>All components in contact with the product are made of hardened stainless steel. The blue housing made of steel serves as a control cabinet and all electrical control components are located in it.<\/p>\n<h2><span style=\"font-size: 16px;\">What distinguishes this oil press?<\/span><\/h2>\n<p>Our customers worldwide value the robust construction of this oil press and it is very popular. The pressed out oil has an extremely low temperature that ideally does not exceed 36\u00b0C - 40\u00b0C, due to our specialized form of a pressing unit. Our energy efficient design allows for power consumption at maximum load never exceeding 450 watt in our presses. This product\u00b4s uniqe shape allows for maximum yield.<\/p>\n<h2><span style=\"font-size: 16px;\">What are the advantages of the linear design of the oil press?<\/span><\/h2>\n<p>This oil press has a high energy efficiency because of it's linear design (max. 450 W at maximum load) and long life span due to the durable parts, including gearbox unit, electric motor and screw presses. Our extraordinary large axial-and radial bearing system between gears makes for extreme quietness from vibration too while also retaining stability over time which is unmatched by other designs in our class.<\/p>\n<h2><span style=\"font-size: 16px;\">Are trial pressings possible?<\/span><\/h2>\n<p>We are working with many universities, laboratories and research institutions worldwide. As a result of this we offer sample pressings for free to our customers along with detailed analysis reports which can be sent upon request.<\/p>\n<h2><span style=\"font-size: 16px;\">Is water cooling of the oil press necessary?<\/span><\/h2>\n<p>All oils pressed with this press can be referred to as cold-pressed oil. The quality of such oils is outstanding and one of a kind. A water cooling system may still be necessary, if you want to lower the outlet temperature below 36\u00b0C (96\u00b0F). In that case we offer an optional watercooling extension upon request.\"<\/p>\n<h2><span style=\"font-size: 16px;\">What setting options are possible on the oil press?<\/span><\/h2>\n<ol>\n<li>The press gap between the press screw and press star (ideal setting: 1.5 turns)<\/li>\n<li>The temperature of the press head heating (ideal setting in the manual, depending on the oilseed)<\/li>\n<li>The diameter of the press nozzle (ideal setting in the manual, depending on the oil seed)<\/li>\n<li>The speed of the oil press (ideal setting in the manual, depending on the oilseed)<\/li>\n<\/ol>\n<h2><span style=\"font-size: 16px;\">How long does it take to clean the oil press?<\/span><\/h2>\n<p>F\u00fcr die Reinigung sollten Sie ca. 5 &#8211; 10 Minuten einplanen. Die Teile der \u00d6lpresse werden auseinander gebaut und k\u00f6nnen leicht gereinigt werden.\u00a0 Ebenfalls k\u00f6nnen die Teile \u00d6lpresse auch in die Sp\u00fclmaschine gegeben werden, allerdings ist hierbei ein aggresives Sp\u00fclmittel mit Tensiden zu vermeiden.<\/p>\n<h2><span style=\"font-size: 16px;\">What amount can be pressed with this oil press?<\/span><\/h2>\n<p>Die maximale Leistung liegt bei dieser \u00d6lpresse bei 20 kg pro Stunde. Dies ist zum Beispiel bei Raps oder Sonnenblumenkernen der Fall. Allerdings ist die h\u00f6chste Drehzahl nicht unbedingt zu empfehlen, da es hierbei zu erh\u00f6hter Reibungsw\u00e4rme f\u00fchrt die nicht ausreichend abgef\u00fchrt werden kann. Die Idealeinstellung liegt in einem Bereich von 50 &#8211; 80% der maximalen Drehzahl.\u00a0 Bei weichen oder sehr \u00f6lhaltigen Saaten liegt die Durchlaufmenge niedriger (ca. 10 &#8211; 15 kg) um die bestm\u00f6gliche Ausbeute zu erhalten. H\u00e4rtere Kerne oder \u00d6lsaaten sollten ebenfalls bei niedrigerer Umdrehungsgeschwindigkeit gepresst werden, um die maximale Ausbeute gew\u00e4hren zu k\u00f6nnen. Alle Informationen hierf\u00fcr halten wir in unserer Bedienungsanleitung bereit.<\/p>\n<h2><span style=\"font-size: 16px;\">Which <a href=\"https:\/\/oeltech.com\/en\/zubehoer-einer-oelpresse\/\">tools<\/a> are available for this oil press?<\/span><\/h2>\n<p>The oil press will arrive pre-assembled and ready to use. Most commonly, the first equipment includes stainless steel containers for storage of the oil and bottles for filling up with it. There is no need to filter because in most cases it is sufficient that you just let your oil stay sedimented in a container of stainless steel after pressing them out until all oil has been separated from their pulp during this process known as \"decantation.\" When making pressed oils from walnuts we recommend using our special conical funnel which comes equipped with an electric stirrer since walnut often gets caught inside those funnels even if they are not too long or narrow. We also offer further options such as water cooling devices so that temperatures can be lowered under 36\u00b0C. To ensure a long operating time without having to refill the funnel, we construct and offer silosystems for you. We also have pressesnails with different geometries. <a href=\"https:\/\/oeltech.com\/en\/produkt\/silosystem-247\/\">Silosystem<\/a>, damit die Versorgung der \u00d6lpresse gesichert ist. Ebenfalls bieten wir Pressschnecken mit verschiedenen Geometrien an.<\/p>\n<div id=\"tab-description\" class=\"panel entry-content active\">\n<h2><span style=\"font-size: 16px;\">What is the press head heating used for?<\/span><\/h2>\n<p>Die Presskopfheizung dient der Vorw\u00e4rmung der \u00d6lpresse vor dem Start des Pressvorgangs. Das Pressgut wird in der \u00d6lpresse auf einen sehr hohen Druck gepresst und gelangt als Pelletpresskuchen durch einen sehr engen D\u00fcsendurchmesser. Die Presskopfheizung hat die Aufgabe den Kompressionsprozess des Presskuchens zu unterst\u00fctzen und den Presskuchen geschmeidig zu machen. So gelangt der Presskuchen leichter wieder aus der \u00d6lpresse heraus. Die Presskopfheizung wird w\u00e4hrend des Pressvorgangs auf eine minimale Temperatur gestellt oder kann auch abgeschalten werden.<\/p>\n<h2><span style=\"font-size: 16px;\">What options do I have with this oil press?<\/span><\/h2>\n<p>We deliver the oil press with a press screw and you can choose between the following three screws:<\/p>\n<ol>\n<li>Auger with flat channel for hard oil seeds such as pomegranate, grape or fig seeds<\/li>\n<li>Screw in the standard version (we supply this with the oil press in 90% of the applications)<\/li>\n<li>Auger with deep channel for soft and very oily seeds or nuts, such as walnuts, hazelnuts, almonds or peanuts<\/li>\n<\/ol>\n<h2><span style=\"font-size: 16px;\">Ist die \u00d6lpresse FX20 geeignet f\u00fcr meine Bed\u00fcrfnisse in einer \u00d6lm\u00fchle?<\/span><strong><br \/>\n<\/strong><\/h2>\n<p>Mit der \u00d6lpresse FX20 k\u00f6nnen nahezu alle \u00d6lsaaten, N\u00fcsse und Kerne gepresst werden. Einige Einschr\u00e4nkungen gibt es hier mit Hagebuttenkerne und trockenen Kaktusfeigenkerne, die bei starker Trocknung exterm hart sind. Hierf\u00fcr haben wir eine st\u00e4rkere Motorisierung f\u00fcr die \u00d6lpresse mit 2.2 kW. Falls Sie auf der Suche nach einer \u00d6lpresse mit h\u00f6herem Durchsatz sind und Ihnen 20 kg pro Stunde nicht ausreichend sind, ist vielleicht unser Modell der <a href=\"https:\/\/oeltech.com\/en\/produkt\/oelpresse_fx40\/\">Cold Oil Press FX40<\/a> mit einer st\u00fcndlichen Verarbeitungsleistung von 40 kg\/h genau das Richtige f\u00fcr Sie.<\/p>\n<p>&nbsp;<\/p>\n<\/div>","protected":false},"excerpt":{"rendered":"<p>Motor power: 1.5 kW<\/p>\n<p>Power connection: 230 V \/ 50 Hz\nAlso available in other voltages upon request.<\/p>\n<p>Processing capacity: up to 20 kg \/ h<\/p>\n<p>Including nozzle set consisting of 9 nozzles and 2 nozzle attachments for setting the press cake diameter<\/p>\n<p>Specially hardened screw press for long-term use, which even meets the high demands of the pharmaceutical industry<\/p>\n<p>Parts in contact with the product made of specially processed stainless steel<\/p>\n<p>High energy efficiency through drive via spur gear<\/p>\n<p>Extremely smooth running thanks to the axial and radial bearing unit between the gear unit and the press units<\/p>\n<p>All machine parts can be cleaned quickly and optimally (e.g. in the dishwasher or with warm water and soapy water)<\/p>\n<p>&nbsp;<\/p>","protected":false},"featured_media":3127,"comment_status":"open","ping_status":"closed","template":"","meta":[],"product_cat":[232],"product_tag":[],"yoast_head":"<!-- This site is optimized with the Yoast SEO Premium plugin v21.9 (Yoast SEO v21.9.1) - https:\/\/yoast.com\/wordpress\/plugins\/seo\/ -->\n<title>Elektrische \u00d6lpresse f\u00fcr professionelle \u00d6lm\u00fchlen - 20 kg\/h<\/title>\n<meta name=\"description\" content=\"Elektrische \u00d6lpresse f\u00fcr professionelle \u00d6lm\u00fchlen und Landwirte, Leistung bis 20 kg\/h. Jetzt Ihre hochwertige \u00d6lpresse kaufen und selbst \u00d6le herstellen.\" \/>\n<meta name=\"robots\" content=\"index, follow, max-snippet:-1, max-image-preview:large, max-video-preview:-1\" \/>\n<link rel=\"canonical\" href=\"https:\/\/oeltech.com\/en\/product\/oil_press_fx20\/\" \/>\n<meta property=\"og:locale\" content=\"en_US\" \/>\n<meta property=\"og:type\" content=\"article\" \/>\n<meta property=\"og:title\" content=\"\u00d6lpresse FX20\" \/>\n<meta property=\"og:description\" content=\"Elektrische \u00d6lpresse f\u00fcr professionelle \u00d6lm\u00fchlen und Landwirte, Leistung bis 20 kg\/h. Jetzt Ihre hochwertige \u00d6lpresse kaufen und selbst \u00d6le herstellen.\" \/>\n<meta property=\"og:url\" content=\"https:\/\/oeltech.com\/en\/product\/oil_press_fx20\/\" \/>\n<meta property=\"og:site_name\" content=\"Oeltech Maschinenbau M\u00fcnchen\" \/>\n<meta property=\"article:modified_time\" content=\"2026-03-07T17:45:44+00:00\" \/>\n<meta property=\"og:image\" content=\"https:\/\/oeltech.com\/wp-content\/uploads\/2018\/08\/Elektrische-\u00d6lpresse-Oilpress-Oilexpeller-Oeltech-Maschinenbau-Germany.jpg\" \/>\n\t<meta property=\"og:image:width\" content=\"1138\" \/>\n\t<meta property=\"og:image:height\" content=\"655\" \/>\n\t<meta property=\"og:image:type\" content=\"image\/jpeg\" \/>\n<meta name=\"twitter:card\" content=\"summary_large_image\" \/>\n<meta name=\"twitter:label1\" content=\"Est. reading time\" \/>\n\t<meta name=\"twitter:data1\" content=\"5 minutes\" \/>\n<script type=\"application\/ld+json\" class=\"yoast-schema-graph\">{\"@context\":\"https:\/\/schema.org\",\"@graph\":[{\"@type\":\"WebPage\",\"@id\":\"https:\/\/oeltech.com\/product\/oelpresse_fx20\/\",\"url\":\"https:\/\/oeltech.com\/product\/oelpresse_fx20\/\",\"name\":\"Elektrische \u00d6lpresse f\u00fcr professionelle \u00d6lm\u00fchlen - 20 kg\/h\",\"isPartOf\":{\"@id\":\"https:\/\/oeltech.com\/#website\"},\"datePublished\":\"2018-08-22T09:49:49+00:00\",\"dateModified\":\"2026-03-07T17:45:44+00:00\",\"description\":\"Elektrische \u00d6lpresse f\u00fcr professionelle \u00d6lm\u00fchlen und Landwirte, Leistung bis 20 kg\/h. Jetzt Ihre hochwertige \u00d6lpresse kaufen und selbst \u00d6le herstellen.\",\"breadcrumb\":{\"@id\":\"https:\/\/oeltech.com\/product\/oelpresse_fx20\/#breadcrumb\"},\"inLanguage\":\"en-US\",\"potentialAction\":[{\"@type\":\"ReadAction\",\"target\":[\"https:\/\/oeltech.com\/product\/oelpresse_fx20\/\"]}]},{\"@type\":\"BreadcrumbList\",\"@id\":\"https:\/\/oeltech.com\/product\/oelpresse_fx20\/#breadcrumb\",\"itemListElement\":[{\"@type\":\"ListItem\",\"position\":1,\"name\":\"Startseite\",\"item\":\"https:\/\/oeltech.com\/\"},{\"@type\":\"ListItem\",\"position\":2,\"name\":\"Shop\",\"item\":\"https:\/\/oeltech.com\/shop\/\"},{\"@type\":\"ListItem\",\"position\":3,\"name\":\"\u00d6lpresse FX20\"}]},{\"@type\":\"WebSite\",\"@id\":\"https:\/\/oeltech.com\/#website\",\"url\":\"https:\/\/oeltech.com\/\",\"name\":\"Oeltech Maschinenbau M\u00fcnchen\",\"description\":\"\u00d6lpresse oder \u00d6lm\u00fchle online kaufen\",\"publisher\":{\"@id\":\"https:\/\/oeltech.com\/#organization\"},\"potentialAction\":[{\"@type\":\"SearchAction\",\"target\":{\"@type\":\"EntryPoint\",\"urlTemplate\":\"https:\/\/oeltech.com\/?s={search_term_string}\"},\"query-input\":\"required name=search_term_string\"}],\"inLanguage\":\"en-US\"},{\"@type\":\"Organization\",\"@id\":\"https:\/\/oeltech.com\/#organization\",\"name\":\"Oeltech Maschinenbau - Profi \u00d6lpresse kaufen \/\/ Maschinenbau aus M\u00fcnchen\",\"url\":\"https:\/\/oeltech.com\/\",\"logo\":{\"@type\":\"ImageObject\",\"inLanguage\":\"en-US\",\"@id\":\"https:\/\/oeltech.com\/#\/schema\/logo\/image\/\",\"url\":\"https:\/\/oeltech.com\/wp-content\/uploads\/2019\/05\/logo-oeltech-klein-1.png\",\"contentUrl\":\"https:\/\/oeltech.com\/wp-content\/uploads\/2019\/05\/logo-oeltech-klein-1.png\",\"width\":115,\"height\":39,\"caption\":\"Oeltech Maschinenbau - Profi \u00d6lpresse kaufen \/\/ Maschinenbau aus M\u00fcnchen\"},\"image\":{\"@id\":\"https:\/\/oeltech.com\/#\/schema\/logo\/image\/\"}}]}<\/script>\n<!-- \/ Yoast SEO Premium plugin. -->","yoast_head_json":{"title":"Elektrische \u00d6lpresse f\u00fcr professionelle \u00d6lm\u00fchlen - 20 kg\/h","description":"Elektrische \u00d6lpresse f\u00fcr professionelle \u00d6lm\u00fchlen und Landwirte, Leistung bis 20 kg\/h. Jetzt Ihre hochwertige \u00d6lpresse kaufen und selbst \u00d6le herstellen.","robots":{"index":"index","follow":"follow","max-snippet":"max-snippet:-1","max-image-preview":"max-image-preview:large","max-video-preview":"max-video-preview:-1"},"canonical":"https:\/\/oeltech.com\/en\/product\/oil_press_fx20\/","og_locale":"en_US","og_type":"article","og_title":"\u00d6lpresse FX20","og_description":"Elektrische \u00d6lpresse f\u00fcr professionelle \u00d6lm\u00fchlen und Landwirte, Leistung bis 20 kg\/h. Jetzt Ihre hochwertige \u00d6lpresse kaufen und selbst \u00d6le herstellen.","og_url":"https:\/\/oeltech.com\/en\/product\/oil_press_fx20\/","og_site_name":"Oeltech Maschinenbau M\u00fcnchen","article_modified_time":"2026-03-07T17:45:44+00:00","og_image":[{"width":1138,"height":655,"url":"https:\/\/oeltech.com\/wp-content\/uploads\/2018\/08\/Elektrische-\u00d6lpresse-Oilpress-Oilexpeller-Oeltech-Maschinenbau-Germany.jpg","type":"image\/jpeg"}],"twitter_card":"summary_large_image","twitter_misc":{"Est. reading time":"5 minutes"},"schema":{"@context":"https:\/\/schema.org","@graph":[{"@type":"WebPage","@id":"https:\/\/oeltech.com\/product\/oelpresse_fx20\/","url":"https:\/\/oeltech.com\/product\/oelpresse_fx20\/","name":"Elektrische \u00d6lpresse f\u00fcr professionelle \u00d6lm\u00fchlen - 20 kg\/h","isPartOf":{"@id":"https:\/\/oeltech.com\/#website"},"datePublished":"2018-08-22T09:49:49+00:00","dateModified":"2026-03-07T17:45:44+00:00","description":"Elektrische \u00d6lpresse f\u00fcr professionelle \u00d6lm\u00fchlen und Landwirte, Leistung bis 20 kg\/h. Jetzt Ihre hochwertige \u00d6lpresse kaufen und selbst \u00d6le herstellen.","breadcrumb":{"@id":"https:\/\/oeltech.com\/product\/oelpresse_fx20\/#breadcrumb"},"inLanguage":"en-US","potentialAction":[{"@type":"ReadAction","target":["https:\/\/oeltech.com\/product\/oelpresse_fx20\/"]}]},{"@type":"BreadcrumbList","@id":"https:\/\/oeltech.com\/product\/oelpresse_fx20\/#breadcrumb","itemListElement":[{"@type":"ListItem","position":1,"name":"Startseite","item":"https:\/\/oeltech.com\/"},{"@type":"ListItem","position":2,"name":"Shop","item":"https:\/\/oeltech.com\/shop\/"},{"@type":"ListItem","position":3,"name":"\u00d6lpresse FX20"}]},{"@type":"WebSite","@id":"https:\/\/oeltech.com\/#website","url":"https:\/\/oeltech.com\/","name":"Oeltech Maschinenbau M\u00fcnchen","description":"\u00d6lpresse oder \u00d6lm\u00fchle online kaufen","publisher":{"@id":"https:\/\/oeltech.com\/#organization"},"potentialAction":[{"@type":"SearchAction","target":{"@type":"EntryPoint","urlTemplate":"https:\/\/oeltech.com\/?s={search_term_string}"},"query-input":"required name=search_term_string"}],"inLanguage":"en-US"},{"@type":"Organization","@id":"https:\/\/oeltech.com\/#organization","name":"Oeltech Maschinenbau - Profi \u00d6lpresse kaufen \/\/ Maschinenbau aus M\u00fcnchen","url":"https:\/\/oeltech.com\/","logo":{"@type":"ImageObject","inLanguage":"en-US","@id":"https:\/\/oeltech.com\/#\/schema\/logo\/image\/","url":"https:\/\/oeltech.com\/wp-content\/uploads\/2019\/05\/logo-oeltech-klein-1.png","contentUrl":"https:\/\/oeltech.com\/wp-content\/uploads\/2019\/05\/logo-oeltech-klein-1.png","width":115,"height":39,"caption":"Oeltech Maschinenbau - Profi \u00d6lpresse kaufen \/\/ Maschinenbau aus M\u00fcnchen"},"image":{"@id":"https:\/\/oeltech.com\/#\/schema\/logo\/image\/"}}]}},"_links":{"self":[{"href":"https:\/\/oeltech.com\/en\/wp-json\/wp\/v2\/product\/41"}],"collection":[{"href":"https:\/\/oeltech.com\/en\/wp-json\/wp\/v2\/product"}],"about":[{"href":"https:\/\/oeltech.com\/en\/wp-json\/wp\/v2\/types\/product"}],"replies":[{"embeddable":true,"href":"https:\/\/oeltech.com\/en\/wp-json\/wp\/v2\/comments?post=41"}],"wp:featuredmedia":[{"embeddable":true,"href":"https:\/\/oeltech.com\/en\/wp-json\/wp\/v2\/media\/3127"}],"wp:attachment":[{"href":"https:\/\/oeltech.com\/en\/wp-json\/wp\/v2\/media?parent=41"}],"wp:term":[{"taxonomy":"product_cat","embeddable":true,"href":"https:\/\/oeltech.com\/en\/wp-json\/wp\/v2\/product_cat?post=41"},{"taxonomy":"product_tag","embeddable":true,"href":"https:\/\/oeltech.com\/en\/wp-json\/wp\/v2\/product_tag?post=41"}],"curies":[{"name":"wp","href":"https:\/\/api.w.org\/{rel}","templated":true}]}}