{"id":2978,"date":"2019-06-03T07:02:03","date_gmt":"2019-06-03T07:02:03","guid":{"rendered":"https:\/\/oeltech.com\/?post_type=product&#038;p=2978"},"modified":"2025-01-27T12:58:44","modified_gmt":"2025-01-27T12:58:44","slug":"oelpresse-fx15","status":"publish","type":"product","link":"https:\/\/oeltech.com\/en\/product\/oilpress-fx15\/","title":{"rendered":"Cold Oil Press FX15"},"content":{"rendered":"<div id=\"tab-description\" class=\"panel entry-content active\">\n<p>The electric cold oil press FX15 can process up to 15 kg\/h of soft raw oil seeds, such as canola seeds or sunflower seeds. This is suitable for professional use in a oil mill, farmers shop or organic market with the aim of producing high quality cold pressed vegetable oils and it has been designed for continuous operation.<\/p>\n<p><strong>What can be pressed?<\/strong><\/p>\n<p>Soft oil seeds like canola seeds and sunflower seeds.<\/p>\n<p><strong>What material is the oil press made of?<\/strong><\/p>\n<p>The press unit of this oil press is made of hardened stainless steel.<\/p>\n<p><strong>What distinguishes this oil press?<\/strong><\/p>\n<p>This cold oil press is compact and can be easily integrated into larger facilities. It should ideally work in series with other presses to process one type of oil, which makes it more efficient than single-press operations that are common among small producers who lack access to multiple machines. The energy efficient design makes this machine very cost effective, only consuming 10 watts per kg!<\/p>\n<p><strong>What are the advantages of the linear design of the oil press?<\/strong><\/p>\n<p>These oil presses are designed to conserve the bearings and engine, all without excessive noise or energy loss. Thanks to their large dimensioning of both axial and radial bearing units, they also achieve a very long service life with no wear issues.<\/p>\n<p><strong>Is this oil press suitable for pressing different oil seeds?<\/strong><\/p>\n<\/div>\n<p>No, just for single oil seeds as we are setting the gear parameters. This oil press does not come with a frequency inverter and speed can not be changes. We recommend the FX20 or FX40 oil press for pressing different oil seeds.<\/p>\n<div id=\"tab-description\" class=\"panel entry-content active\">\n<p><strong>Is this a good entry-level oil press?<br \/>\n<\/strong><\/p>\n<p>This oil press only lets you adjust the feed screw and gap. Adjustments like speed of the oil press or temperature are not available on this model. We recommend it for soft seeds when you have a chance to manually heat up, such as with a blow dryer.<\/p>\n<\/div>","protected":false},"excerpt":{"rendered":"<p>Motor power: 0.75 kW<\/p>\n<p>Power connection: 230 V \/ 50 Hz\nAlso available in other voltages upon request.<\/p>\n<p>Processing capacity: up to 15 kg \/ h<\/p>\n<p>Including nozzle set consisting of 9 nozzles and 2 nozzle attachments for setting the press cake diameter<\/p>\n<p>Specially hardened screw press for long-term use, which even meets the high demands of the pharmaceutical industry<\/p>\n<p>Parts in contact with the product made of specially processed stainless steel<\/p>\n<p>High energy efficiency through drive via spur gear<\/p>\n<p>Extremely smooth running thanks to the axial and radial bearing unit between the gear unit and the press units<\/p>\n<p>All machine parts can be cleaned quickly and optimally (e.g. in the dishwasher or with warm water and soapy water)<\/p>\n<p>&nbsp;<\/p>","protected":false},"featured_media":3137,"comment_status":"open","ping_status":"closed","template":"","meta":[],"product_cat":[232],"product_tag":[],"yoast_head":"<!-- This site is optimized with the Yoast SEO Premium plugin v21.9 (Yoast SEO v21.9.1) - https:\/\/yoast.com\/wordpress\/plugins\/seo\/ -->\n<title>\u00d6lpresse FX15 - Mobile und leistungsstarke \u00d6lm\u00fchle kaufen<\/title>\n<meta name=\"description\" content=\"Schneckenpresse zum pressen von kaltgepressten \u00d6l in h\u00f6chster Qualit\u00e4t. Dieses preiswerte \u00d6lm\u00fchle garantiert f\u00fcr beste \u00d6le und ist direkt startbereit.\" \/>\n<meta name=\"robots\" content=\"index, follow, max-snippet:-1, max-image-preview:large, max-video-preview:-1\" \/>\n<link rel=\"canonical\" href=\"https:\/\/oeltech.com\/en\/product\/oilpress-fx15\/\" \/>\n<meta property=\"og:locale\" content=\"en_US\" \/>\n<meta property=\"og:type\" content=\"article\" \/>\n<meta property=\"og:title\" content=\"\u00d6lpresse FX15\" \/>\n<meta property=\"og:description\" content=\"Schneckenpresse zum pressen von kaltgepressten \u00d6l in h\u00f6chster Qualit\u00e4t. Dieses preiswerte \u00d6lm\u00fchle garantiert f\u00fcr beste \u00d6le und ist direkt startbereit.\" \/>\n<meta property=\"og:url\" content=\"https:\/\/oeltech.com\/en\/product\/oilpress-fx15\/\" \/>\n<meta property=\"og:site_name\" content=\"Oeltech Maschinenbau M\u00fcnchen\" \/>\n<meta property=\"article:modified_time\" content=\"2025-01-27T12:58:44+00:00\" \/>\n<meta property=\"og:image\" content=\"https:\/\/oeltech.com\/wp-content\/uploads\/2019\/06\/\u00d6lpresse-\u00d6lm\u00fchle-kaufen-FX15.jpg\" \/>\n\t<meta property=\"og:image:width\" content=\"1138\" \/>\n\t<meta property=\"og:image:height\" content=\"655\" \/>\n\t<meta property=\"og:image:type\" content=\"image\/jpeg\" \/>\n<meta name=\"twitter:card\" content=\"summary_large_image\" \/>\n<meta name=\"twitter:label1\" content=\"Est. reading time\" \/>\n\t<meta name=\"twitter:data1\" content=\"1 minute\" \/>\n<script type=\"application\/ld+json\" class=\"yoast-schema-graph\">{\"@context\":\"https:\/\/schema.org\",\"@graph\":[{\"@type\":\"WebPage\",\"@id\":\"https:\/\/oeltech.com\/product\/oelpresse-fx15\/\",\"url\":\"https:\/\/oeltech.com\/product\/oelpresse-fx15\/\",\"name\":\"\u00d6lpresse FX15 - Mobile und leistungsstarke \u00d6lm\u00fchle kaufen\",\"isPartOf\":{\"@id\":\"https:\/\/oeltech.com\/#website\"},\"datePublished\":\"2019-06-03T07:02:03+00:00\",\"dateModified\":\"2025-01-27T12:58:44+00:00\",\"description\":\"Schneckenpresse zum pressen von kaltgepressten \u00d6l in h\u00f6chster Qualit\u00e4t. Dieses preiswerte \u00d6lm\u00fchle garantiert f\u00fcr beste \u00d6le und ist direkt startbereit.\",\"breadcrumb\":{\"@id\":\"https:\/\/oeltech.com\/product\/oelpresse-fx15\/#breadcrumb\"},\"inLanguage\":\"en-US\",\"potentialAction\":[{\"@type\":\"ReadAction\",\"target\":[\"https:\/\/oeltech.com\/product\/oelpresse-fx15\/\"]}]},{\"@type\":\"BreadcrumbList\",\"@id\":\"https:\/\/oeltech.com\/product\/oelpresse-fx15\/#breadcrumb\",\"itemListElement\":[{\"@type\":\"ListItem\",\"position\":1,\"name\":\"Startseite\",\"item\":\"https:\/\/oeltech.com\/\"},{\"@type\":\"ListItem\",\"position\":2,\"name\":\"Shop\",\"item\":\"https:\/\/oeltech.com\/shop\/\"},{\"@type\":\"ListItem\",\"position\":3,\"name\":\"\u00d6lpresse FX15\"}]},{\"@type\":\"WebSite\",\"@id\":\"https:\/\/oeltech.com\/#website\",\"url\":\"https:\/\/oeltech.com\/\",\"name\":\"Oeltech Maschinenbau M\u00fcnchen\",\"description\":\"\u00d6lpresse oder \u00d6lm\u00fchle online kaufen\",\"publisher\":{\"@id\":\"https:\/\/oeltech.com\/#organization\"},\"potentialAction\":[{\"@type\":\"SearchAction\",\"target\":{\"@type\":\"EntryPoint\",\"urlTemplate\":\"https:\/\/oeltech.com\/?s={search_term_string}\"},\"query-input\":\"required name=search_term_string\"}],\"inLanguage\":\"en-US\"},{\"@type\":\"Organization\",\"@id\":\"https:\/\/oeltech.com\/#organization\",\"name\":\"Oeltech Maschinenbau - Profi \u00d6lpresse kaufen \/\/ Maschinenbau aus M\u00fcnchen\",\"url\":\"https:\/\/oeltech.com\/\",\"logo\":{\"@type\":\"ImageObject\",\"inLanguage\":\"en-US\",\"@id\":\"https:\/\/oeltech.com\/#\/schema\/logo\/image\/\",\"url\":\"https:\/\/oeltech.com\/wp-content\/uploads\/2019\/05\/logo-oeltech-klein-1.png\",\"contentUrl\":\"https:\/\/oeltech.com\/wp-content\/uploads\/2019\/05\/logo-oeltech-klein-1.png\",\"width\":115,\"height\":39,\"caption\":\"Oeltech Maschinenbau - Profi \u00d6lpresse kaufen \/\/ Maschinenbau aus M\u00fcnchen\"},\"image\":{\"@id\":\"https:\/\/oeltech.com\/#\/schema\/logo\/image\/\"}}]}<\/script>\n<!-- \/ Yoast SEO Premium plugin. -->","yoast_head_json":{"title":"\u00d6lpresse FX15 - Mobile und leistungsstarke \u00d6lm\u00fchle kaufen","description":"Schneckenpresse zum pressen von kaltgepressten \u00d6l in h\u00f6chster Qualit\u00e4t. Dieses preiswerte \u00d6lm\u00fchle garantiert f\u00fcr beste \u00d6le und ist direkt startbereit.","robots":{"index":"index","follow":"follow","max-snippet":"max-snippet:-1","max-image-preview":"max-image-preview:large","max-video-preview":"max-video-preview:-1"},"canonical":"https:\/\/oeltech.com\/en\/product\/oilpress-fx15\/","og_locale":"en_US","og_type":"article","og_title":"\u00d6lpresse FX15","og_description":"Schneckenpresse zum pressen von kaltgepressten \u00d6l in h\u00f6chster Qualit\u00e4t. Dieses preiswerte \u00d6lm\u00fchle garantiert f\u00fcr beste \u00d6le und ist direkt startbereit.","og_url":"https:\/\/oeltech.com\/en\/product\/oilpress-fx15\/","og_site_name":"Oeltech Maschinenbau M\u00fcnchen","article_modified_time":"2025-01-27T12:58:44+00:00","og_image":[{"width":1138,"height":655,"url":"https:\/\/oeltech.com\/wp-content\/uploads\/2019\/06\/\u00d6lpresse-\u00d6lm\u00fchle-kaufen-FX15.jpg","type":"image\/jpeg"}],"twitter_card":"summary_large_image","twitter_misc":{"Est. reading time":"1 minute"},"schema":{"@context":"https:\/\/schema.org","@graph":[{"@type":"WebPage","@id":"https:\/\/oeltech.com\/product\/oelpresse-fx15\/","url":"https:\/\/oeltech.com\/product\/oelpresse-fx15\/","name":"\u00d6lpresse FX15 - Mobile und leistungsstarke \u00d6lm\u00fchle kaufen","isPartOf":{"@id":"https:\/\/oeltech.com\/#website"},"datePublished":"2019-06-03T07:02:03+00:00","dateModified":"2025-01-27T12:58:44+00:00","description":"Schneckenpresse zum pressen von kaltgepressten \u00d6l in h\u00f6chster Qualit\u00e4t. Dieses preiswerte \u00d6lm\u00fchle garantiert f\u00fcr beste \u00d6le und ist direkt startbereit.","breadcrumb":{"@id":"https:\/\/oeltech.com\/product\/oelpresse-fx15\/#breadcrumb"},"inLanguage":"en-US","potentialAction":[{"@type":"ReadAction","target":["https:\/\/oeltech.com\/product\/oelpresse-fx15\/"]}]},{"@type":"BreadcrumbList","@id":"https:\/\/oeltech.com\/product\/oelpresse-fx15\/#breadcrumb","itemListElement":[{"@type":"ListItem","position":1,"name":"Startseite","item":"https:\/\/oeltech.com\/"},{"@type":"ListItem","position":2,"name":"Shop","item":"https:\/\/oeltech.com\/shop\/"},{"@type":"ListItem","position":3,"name":"\u00d6lpresse FX15"}]},{"@type":"WebSite","@id":"https:\/\/oeltech.com\/#website","url":"https:\/\/oeltech.com\/","name":"Oeltech Maschinenbau M\u00fcnchen","description":"\u00d6lpresse oder \u00d6lm\u00fchle online kaufen","publisher":{"@id":"https:\/\/oeltech.com\/#organization"},"potentialAction":[{"@type":"SearchAction","target":{"@type":"EntryPoint","urlTemplate":"https:\/\/oeltech.com\/?s={search_term_string}"},"query-input":"required name=search_term_string"}],"inLanguage":"en-US"},{"@type":"Organization","@id":"https:\/\/oeltech.com\/#organization","name":"Oeltech Maschinenbau - Profi \u00d6lpresse kaufen \/\/ Maschinenbau aus M\u00fcnchen","url":"https:\/\/oeltech.com\/","logo":{"@type":"ImageObject","inLanguage":"en-US","@id":"https:\/\/oeltech.com\/#\/schema\/logo\/image\/","url":"https:\/\/oeltech.com\/wp-content\/uploads\/2019\/05\/logo-oeltech-klein-1.png","contentUrl":"https:\/\/oeltech.com\/wp-content\/uploads\/2019\/05\/logo-oeltech-klein-1.png","width":115,"height":39,"caption":"Oeltech Maschinenbau - Profi \u00d6lpresse kaufen \/\/ Maschinenbau aus M\u00fcnchen"},"image":{"@id":"https:\/\/oeltech.com\/#\/schema\/logo\/image\/"}}]}},"_links":{"self":[{"href":"https:\/\/oeltech.com\/en\/wp-json\/wp\/v2\/product\/2978"}],"collection":[{"href":"https:\/\/oeltech.com\/en\/wp-json\/wp\/v2\/product"}],"about":[{"href":"https:\/\/oeltech.com\/en\/wp-json\/wp\/v2\/types\/product"}],"replies":[{"embeddable":true,"href":"https:\/\/oeltech.com\/en\/wp-json\/wp\/v2\/comments?post=2978"}],"wp:featuredmedia":[{"embeddable":true,"href":"https:\/\/oeltech.com\/en\/wp-json\/wp\/v2\/media\/3137"}],"wp:attachment":[{"href":"https:\/\/oeltech.com\/en\/wp-json\/wp\/v2\/media?parent=2978"}],"wp:term":[{"taxonomy":"product_cat","embeddable":true,"href":"https:\/\/oeltech.com\/en\/wp-json\/wp\/v2\/product_cat?post=2978"},{"taxonomy":"product_tag","embeddable":true,"href":"https:\/\/oeltech.com\/en\/wp-json\/wp\/v2\/product_tag?post=2978"}],"curies":[{"name":"wp","href":"https:\/\/api.w.org\/{rel}","templated":true}]}}