{"id":4411,"date":"2024-02-09T08:15:39","date_gmt":"2024-02-09T08:15:39","guid":{"rendered":"https:\/\/oeltech.com\/60-mins-meeting\/"},"modified":"2024-02-09T08:15:39","modified_gmt":"2024-02-09T08:15:39","slug":"60-mins-meeting","status":"publish","type":"page","link":"https:\/\/oeltech.com\/en\/60-mins-meeting\/","title":{"rendered":"60 mins meeting"},"content":{"rendered":"<script type=\"text\/javascript\">\n\tvar wpcal_booking_service_id = \"1\";\n\tvar wpcal_post_id = \"4411\";\n\ttry{\n\t\tvar wpcal_load_trigger = new Event('wpcal_load_booking_widget');\n\n\t\tif (\/complete|interactive|loaded\/.test(document.readyState)) {\n\t\t\tsetTimeout(() => {\n\t\t\t\tdocument.dispatchEvent(wpcal_load_trigger);\n\t\t\t}, 10);\n\t\t} else {\n\t\t\tdocument.addEventListener(\"DOMContentLoaded\", () => {\n\t\t\t\tsetTimeout(() => {\n\t\t\t\t\tdocument.dispatchEvent(wpcal_load_trigger);\n\t\t\t\t}, 10);\n\t\t\t});\n\t\t}\n\t}\n\tcatch(err){}\n\t<\/script>\n\t<style>\n\t@keyframes rotation {\n\t\tfrom {\n\t\t  -webkit-transform: rotate(0deg);\n\t\t}\n\t\tto {\n\t\t  -webkit-transform: rotate(359deg);\n\t\t}\n\t}\n\t\n\t#wpcal_user_app.loading-indicator-initial {\n\t\tmin-height: 60px;\n\t\tdisplay: flex;\n\t\talign-items: center;\n\t\tjustify-content: center;\n\t}\n\t#wpcal_user_app.loading-indicator-initial::before {\n\t\tcontent: \"\";\n\t\tposition: absolute;\n\t\twidth: 20px;\n\t\theight: 20px;\n\t\tborder-radius: 50%;\n\t\tborder: 4px solid rgba(var(--accentClrRGB, 86, 123, 243), 1);\n\t\tborder-top-color: #fff;\n\t\tbackground-color: #fff;\n\t\tbox-shadow: 0 0 0px 3px #fff, 0 0 7px rgba(0, 0, 0, 0.9);\n\t\tz-index: 2;\n\t\t-webkit-animation: rotation 0.8s infinite linear;\n\t\tanimation: rotation 0.8s infinite linear;\n\t}\n\t#wpcal_user_app.loading-indicator-initial::after {\n\t\tcontent: \"\";\n\t\twidth: 90%;\n\t\tmax-width: 700px;\n\t\theight: 450px;\n\t\tbackground-color: #fff;\n\t\tborder-radius: 20px;\n\t\tbox-shadow: 0 0 30px 0px rgb(153 165 189 \/ 20%);\n\t\tborder: 1px solid #e9ecf2;\n\t}\n\t<\/style>\n\t<div id=\"wpcal_user_app\" class=\"loading-indicator-initial\"><\/div>","protected":false},"excerpt":{"rendered":"","protected":false},"author":1,"featured_media":0,"parent":0,"menu_order":0,"comment_status":"close","ping_status":"close","template":"","meta":{"footnotes":""},"yoast_head":"<!-- This site is optimized with the Yoast SEO Premium plugin v21.9 (Yoast SEO v21.9.1) - https:\/\/yoast.com\/wordpress\/plugins\/seo\/ -->\n<title>60 mins meeting - Oeltech Maschinenbau M\u00fcnchen<\/title>\n<meta name=\"robots\" content=\"index, follow, max-snippet:-1, max-image-preview:large, max-video-preview:-1\" \/>\n<link rel=\"canonical\" href=\"https:\/\/oeltech.com\/en\/60-mins-meeting\/\" \/>\n<meta property=\"og:locale\" content=\"en_US\" \/>\n<meta property=\"og:type\" content=\"article\" \/>\n<meta property=\"og:title\" content=\"60 mins meeting\" \/>\n<meta property=\"og:url\" content=\"https:\/\/oeltech.com\/en\/60-mins-meeting\/\" \/>\n<meta property=\"og:site_name\" content=\"Oeltech Maschinenbau M\u00fcnchen\" \/>\n<meta name=\"twitter:card\" content=\"summary_large_image\" \/>\n<script type=\"application\/ld+json\" class=\"yoast-schema-graph\">{\"@context\":\"https:\/\/schema.org\",\"@graph\":[{\"@type\":\"WebPage\",\"@id\":\"https:\/\/oeltech.com\/60-mins-meeting\/\",\"url\":\"https:\/\/oeltech.com\/60-mins-meeting\/\",\"name\":\"60 mins meeting - Oeltech Maschinenbau M\u00fcnchen\",\"isPartOf\":{\"@id\":\"https:\/\/oeltech.com\/#website\"},\"datePublished\":\"2024-02-09T08:15:39+00:00\",\"dateModified\":\"2024-02-09T08:15:39+00:00\",\"breadcrumb\":{\"@id\":\"https:\/\/oeltech.com\/60-mins-meeting\/#breadcrumb\"},\"inLanguage\":\"en-US\",\"potentialAction\":[{\"@type\":\"ReadAction\",\"target\":[\"https:\/\/oeltech.com\/60-mins-meeting\/\"]}]},{\"@type\":\"BreadcrumbList\",\"@id\":\"https:\/\/oeltech.com\/60-mins-meeting\/#breadcrumb\",\"itemListElement\":[{\"@type\":\"ListItem\",\"position\":1,\"name\":\"Startseite\",\"item\":\"https:\/\/oeltech.com\/\"},{\"@type\":\"ListItem\",\"position\":2,\"name\":\"60 mins meeting\"}]},{\"@type\":\"WebSite\",\"@id\":\"https:\/\/oeltech.com\/#website\",\"url\":\"https:\/\/oeltech.com\/\",\"name\":\"Oeltech Maschinenbau M\u00fcnchen\",\"description\":\"\u00d6lpresse oder \u00d6lm\u00fchle online kaufen\",\"publisher\":{\"@id\":\"https:\/\/oeltech.com\/#organization\"},\"potentialAction\":[{\"@type\":\"SearchAction\",\"target\":{\"@type\":\"EntryPoint\",\"urlTemplate\":\"https:\/\/oeltech.com\/?s={search_term_string}\"},\"query-input\":\"required name=search_term_string\"}],\"inLanguage\":\"en-US\"},{\"@type\":\"Organization\",\"@id\":\"https:\/\/oeltech.com\/#organization\",\"name\":\"Oeltech Maschinenbau - Profi \u00d6lpresse kaufen \/\/ Maschinenbau aus M\u00fcnchen\",\"url\":\"https:\/\/oeltech.com\/\",\"logo\":{\"@type\":\"ImageObject\",\"inLanguage\":\"en-US\",\"@id\":\"https:\/\/oeltech.com\/#\/schema\/logo\/image\/\",\"url\":\"https:\/\/oeltech.com\/wp-content\/uploads\/2019\/05\/logo-oeltech-klein-1.png\",\"contentUrl\":\"https:\/\/oeltech.com\/wp-content\/uploads\/2019\/05\/logo-oeltech-klein-1.png\",\"width\":115,\"height\":39,\"caption\":\"Oeltech Maschinenbau - Profi \u00d6lpresse kaufen \/\/ Maschinenbau aus M\u00fcnchen\"},\"image\":{\"@id\":\"https:\/\/oeltech.com\/#\/schema\/logo\/image\/\"}}]}<\/script>\n<!-- \/ Yoast SEO Premium plugin. -->","yoast_head_json":{"title":"60 mins meeting - Oeltech Maschinenbau M\u00fcnchen","robots":{"index":"index","follow":"follow","max-snippet":"max-snippet:-1","max-image-preview":"max-image-preview:large","max-video-preview":"max-video-preview:-1"},"canonical":"https:\/\/oeltech.com\/en\/60-mins-meeting\/","og_locale":"en_US","og_type":"article","og_title":"60 mins meeting","og_url":"https:\/\/oeltech.com\/en\/60-mins-meeting\/","og_site_name":"Oeltech Maschinenbau M\u00fcnchen","twitter_card":"summary_large_image","schema":{"@context":"https:\/\/schema.org","@graph":[{"@type":"WebPage","@id":"https:\/\/oeltech.com\/60-mins-meeting\/","url":"https:\/\/oeltech.com\/60-mins-meeting\/","name":"60 mins meeting - Oeltech Maschinenbau M\u00fcnchen","isPartOf":{"@id":"https:\/\/oeltech.com\/#website"},"datePublished":"2024-02-09T08:15:39+00:00","dateModified":"2024-02-09T08:15:39+00:00","breadcrumb":{"@id":"https:\/\/oeltech.com\/60-mins-meeting\/#breadcrumb"},"inLanguage":"en-US","potentialAction":[{"@type":"ReadAction","target":["https:\/\/oeltech.com\/60-mins-meeting\/"]}]},{"@type":"BreadcrumbList","@id":"https:\/\/oeltech.com\/60-mins-meeting\/#breadcrumb","itemListElement":[{"@type":"ListItem","position":1,"name":"Startseite","item":"https:\/\/oeltech.com\/"},{"@type":"ListItem","position":2,"name":"60 mins meeting"}]},{"@type":"WebSite","@id":"https:\/\/oeltech.com\/#website","url":"https:\/\/oeltech.com\/","name":"Oeltech Maschinenbau M\u00fcnchen","description":"\u00d6lpresse oder \u00d6lm\u00fchle online kaufen","publisher":{"@id":"https:\/\/oeltech.com\/#organization"},"potentialAction":[{"@type":"SearchAction","target":{"@type":"EntryPoint","urlTemplate":"https:\/\/oeltech.com\/?s={search_term_string}"},"query-input":"required name=search_term_string"}],"inLanguage":"en-US"},{"@type":"Organization","@id":"https:\/\/oeltech.com\/#organization","name":"Oeltech Maschinenbau - Profi \u00d6lpresse kaufen \/\/ Maschinenbau aus M\u00fcnchen","url":"https:\/\/oeltech.com\/","logo":{"@type":"ImageObject","inLanguage":"en-US","@id":"https:\/\/oeltech.com\/#\/schema\/logo\/image\/","url":"https:\/\/oeltech.com\/wp-content\/uploads\/2019\/05\/logo-oeltech-klein-1.png","contentUrl":"https:\/\/oeltech.com\/wp-content\/uploads\/2019\/05\/logo-oeltech-klein-1.png","width":115,"height":39,"caption":"Oeltech Maschinenbau - Profi \u00d6lpresse kaufen \/\/ Maschinenbau aus M\u00fcnchen"},"image":{"@id":"https:\/\/oeltech.com\/#\/schema\/logo\/image\/"}}]}},"_links":{"self":[{"href":"https:\/\/oeltech.com\/en\/wp-json\/wp\/v2\/pages\/4411"}],"collection":[{"href":"https:\/\/oeltech.com\/en\/wp-json\/wp\/v2\/pages"}],"about":[{"href":"https:\/\/oeltech.com\/en\/wp-json\/wp\/v2\/types\/page"}],"author":[{"embeddable":true,"href":"https:\/\/oeltech.com\/en\/wp-json\/wp\/v2\/users\/1"}],"replies":[{"embeddable":true,"href":"https:\/\/oeltech.com\/en\/wp-json\/wp\/v2\/comments?post=4411"}],"version-history":[{"count":0,"href":"https:\/\/oeltech.com\/en\/wp-json\/wp\/v2\/pages\/4411\/revisions"}],"wp:attachment":[{"href":"https:\/\/oeltech.com\/en\/wp-json\/wp\/v2\/media?parent=4411"}],"curies":[{"name":"wp","href":"https:\/\/api.w.org\/{rel}","templated":true}]}}