{"id":1136,"date":"2019-01-11T08:31:45","date_gmt":"2019-01-11T08:31:45","guid":{"rendered":"https:\/\/oeltech.com\/?page_id=1136"},"modified":"2019-09-27T19:11:38","modified_gmt":"2019-09-27T19:11:38","slug":"oelpresse","status":"publish","type":"page","link":"https:\/\/oeltech.com\/en\/oelpresse\/","title":{"rendered":"Cold Oil Press"},"content":{"rendered":"<section class=\"wpb-content-wrapper\"><div class=\"vc_row wpb_row vc_row-fluid\"><div class=\"wpb_column vc_column_container vc_col-sm-12\"><div class=\"vc_column-inner\"><div class=\"wpb_wrapper\">[table striped=&#8221;true&#8221; bordered=&#8221;true&#8221; head_style=&#8221;true&#8221;][table_head][table_row][table_heading_cell]Model[\/table_heading_cell][table_heading_cell]\u00d6lpresse FX15[\/table_heading_cell][table_heading_cell]\u00d6lpresse FX20[\/table_heading_cell][table_heading_cell]\u00d6lpresse FX40[\/table_heading_cell][table_heading_cell]\u00d6lpresse RP500[\/table_heading_cell][table_heading_cell]\u00d6lpresse RP1000[\/table_heading_cell][\/table_row][\/table_head][table_body][table_row][table_cell]Verarbeitungsleistung (kg\/h), (abh\u00e4ngig von Rohstoff)[\/table_cell][table_cell]15[\/table_cell][table_cell]20 [\/table_cell][table_cell]40[\/table_cell][table_cell]500[\/table_cell][table_cell]1000[\/table_cell][\/table_row][table_row][table_cell]Elektromotor (kW)[\/table_cell][table_cell]0,75[\/table_cell][table_cell]1,5[\/table_cell][table_cell]2,2[\/table_cell][table_cell]15 (Soja) \/ 22[\/table_cell][table_cell]22 (Soja) \/ 45,6[\/table_cell][\/table_row][table_row][table_cell]Presskopfheizung (W)[\/table_cell][table_cell]keine[\/table_cell][table_cell]600[\/table_cell][table_cell]800[\/table_cell][table_cell]keine[\/table_cell][table_cell]keine[\/table_cell][\/table_row][table_row][table_cell]Digitale Drehzahlsteuerung[\/table_cell][table_cell]nein[\/table_cell][table_cell]ja[\/table_cell][table_cell]ja[\/table_cell][table_cell]ja[\/table_cell][table_cell]ja[\/table_cell][\/table_row][table_row][table_cell]Digitale Temperatursteuerung[\/table_cell][table_cell]nein[\/table_cell][table_cell]ja[\/table_cell][table_cell]ja[\/table_cell][table_cell]nein[\/table_cell][table_cell]nein[\/table_cell][\/table_row][table_row][table_cell]Bauart[\/table_cell][table_cell]Zylinderloch-Schneckenpresse[\/table_cell][table_cell]Zylinderloch-Schneckenpresse[\/table_cell][table_cell]Zylinderloch-Schneckenpresse[\/table_cell][table_cell]Seiherstab-Schneckenpresse[\/table_cell][table_cell]Seiherstab-Schneckenpresse[\/table_cell][\/table_row][table_row][table_cell]L\u00e4nge[\/table_cell][table_cell]870 mm[\/table_cell][table_cell]870 mm[\/table_cell][table_cell]1040 mm[\/table_cell][table_cell]2430 mm[\/table_cell][table_cell]3970 mm[\/table_cell][\/table_row][table_row][table_cell]Breite[\/table_cell][table_cell]265 mm[\/table_cell][table_cell]560 mm[\/table_cell][table_cell]560 mm[\/table_cell][table_cell]760 mm[\/table_cell][table_cell]960 mm[\/table_cell][\/table_row][table_row][table_cell]H\u00f6he[\/table_cell][table_cell]408 mm[\/table_cell][table_cell]710 mm[\/table_cell][table_cell]840 mm[\/table_cell][table_cell]1800 mm[\/table_cell][table_cell]2200 mm[\/table_cell][\/table_row][table_row][table_cell]Gewicht[\/table_cell][table_cell]36 kg[\/table_cell][table_cell]66 kg[\/table_cell][table_cell]95 kg[\/table_cell][table_cell]1280 kg[\/table_cell][table_cell]6400 kg[\/table_cell][\/table_row][\/table_body][\/table]<\/div><\/div><\/div><\/div><div class=\"vc_row wpb_row vc_row-fluid\"><div class=\"wpb_column vc_column_container vc_col-sm-12\"><div class=\"vc_column-inner\"><div class=\"wpb_wrapper\">\n\t<div class=\"wpb_text_column wpb_content_element\" >\n\t\t<div class=\"wpb_wrapper\">\n\t\t\t<h1 style=\"text-align: center;\"><span style=\"font-size: 130%;\">\u00d6lpressen<br \/>\n<\/span><\/h1>\n<p style=\"text-align: center;\">Eine \u00d6lpresse ist eine Maschine zum Auspressen von \u00d6l aus Samen, Keimen oder Fr\u00fcchten von Pflanzen. Kalt gepresste Speise\u00f6le werden aus den verschiedensten Rohstoffen hergestellt und ausschliesslich durch mechanische Verfahren gewonnen. In einer \u00d6lpresse werden die Rohstoffe kontinuierlich unter Druck aus einer formgebenden \u00d6ffnung (D\u00fcse) herausgepresst. Aus einer \u00d6lpresse wird nicht nur hochqualitatives \u00d6l gewonnen, sondern ebenfalls ein wiederverwertbarer Presskuchen.<\/p>\n<h3 style=\"text-align: center;\"><span style=\"font-size: 115%;\">Zylinderloch-Schneckenpresse Modelle FX<\/span><\/h3>\n<p style=\"text-align: center;\">Bei kleinerern \u00d6lpressen wird eine Schneckenpresse mit kleinen Bohrungen im Presszylinder hergestellt, \u00fcber die das ausgepresste \u00d6l austritt. Die Schnecke f\u00f6rdert das zu pressende Produkt gegen eine variabel einsetzbare Pressd\u00fcse, die am Ende des Presszylinders angebracht wird. Durch diese M\u00fcndung werden die festen Bestandteile als Presskuchen in Form von Pellets herausgepresst. Zylinderloch-Schneckenpressen bieten wir mit den Modellen FX15, FX20 und FX40 an.<\/p>\n<h3 style=\"text-align: center;\"><span style=\"font-size: 115%;\">Seiherstab-Schneckenpresse Modelle RP<\/span><\/h3>\n<p style=\"text-align: center;\">Bei gr\u00f6sseren \u00d6lpressen wird eine Schneckenpresse mit parallel angeordneten St\u00e4ben hergestellt, die mit kleinen Spalten versehen sind und \u00fcber die das ausgepresste \u00d6l austritt. Um die Pressschnecke angeordnete St\u00e4be werden Seiherst\u00e4be genannt. Die Schnecke f\u00f6rdert das zu pressende Produkt durch die \u00d6lpresse und das \u00d6l tritt durch die Verquetschung zwischen den St\u00e4ben aus. Gegen Ende der \u00d6lpresse wird das Material immer trockener und wird in Form von kleinen Pl\u00e4ttchen ausgeworfen. Seiherstab-Schneckenpressen bieten wir mit den Modellen RP500 und RP1000 an.<\/p>\n<h3 style=\"text-align: center;\">Preise unserer \u00d6lpressen?<\/h3>\n<p style=\"text-align: center;\">F\u00fcr Gewerbetreibende sind unsere \u00d6lpressen bereits ab 2.400 Euro (Nettopreis) ab Lager erh\u00e4ltlich. Fragen Sie uns gerne nach speziellen Konditionen und aktuellen Preisen an.<\/p>\n<h3 style=\"text-align: center;\">Was zeichnet unsere \u00d6lpressen aus?<\/h3>\n<p style=\"text-align: center;\">Zur Herstellung bester kaltgepresster \u00d6le ist die Technologie und Geometrie des Presszylinders entscheidend. Der h\u00f6chste Druckaufbau findet erst gegen Ende des Zylinders statt und dadurch wird das Pressgut schonend und innerhalb k\u00fcrzester Zeit ent\u00f6lt. So bleiben wichtige und wertvolle Inhaltsstoffe im \u00d6l erhalten. Die Temperatur des herausgepressten \u00d6ls betr\u00e4gt dabei im Idealfall zwischen 36\u00b0C und 40\u00b0C und bewahrt durch diese niedrige Temperatur zus\u00e4tzlich die wertvollen Inhaltsstoffe. Durch die Entwicklung drei verschiedener Pressschnecken mit unterschiedlicher axialer Symmetrie ist es uns zudem gelungen, die Pressergebnisse noch einmal deutlich zu verbessern. Als Ingenieure im Maschinenbau und \u00d6l-Experten liegt es uns am Herzen Ihnen mit unserer Entwicklung die besten Maschinen zur Verf\u00fcgung zu stellen.<\/p>\n<h3 style=\"text-align: center;\">Zubeh\u00f6r?<\/h3>\n<p style=\"text-align: center;\">Wir planen und bieten Ihnen gerne Zubeh\u00f6r von \u00d6lbeh\u00e4ltern, Filtern, Abf\u00fcllger\u00e4tschaften und Silosysteme an. Ebenfalls vermitteln wir Ihnen gerne Kontakte zu Flaschen- und Etikettenherstellern, sowie zu Rohstoff-Lieferanten.<\/p>\n\n\t\t<\/div>\n\t<\/div>\n<\/div><\/div><\/div><\/div><div class=\"vc_row wpb_row vc_row-fluid\"><div class=\"wpb_column vc_column_container vc_col-sm-12\"><div class=\"vc_column-inner\"><div class=\"wpb_wrapper\">\n\t<div class=\"wpb_video_widget wpb_content_element vc_clearfix   vc_video-aspect-ratio-169 vc_video-el-width-100 vc_video-align-left\" >\n\t\t<div class=\"wpb_wrapper\">\n\t\t\t<h2 class=\"wpb_heading wpb_video_heading\">Cold Oil Press FX20<\/h2>\n\t\t\t<div class=\"wpb_video_wrapper\"><iframe title=\"So wird Lein\u00f6l in bester Rohkostqualit\u00e4t kalt gepresst\" width=\"800\" height=\"450\" src=\"https:\/\/www.youtube.com\/embed\/SR9W_j-mfmE?feature=oembed\" frameborder=\"0\" allow=\"accelerometer; autoplay; clipboard-write; encrypted-media; gyroscope; picture-in-picture; web-share\" allowfullscreen><\/iframe><\/div>\n\t\t<\/div>\n\t<\/div>\n\n\t<div class=\"wpb_video_widget wpb_content_element vc_clearfix   vc_video-aspect-ratio-169 vc_video-el-width-100 vc_video-align-left\" >\n\t\t<div class=\"wpb_wrapper\">\n\t\t\t<h2 class=\"wpb_heading wpb_video_heading\">Cold Oil Press FX40<\/h2>\n\t\t\t<div class=\"wpb_video_wrapper\"><iframe title=\"Raps\u00f6l pressen \ud83d\ude00 \u00d6lpresse Raps \ud83d\ude00 Raps\u00f6l Herstellung \ud83d\ude00\" width=\"800\" height=\"450\" src=\"https:\/\/www.youtube.com\/embed\/adyNsh64o54?feature=oembed\" frameborder=\"0\" allow=\"accelerometer; autoplay; clipboard-write; encrypted-media; gyroscope; picture-in-picture; web-share\" allowfullscreen><\/iframe><\/div>\n\t\t<\/div>\n\t<\/div>\n\n\t<div class=\"wpb_video_widget wpb_content_element vc_clearfix   vc_video-aspect-ratio-169 vc_video-el-width-100 vc_video-align-left\" >\n\t\t<div class=\"wpb_wrapper\">\n\t\t\t<h2 class=\"wpb_heading wpb_video_heading\">Cold Oil Press RP500<\/h2>\n\t\t\t<div class=\"wpb_video_wrapper\"><iframe title=\"Vorstellung der \u00d6lpresse mit einer Leistung von 500 kg\/h f\u00fcr kaltgepresste \u00d6lne\" width=\"800\" height=\"450\" src=\"https:\/\/www.youtube.com\/embed\/YJGUaAfwjmM?feature=oembed\" frameborder=\"0\" allow=\"accelerometer; autoplay; clipboard-write; encrypted-media; gyroscope; picture-in-picture; web-share\" allowfullscreen><\/iframe><\/div>\n\t\t<\/div>\n\t<\/div>\n\n\t<div class=\"wpb_video_widget wpb_content_element vc_clearfix   vc_video-aspect-ratio-169 vc_video-el-width-100 vc_video-align-left\" >\n\t\t<div class=\"wpb_wrapper\">\n\t\t\t<h2 class=\"wpb_heading wpb_video_heading\">Cold Oil Press RP1000<\/h2>\n\t\t\t<div class=\"wpb_video_wrapper\"><iframe title=\"Vorstellung einer \u00d6lpresse mit einer Leistung von 1000 kg\/h - Seiherstab-Schneckenpresse\" width=\"800\" height=\"450\" src=\"https:\/\/www.youtube.com\/embed\/fbfBBq9nipU?start=75&feature=oembed\" frameborder=\"0\" allow=\"accelerometer; autoplay; clipboard-write; encrypted-media; gyroscope; picture-in-picture; web-share\" allowfullscreen><\/iframe><\/div>\n\t\t<\/div>\n\t<\/div>\n<\/div><\/div><\/div><\/div>\n<\/section>","protected":false},"excerpt":{"rendered":"[table striped=\"true\" bordered=\"true\" head_style=\"true\"][table_head][table_row][table_heading_cell]Model[\/table_heading_cell][table_heading_cell]\u00d6lpresse FX15[\/table_heading_cell][table_heading_cell]\u00d6lpresse FX20[\/table_heading_cell][table_heading_cell]\u00d6lpresse FX40[\/table_heading_cell][table_heading_cell]\u00d6lpresse RP500[\/table_heading_cell][table_heading_cell]\u00d6lpresse RP1000[\/table_heading_cell][\/table_row][\/table_head][table_body][table_row][table_cell]Verarbeitungsleistung (kg\/h), (abh\u00e4ngig von Rohstoff)[\/table_cell][table_cell]15[\/table_cell][table_cell]20 [\/table_cell][table_cell]40[\/table_cell][table_cell]500[\/table_cell][table_cell]1000[\/table_cell][\/table_row][table_row][table_cell]Elektromotor (kW)[\/table_cell][table_cell]0,75[\/table_cell][table_cell]1,5[\/table_cell][table_cell]2,2[\/table_cell][table_cell]15 (Soja) \/ 22[\/table_cell][table_cell]22 (Soja) \/ 45,6[\/table_cell][\/table_row][table_row][table_cell]Presskopfheizung (W)[\/table_cell][table_cell]keine[\/table_cell][table_cell]600[\/table_cell][table_cell]800[\/table_cell][table_cell]keine[\/table_cell][table_cell]keine[\/table_cell][\/table_row][table_row][table_cell]Digitale Drehzahlsteuerung[\/table_cell][table_cell]nein[\/table_cell][table_cell]ja[\/table_cell][table_cell]ja[\/table_cell][table_cell]ja[\/table_cell][table_cell]ja[\/table_cell][\/table_row][table_row][table_cell]Digitale Temperatursteuerung[\/table_cell][table_cell]nein[\/table_cell][table_cell]ja[\/table_cell][table_cell]ja[\/table_cell][table_cell]nein[\/table_cell][table_cell]nein[\/table_cell][\/table_row][table_row][table_cell]Bauart[\/table_cell][table_cell]Zylinderloch-Schneckenpresse[\/table_cell][table_cell]Zylinderloch-Schneckenpresse[\/table_cell][table_cell]Zylinderloch-Schneckenpresse[\/table_cell][table_cell]Seiherstab-Schneckenpresse[\/table_cell][table_cell]Seiherstab-Schneckenpresse[\/table_cell][\/table_row][table_row][table_cell]L\u00e4nge[\/table_cell][table_cell]870 mm[\/table_cell][table_cell]870 mm[\/table_cell][table_cell]1040 mm[\/table_cell][table_cell]2430 mm[\/table_cell][table_cell]3970 mm[\/table_cell][\/table_row][table_row][table_cell]Breite[\/table_cell][table_cell]265 mm[\/table_cell][table_cell]560 mm[\/table_cell][table_cell]560 mm[\/table_cell][table_cell]760 mm[\/table_cell][table_cell]960 mm[\/table_cell][\/table_row][table_row][table_cell]H\u00f6he[\/table_cell][table_cell]408 mm[\/table_cell][table_cell]710 mm[\/table_cell][table_cell]840 mm[\/table_cell][table_cell]1800 mm[\/table_cell][table_cell]2200 mm[\/table_cell][\/table_row][table_row][table_cell]Gewicht[\/table_cell][table_cell]36 kg[\/table_cell][table_cell]66 kg[\/table_cell][table_cell]95 kg[\/table_cell][table_cell]1280 kg[\/table_cell][table_cell]6400 kg[\/table_cell][\/table_row][\/table_body][\/table] \u00d6lpressen Eine \u00d6lpresse ist eine Maschine zum Auspressen von \u00d6l aus [...]","protected":false},"author":1,"featured_media":1114,"parent":0,"menu_order":0,"comment_status":"closed","ping_status":"closed","template":"","meta":{"footnotes":""},"yoast_head":"<!-- This site is optimized with the Yoast SEO Premium plugin v21.9 (Yoast SEO v21.9.1) - https:\/\/yoast.com\/wordpress\/plugins\/seo\/ -->\n<title>\u00d6lpresse f\u00fcr Lebensmittel, Futtermittel, Fischfutter<\/title>\n<meta name=\"description\" content=\"Extruder f\u00fcr Lebensmittel, Futtermittel f\u00fcr Nutz- und Haustiere, Fischfutter, und die Herstellung von strukturiertes pflanzliches Eiweiss\" \/>\n<meta name=\"robots\" content=\"index, follow, max-snippet:-1, max-image-preview:large, max-video-preview:-1\" \/>\n<link rel=\"canonical\" href=\"https:\/\/oeltech.com\/en\/oelpresse\/\" \/>\n<meta property=\"og:locale\" content=\"en_US\" \/>\n<meta property=\"og:type\" content=\"article\" \/>\n<meta property=\"og:title\" content=\"\u00d6lpresse\" \/>\n<meta property=\"og:description\" content=\"Extruder f\u00fcr Lebensmittel, Futtermittel f\u00fcr Nutz- und Haustiere, Fischfutter, und die Herstellung von strukturiertes pflanzliches Eiweiss\" \/>\n<meta property=\"og:url\" content=\"https:\/\/oeltech.com\/en\/oelpresse\/\" \/>\n<meta property=\"og:site_name\" content=\"Oeltech Maschinenbau M\u00fcnchen\" \/>\n<meta property=\"article:modified_time\" content=\"2019-09-27T19:11:38+00:00\" \/>\n<meta property=\"og:image\" content=\"https:\/\/oeltech.com\/wp-content\/uploads\/2019\/01\/extruder-2.jpg\" \/>\n\t<meta property=\"og:image:width\" content=\"1000\" \/>\n\t<meta property=\"og:image:height\" content=\"802\" \/>\n\t<meta property=\"og:image:type\" content=\"image\/jpeg\" \/>\n<meta name=\"twitter:card\" content=\"summary_large_image\" \/>\n<meta name=\"twitter:label1\" content=\"Est. reading time\" \/>\n\t<meta name=\"twitter:data1\" content=\"5 minutes\" \/>\n<script type=\"application\/ld+json\" class=\"yoast-schema-graph\">{\"@context\":\"https:\/\/schema.org\",\"@graph\":[{\"@type\":\"WebPage\",\"@id\":\"https:\/\/oeltech.com\/oelpresse\/\",\"url\":\"https:\/\/oeltech.com\/oelpresse\/\",\"name\":\"\u00d6lpresse f\u00fcr Lebensmittel, Futtermittel, Fischfutter\",\"isPartOf\":{\"@id\":\"https:\/\/oeltech.com\/#website\"},\"datePublished\":\"2019-01-11T08:31:45+00:00\",\"dateModified\":\"2019-09-27T19:11:38+00:00\",\"description\":\"Extruder f\u00fcr Lebensmittel, Futtermittel f\u00fcr Nutz- und Haustiere, Fischfutter, und die Herstellung von strukturiertes pflanzliches Eiweiss\",\"breadcrumb\":{\"@id\":\"https:\/\/oeltech.com\/oelpresse\/#breadcrumb\"},\"inLanguage\":\"en-US\",\"potentialAction\":[{\"@type\":\"ReadAction\",\"target\":[\"https:\/\/oeltech.com\/oelpresse\/\"]}]},{\"@type\":\"BreadcrumbList\",\"@id\":\"https:\/\/oeltech.com\/oelpresse\/#breadcrumb\",\"itemListElement\":[{\"@type\":\"ListItem\",\"position\":1,\"name\":\"Startseite\",\"item\":\"https:\/\/oeltech.com\/\"},{\"@type\":\"ListItem\",\"position\":2,\"name\":\"\u00d6lpresse\"}]},{\"@type\":\"WebSite\",\"@id\":\"https:\/\/oeltech.com\/#website\",\"url\":\"https:\/\/oeltech.com\/\",\"name\":\"Oeltech Maschinenbau M\u00fcnchen\",\"description\":\"\u00d6lpresse oder \u00d6lm\u00fchle online kaufen\",\"publisher\":{\"@id\":\"https:\/\/oeltech.com\/#organization\"},\"potentialAction\":[{\"@type\":\"SearchAction\",\"target\":{\"@type\":\"EntryPoint\",\"urlTemplate\":\"https:\/\/oeltech.com\/?s={search_term_string}\"},\"query-input\":\"required name=search_term_string\"}],\"inLanguage\":\"en-US\"},{\"@type\":\"Organization\",\"@id\":\"https:\/\/oeltech.com\/#organization\",\"name\":\"Oeltech Maschinenbau - Profi \u00d6lpresse kaufen \/\/ Maschinenbau aus M\u00fcnchen\",\"url\":\"https:\/\/oeltech.com\/\",\"logo\":{\"@type\":\"ImageObject\",\"inLanguage\":\"en-US\",\"@id\":\"https:\/\/oeltech.com\/#\/schema\/logo\/image\/\",\"url\":\"https:\/\/oeltech.com\/wp-content\/uploads\/2019\/05\/logo-oeltech-klein-1.png\",\"contentUrl\":\"https:\/\/oeltech.com\/wp-content\/uploads\/2019\/05\/logo-oeltech-klein-1.png\",\"width\":115,\"height\":39,\"caption\":\"Oeltech Maschinenbau - Profi \u00d6lpresse kaufen \/\/ Maschinenbau aus M\u00fcnchen\"},\"image\":{\"@id\":\"https:\/\/oeltech.com\/#\/schema\/logo\/image\/\"}}]}<\/script>\n<!-- \/ Yoast SEO Premium plugin. -->","yoast_head_json":{"title":"\u00d6lpresse f\u00fcr Lebensmittel, Futtermittel, Fischfutter","description":"Extruder f\u00fcr Lebensmittel, Futtermittel f\u00fcr Nutz- und Haustiere, Fischfutter, und die Herstellung von strukturiertes pflanzliches Eiweiss","robots":{"index":"index","follow":"follow","max-snippet":"max-snippet:-1","max-image-preview":"max-image-preview:large","max-video-preview":"max-video-preview:-1"},"canonical":"https:\/\/oeltech.com\/en\/oelpresse\/","og_locale":"en_US","og_type":"article","og_title":"\u00d6lpresse","og_description":"Extruder f\u00fcr Lebensmittel, Futtermittel f\u00fcr Nutz- und Haustiere, Fischfutter, und die Herstellung von strukturiertes pflanzliches Eiweiss","og_url":"https:\/\/oeltech.com\/en\/oelpresse\/","og_site_name":"Oeltech Maschinenbau M\u00fcnchen","article_modified_time":"2019-09-27T19:11:38+00:00","og_image":[{"width":1000,"height":802,"url":"https:\/\/oeltech.com\/wp-content\/uploads\/2019\/01\/extruder-2.jpg","type":"image\/jpeg"}],"twitter_card":"summary_large_image","twitter_misc":{"Est. reading time":"5 minutes"},"schema":{"@context":"https:\/\/schema.org","@graph":[{"@type":"WebPage","@id":"https:\/\/oeltech.com\/oelpresse\/","url":"https:\/\/oeltech.com\/oelpresse\/","name":"\u00d6lpresse f\u00fcr Lebensmittel, Futtermittel, Fischfutter","isPartOf":{"@id":"https:\/\/oeltech.com\/#website"},"datePublished":"2019-01-11T08:31:45+00:00","dateModified":"2019-09-27T19:11:38+00:00","description":"Extruder f\u00fcr Lebensmittel, Futtermittel f\u00fcr Nutz- und Haustiere, Fischfutter, und die Herstellung von strukturiertes pflanzliches Eiweiss","breadcrumb":{"@id":"https:\/\/oeltech.com\/oelpresse\/#breadcrumb"},"inLanguage":"en-US","potentialAction":[{"@type":"ReadAction","target":["https:\/\/oeltech.com\/oelpresse\/"]}]},{"@type":"BreadcrumbList","@id":"https:\/\/oeltech.com\/oelpresse\/#breadcrumb","itemListElement":[{"@type":"ListItem","position":1,"name":"Startseite","item":"https:\/\/oeltech.com\/"},{"@type":"ListItem","position":2,"name":"\u00d6lpresse"}]},{"@type":"WebSite","@id":"https:\/\/oeltech.com\/#website","url":"https:\/\/oeltech.com\/","name":"Oeltech Maschinenbau M\u00fcnchen","description":"\u00d6lpresse oder \u00d6lm\u00fchle online kaufen","publisher":{"@id":"https:\/\/oeltech.com\/#organization"},"potentialAction":[{"@type":"SearchAction","target":{"@type":"EntryPoint","urlTemplate":"https:\/\/oeltech.com\/?s={search_term_string}"},"query-input":"required name=search_term_string"}],"inLanguage":"en-US"},{"@type":"Organization","@id":"https:\/\/oeltech.com\/#organization","name":"Oeltech Maschinenbau - Profi \u00d6lpresse kaufen \/\/ Maschinenbau aus M\u00fcnchen","url":"https:\/\/oeltech.com\/","logo":{"@type":"ImageObject","inLanguage":"en-US","@id":"https:\/\/oeltech.com\/#\/schema\/logo\/image\/","url":"https:\/\/oeltech.com\/wp-content\/uploads\/2019\/05\/logo-oeltech-klein-1.png","contentUrl":"https:\/\/oeltech.com\/wp-content\/uploads\/2019\/05\/logo-oeltech-klein-1.png","width":115,"height":39,"caption":"Oeltech Maschinenbau - Profi \u00d6lpresse kaufen \/\/ Maschinenbau aus M\u00fcnchen"},"image":{"@id":"https:\/\/oeltech.com\/#\/schema\/logo\/image\/"}}]}},"_links":{"self":[{"href":"https:\/\/oeltech.com\/en\/wp-json\/wp\/v2\/pages\/1136"}],"collection":[{"href":"https:\/\/oeltech.com\/en\/wp-json\/wp\/v2\/pages"}],"about":[{"href":"https:\/\/oeltech.com\/en\/wp-json\/wp\/v2\/types\/page"}],"author":[{"embeddable":true,"href":"https:\/\/oeltech.com\/en\/wp-json\/wp\/v2\/users\/1"}],"replies":[{"embeddable":true,"href":"https:\/\/oeltech.com\/en\/wp-json\/wp\/v2\/comments?post=1136"}],"version-history":[{"count":60,"href":"https:\/\/oeltech.com\/en\/wp-json\/wp\/v2\/pages\/1136\/revisions"}],"predecessor-version":[{"id":3210,"href":"https:\/\/oeltech.com\/en\/wp-json\/wp\/v2\/pages\/1136\/revisions\/3210"}],"wp:featuredmedia":[{"embeddable":true,"href":"https:\/\/oeltech.com\/en\/wp-json\/wp\/v2\/media\/1114"}],"wp:attachment":[{"href":"https:\/\/oeltech.com\/en\/wp-json\/wp\/v2\/media?parent=1136"}],"curies":[{"name":"wp","href":"https:\/\/api.w.org\/{rel}","templated":true}]}}